{"id":2021,"date":"2018-09-20T05:53:35","date_gmt":"2018-09-20T09:53:35","guid":{"rendered":"\/clg-belleetoile\/?page_id=2021"},"modified":"2018-09-20T05:53:35","modified_gmt":"2018-09-20T09:53:35","slug":"carnaval-la-508-option-developpement-durable-expose","status":"publish","type":"page","link":"https:\/\/site.ac-martinique.fr\/clg-belleetoile\/photos\/carnaval-la-508-option-developpement-durable-expose\/","title":{"rendered":"Carnaval : La 508 (option d\u00e9veloppement durable) expose&#8230;"},"content":{"rendered":"<p style=\"text-align: center;\"><a href=\"\/clg-belleetoile\/wp-content\/uploads\/sites\/49\/2018\/01\/Carnaval-La-508-expose.jpg\"><img loading=\"lazy\" decoding=\"async\" class=\"alignnone wp-image-1826 size-full\" src=\"\/clg-belleetoile\/wp-content\/uploads\/sites\/49\/2018\/01\/Carnaval-La-508-expose.jpg\" alt=\"\" width=\"1240\" height=\"1754\" srcset=\"https:\/\/site.ac-martinique.fr\/clg-belleetoile\/wp-content\/uploads\/sites\/49\/2018\/01\/Carnaval-La-508-expose.jpg 1240w, https:\/\/site.ac-martinique.fr\/clg-belleetoile\/wp-content\/uploads\/sites\/49\/2018\/01\/Carnaval-La-508-expose-212x300.jpg 212w, https:\/\/site.ac-martinique.fr\/clg-belleetoile\/wp-content\/uploads\/sites\/49\/2018\/01\/Carnaval-La-508-expose-768x1086.jpg 768w, https:\/\/site.ac-martinique.fr\/clg-belleetoile\/wp-content\/uploads\/sites\/49\/2018\/01\/Carnaval-La-508-expose-724x1024.jpg 724w\" sizes=\"auto, (max-width: 1240px) 100vw, 1240px\" \/><\/a>Ces masques ont \u00e9t\u00e9 r\u00e9alis\u00e9s avec des \u00e9l\u00e9ments de r\u00e9cup\u00e9ration (papier journal, feuilles de papier usag\u00e9es r\u00e9cup\u00e9r\u00e9es dans le coll\u00e8ge, bouchons&#8230;).<\/p>\n<p style=\"text-align: center;\">Cette exposition est \u00e0 la fois visible \u00e0 l&rsquo;administration et au CDI.<\/p>\n<p style=\"text-align: center;\">Bravo \u00e0 la 508 et \u00e0 Mesdames DEGRAS, MARIN, S\u00c9BASTIEN et VAUCELLE<\/p>\n","protected":false},"excerpt":{"rendered":"<p>Ces masques ont \u00e9t\u00e9 r\u00e9alis\u00e9s avec des \u00e9l\u00e9ments de r\u00e9cup\u00e9ration (papier journal, feuilles de papier usag\u00e9es r\u00e9cup\u00e9r\u00e9es dans le coll\u00e8ge, bouchons&#8230;). Cette exposition est \u00e0 la fois visible \u00e0 l&rsquo;administration et au CDI. Bravo \u00e0 la 508 et \u00e0 Mesdames &hellip; <a href=\"https:\/\/site.ac-martinique.fr\/clg-belleetoile\/photos\/carnaval-la-508-option-developpement-durable-expose\/\">Continuer la lecture <span class=\"meta-nav\">&rarr;<\/span><\/a><\/p>\n","protected":false},"author":118,"featured_media":0,"parent":462,"menu_order":7,"comment_status":"closed","ping_status":"closed","template":"","meta":{"footnotes":""},"class_list":["post-2021","page","type-page","status-publish","hentry"],"_links":{"self":[{"href":"https:\/\/site.ac-martinique.fr\/clg-belleetoile\/wp-json\/wp\/v2\/pages\/2021","targetHints":{"allow":["GET"]}}],"collection":[{"href":"https:\/\/site.ac-martinique.fr\/clg-belleetoile\/wp-json\/wp\/v2\/pages"}],"about":[{"href":"https:\/\/site.ac-martinique.fr\/clg-belleetoile\/wp-json\/wp\/v2\/types\/page"}],"author":[{"embeddable":true,"href":"https:\/\/site.ac-martinique.fr\/clg-belleetoile\/wp-json\/wp\/v2\/users\/118"}],"replies":[{"embeddable":true,"href":"https:\/\/site.ac-martinique.fr\/clg-belleetoile\/wp-json\/wp\/v2\/comments?post=2021"}],"version-history":[{"count":1,"href":"https:\/\/site.ac-martinique.fr\/clg-belleetoile\/wp-json\/wp\/v2\/pages\/2021\/revisions"}],"predecessor-version":[{"id":2022,"href":"https:\/\/site.ac-martinique.fr\/clg-belleetoile\/wp-json\/wp\/v2\/pages\/2021\/revisions\/2022"}],"up":[{"embeddable":true,"href":"https:\/\/site.ac-martinique.fr\/clg-belleetoile\/wp-json\/wp\/v2\/pages\/462"}],"wp:attachment":[{"href":"https:\/\/site.ac-martinique.fr\/clg-belleetoile\/wp-json\/wp\/v2\/media?parent=2021"}],"curies":[{"name":"wp","href":"https:\/\/api.w.org\/{rel}","templated":true}]}}