{"id":2199,"date":"2019-05-19T17:18:35","date_gmt":"2019-05-19T21:18:35","guid":{"rendered":"\/clg-belleetoile\/?page_id=2199"},"modified":"2019-05-19T17:18:35","modified_gmt":"2019-05-19T21:18:35","slug":"comment-se-connecter-a-colibri","status":"publish","type":"page","link":"https:\/\/site.ac-martinique.fr\/clg-belleetoile\/tice\/comment-se-connecter-a-colibri\/","title":{"rendered":"Comment se connecter \u00e0 Colibri"},"content":{"rendered":"<p><a href=\"\/clg-belleetoile\/wp-content\/uploads\/sites\/49\/2019\/05\/Fiche-B-Proc\u00e9dure-dactivation-coll\u00e8ges-et-lyc\u00e9es-V1.0.pdf\">Fiche B -Proc\u00e9dure d&rsquo;activation coll\u00e8ges et lyc\u00e9es &#8211; V1.0<\/a><\/p>\n","protected":false},"excerpt":{"rendered":"<p>Fiche B -Proc\u00e9dure d&rsquo;activation coll\u00e8ges et lyc\u00e9es &#8211; V1.0<\/p>\n","protected":false},"author":118,"featured_media":0,"parent":2007,"menu_order":0,"comment_status":"closed","ping_status":"closed","template":"","meta":{"footnotes":""},"class_list":["post-2199","page","type-page","status-publish","hentry"],"_links":{"self":[{"href":"https:\/\/site.ac-martinique.fr\/clg-belleetoile\/wp-json\/wp\/v2\/pages\/2199","targetHints":{"allow":["GET"]}}],"collection":[{"href":"https:\/\/site.ac-martinique.fr\/clg-belleetoile\/wp-json\/wp\/v2\/pages"}],"about":[{"href":"https:\/\/site.ac-martinique.fr\/clg-belleetoile\/wp-json\/wp\/v2\/types\/page"}],"author":[{"embeddable":true,"href":"https:\/\/site.ac-martinique.fr\/clg-belleetoile\/wp-json\/wp\/v2\/users\/118"}],"replies":[{"embeddable":true,"href":"https:\/\/site.ac-martinique.fr\/clg-belleetoile\/wp-json\/wp\/v2\/comments?post=2199"}],"version-history":[{"count":1,"href":"https:\/\/site.ac-martinique.fr\/clg-belleetoile\/wp-json\/wp\/v2\/pages\/2199\/revisions"}],"predecessor-version":[{"id":2201,"href":"https:\/\/site.ac-martinique.fr\/clg-belleetoile\/wp-json\/wp\/v2\/pages\/2199\/revisions\/2201"}],"up":[{"embeddable":true,"href":"https:\/\/site.ac-martinique.fr\/clg-belleetoile\/wp-json\/wp\/v2\/pages\/2007"}],"wp:attachment":[{"href":"https:\/\/site.ac-martinique.fr\/clg-belleetoile\/wp-json\/wp\/v2\/media?parent=2199"}],"curies":[{"name":"wp","href":"https:\/\/api.w.org\/{rel}","templated":true}]}}