{"id":2223,"date":"2019-06-06T14:03:45","date_gmt":"2019-06-06T18:03:45","guid":{"rendered":"\/clg-belleetoile\/?page_id=2223"},"modified":"2020-02-10T21:35:24","modified_gmt":"2020-02-11T01:35:24","slug":"ouverture-a-linternational","status":"publish","type":"page","link":"https:\/\/site.ac-martinique.fr\/clg-belleetoile\/ouverture-a-linternational\/","title":{"rendered":"Ouverture \u00e0 l&rsquo;international"},"content":{"rendered":"<h1><\/h1>\n<h1>Lien utile pour les projets Erasmus <strong>+<\/strong><\/h1>\n<h2><a href=\"http:\/\/erasmusplus.fr\/penelope\/index.php\">http:\/\/erasmusplus.fr\/penelope\/index.php<\/a><\/h2>\n<p>&nbsp;<\/p>\n<p>&nbsp;<\/p>\n<hr \/>\n<h2 style=\"text-align: center;\">La visio-conf\u00e9rence de Mme Monrabal au JT des Canaries<\/h2>\n<p><a href=\"https:\/\/youtu.be\/WUMHl2x4zJM?t=9\">https:\/\/youtu.be\/WUMHl2x4zJM?t=9<\/a><\/p>\n<p>&nbsp;<\/p>\n<h2 style=\"text-align: center;\">Un de nos \u00e9l\u00e8ves au JT des Canaries. (6&rsquo;44&rsquo;)<\/h2>\n<p><a href=\"\/clg-belleetoile\/wp-content\/uploads\/sites\/49\/2019\/06\/Screenshot_2019-06-06-13-34-16-1-1.png\"><img loading=\"lazy\" decoding=\"async\" class=\"alignnone wp-image-2238\" src=\"\/clg-belleetoile\/wp-content\/uploads\/sites\/49\/2019\/06\/Screenshot_2019-06-06-13-34-16-1-1-300x111.png\" alt=\"\" width=\"635\" height=\"235\" srcset=\"https:\/\/site.ac-martinique.fr\/clg-belleetoile\/wp-content\/uploads\/sites\/49\/2019\/06\/Screenshot_2019-06-06-13-34-16-1-1-300x111.png 300w, https:\/\/site.ac-martinique.fr\/clg-belleetoile\/wp-content\/uploads\/sites\/49\/2019\/06\/Screenshot_2019-06-06-13-34-16-1-1-768x285.png 768w, https:\/\/site.ac-martinique.fr\/clg-belleetoile\/wp-content\/uploads\/sites\/49\/2019\/06\/Screenshot_2019-06-06-13-34-16-1-1-1024x380.png 1024w, https:\/\/site.ac-martinique.fr\/clg-belleetoile\/wp-content\/uploads\/sites\/49\/2019\/06\/Screenshot_2019-06-06-13-34-16-1-1.png 1280w\" sizes=\"auto, (max-width: 635px) 100vw, 635px\" \/><\/a><\/p>\n<h2 style=\"text-align: center;\"><span style=\"color: #000000;\">Voyage \u00e0 la Dominique de Mme Mauriol<\/span><\/h2>\n<p><a href=\"\/clg-belleetoile\/wp-content\/uploads\/sites\/49\/2019\/06\/Capture-Kalinagos.png\"><img loading=\"lazy\" decoding=\"async\" class=\"alignnone wp-image-2245\" src=\"\/clg-belleetoile\/wp-content\/uploads\/sites\/49\/2019\/06\/Capture-Kalinagos-300x142.png\" alt=\"\" width=\"491\" height=\"232\" srcset=\"https:\/\/site.ac-martinique.fr\/clg-belleetoile\/wp-content\/uploads\/sites\/49\/2019\/06\/Capture-Kalinagos-300x142.png 300w, https:\/\/site.ac-martinique.fr\/clg-belleetoile\/wp-content\/uploads\/sites\/49\/2019\/06\/Capture-Kalinagos-768x363.png 768w, https:\/\/site.ac-martinique.fr\/clg-belleetoile\/wp-content\/uploads\/sites\/49\/2019\/06\/Capture-Kalinagos.png 791w\" sizes=\"auto, (max-width: 491px) 100vw, 491px\" \/><\/a><\/p>\n<h2 style=\"text-align: center;\">La travers\u00e9e du canal de la Dominique<\/h2>\n<div style=\"width: 640px;\" class=\"wp-video\"><video class=\"wp-video-shortcode\" id=\"video-2223-1\" width=\"640\" height=\"362\" preload=\"metadata\" controls=\"controls\"><source type=\"video\/mp4\" src=\"\/clg-belleetoile\/wp-content\/uploads\/sites\/49\/2019\/06\/Gommier.mp4?_=1\" \/><a href=\"\/clg-belleetoile\/wp-content\/uploads\/sites\/49\/2019\/06\/Gommier.mp4\">\/clg-belleetoile\/wp-content\/uploads\/sites\/49\/2019\/06\/Gommier.mp4<\/a><\/video><\/div>\n<h2 style=\"text-align: center;\">Danser avec les Kalinagos<\/h2>\n<div style=\"width: 640px;\" class=\"wp-video\"><video class=\"wp-video-shortcode\" id=\"video-2223-2\" width=\"640\" height=\"362\" preload=\"metadata\" controls=\"controls\"><source type=\"video\/mp4\" src=\"\/clg-belleetoile\/wp-content\/uploads\/sites\/49\/2019\/06\/Kalinago.mp4?_=2\" \/><a href=\"\/clg-belleetoile\/wp-content\/uploads\/sites\/49\/2019\/06\/Kalinago.mp4\">\/clg-belleetoile\/wp-content\/uploads\/sites\/49\/2019\/06\/Kalinago.mp4<\/a><\/video><\/div>\n","protected":false},"excerpt":{"rendered":"<p>Lien utile pour les projets Erasmus + http:\/\/erasmusplus.fr\/penelope\/index.php &nbsp; &nbsp; La visio-conf\u00e9rence de Mme Monrabal au JT des Canaries &nbsp; Un de nos \u00e9l\u00e8ves au JT des Canaries. (6&rsquo;44&rsquo;) Voyage \u00e0 la Dominique de Mme Mauriol La travers\u00e9e du canal &hellip; <a href=\"https:\/\/site.ac-martinique.fr\/clg-belleetoile\/ouverture-a-linternational\/\">Continuer la lecture <span class=\"meta-nav\">&rarr;<\/span><\/a><\/p>\n","protected":false},"author":118,"featured_media":0,"parent":0,"menu_order":4,"comment_status":"closed","ping_status":"closed","template":"","meta":{"footnotes":""},"class_list":["post-2223","page","type-page","status-publish","hentry"],"_links":{"self":[{"href":"https:\/\/site.ac-martinique.fr\/clg-belleetoile\/wp-json\/wp\/v2\/pages\/2223","targetHints":{"allow":["GET"]}}],"collection":[{"href":"https:\/\/site.ac-martinique.fr\/clg-belleetoile\/wp-json\/wp\/v2\/pages"}],"about":[{"href":"https:\/\/site.ac-martinique.fr\/clg-belleetoile\/wp-json\/wp\/v2\/types\/page"}],"author":[{"embeddable":true,"href":"https:\/\/site.ac-martinique.fr\/clg-belleetoile\/wp-json\/wp\/v2\/users\/118"}],"replies":[{"embeddable":true,"href":"https:\/\/site.ac-martinique.fr\/clg-belleetoile\/wp-json\/wp\/v2\/comments?post=2223"}],"version-history":[{"count":12,"href":"https:\/\/site.ac-martinique.fr\/clg-belleetoile\/wp-json\/wp\/v2\/pages\/2223\/revisions"}],"predecessor-version":[{"id":2606,"href":"https:\/\/site.ac-martinique.fr\/clg-belleetoile\/wp-json\/wp\/v2\/pages\/2223\/revisions\/2606"}],"wp:attachment":[{"href":"https:\/\/site.ac-martinique.fr\/clg-belleetoile\/wp-json\/wp\/v2\/media?parent=2223"}],"curies":[{"name":"wp","href":"https:\/\/api.w.org\/{rel}","templated":true}]}}