{"id":2251,"date":"2019-06-07T10:08:40","date_gmt":"2019-06-07T14:08:40","guid":{"rendered":"\/clg-belleetoile\/?page_id=2251"},"modified":"2019-06-07T10:08:40","modified_gmt":"2019-06-07T14:08:40","slug":"finale-du-defi-orthographe-2","status":"publish","type":"page","link":"https:\/\/site.ac-martinique.fr\/clg-belleetoile\/photos\/finale-du-defi-orthographe-2\/","title":{"rendered":"Finale du D\u00e9fi orthographe"},"content":{"rendered":"<p style=\"text-align: center;\">Le 15 mai 2019, nos jeunes Jos\u00e9phins du cycle 3 (CM1, CM2 et 6\u00e8me ) se sont retrouv\u00e9s<br \/>\nau r\u00e9fectoire du coll\u00e8ge pour la finale du d\u00e9fi orthographe. Nos finalistes qui avaient<br \/>\npass\u00e9 avec succ\u00e8s les \u00e9preuves \u00e9liminatoires \u00e9crites se sont affront\u00e9s en \u00e9quipes<br \/>\nmixtes. Q.C.M., mots tordus, anagrammes, r\u00e9bus, scrabble et \u00e9pellation ont permis de<br \/>\nd\u00e9partager les \u00e9l\u00e8ves et d\u2019\u00e9lire l\u2019\u00e9quipe gagnante.<\/p>\n<p style=\"text-align: center;\"><strong>F\u00e9licitations \u00e0 nos jeunes pour leur<\/strong><br \/>\n<strong>s\u00e9rieux et pour le plaisir \u00e9vident qu\u2019ils ont pris \u00e0 jouer avec les mots !<\/strong><\/p>\n<p style=\"text-align: center;\">Les professeurs des \u00e9coles et de fran\u00e7ais du coll\u00e8ge semblent avoir gagn\u00e9 leur pari :<br \/>\nr\u00e9concilier les \u00e9l\u00e8ves avec l\u2019orthographe fran\u00e7aise.<\/p>\n<p style=\"text-align: right;\">Mme BUREAU (professeur de fran\u00e7ais)<\/p>\n<p style=\"text-align: left;\"><a href=\"\/clg-belleetoile\/wp-content\/uploads\/sites\/49\/2019\/05\/IMG-20190515-WA0028.jpg\"><img loading=\"lazy\" decoding=\"async\" class=\"size-medium wp-image-2190 alignleft\" src=\"\/clg-belleetoile\/wp-content\/uploads\/sites\/49\/2019\/05\/IMG-20190515-WA0028-225x300.jpg\" alt=\"\" width=\"225\" height=\"300\" srcset=\"https:\/\/site.ac-martinique.fr\/clg-belleetoile\/wp-content\/uploads\/sites\/49\/2019\/05\/IMG-20190515-WA0028-225x300.jpg 225w, https:\/\/site.ac-martinique.fr\/clg-belleetoile\/wp-content\/uploads\/sites\/49\/2019\/05\/IMG-20190515-WA0028.jpg 768w\" sizes=\"auto, (max-width: 225px) 100vw, 225px\" \/><\/a><a href=\"\/clg-belleetoile\/wp-content\/uploads\/sites\/49\/2019\/05\/IMG-20190515-WA0011.jpg\"><img loading=\"lazy\" decoding=\"async\" class=\"size-medium wp-image-2191 alignnone\" src=\"\/clg-belleetoile\/wp-content\/uploads\/sites\/49\/2019\/05\/IMG-20190515-WA0011-300x169.jpg\" alt=\"\" width=\"300\" height=\"169\" srcset=\"https:\/\/site.ac-martinique.fr\/clg-belleetoile\/wp-content\/uploads\/sites\/49\/2019\/05\/IMG-20190515-WA0011-300x169.jpg 300w, https:\/\/site.ac-martinique.fr\/clg-belleetoile\/wp-content\/uploads\/sites\/49\/2019\/05\/IMG-20190515-WA0011-768x432.jpg 768w, https:\/\/site.ac-martinique.fr\/clg-belleetoile\/wp-content\/uploads\/sites\/49\/2019\/05\/IMG-20190515-WA0011-1024x576.jpg 1024w, https:\/\/site.ac-martinique.fr\/clg-belleetoile\/wp-content\/uploads\/sites\/49\/2019\/05\/IMG-20190515-WA0011.jpg 1280w\" sizes=\"auto, (max-width: 300px) 100vw, 300px\" \/><\/a><a href=\"\/clg-belleetoile\/wp-content\/uploads\/sites\/49\/2019\/05\/IMG-20190515-WA0014.jpg\"><img loading=\"lazy\" decoding=\"async\" class=\"size-medium wp-image-2189 alignnone\" src=\"\/clg-belleetoile\/wp-content\/uploads\/sites\/49\/2019\/05\/IMG-20190515-WA0014-300x169.jpg\" alt=\"\" width=\"300\" height=\"169\" srcset=\"https:\/\/site.ac-martinique.fr\/clg-belleetoile\/wp-content\/uploads\/sites\/49\/2019\/05\/IMG-20190515-WA0014-300x169.jpg 300w, https:\/\/site.ac-martinique.fr\/clg-belleetoile\/wp-content\/uploads\/sites\/49\/2019\/05\/IMG-20190515-WA0014-768x432.jpg 768w, https:\/\/site.ac-martinique.fr\/clg-belleetoile\/wp-content\/uploads\/sites\/49\/2019\/05\/IMG-20190515-WA0014-1024x576.jpg 1024w, https:\/\/site.ac-martinique.fr\/clg-belleetoile\/wp-content\/uploads\/sites\/49\/2019\/05\/IMG-20190515-WA0014.jpg 1280w\" sizes=\"auto, (max-width: 300px) 100vw, 300px\" \/><\/a><\/p>\n<p style=\"text-align: left;\">\n<p style=\"text-align: left;\">Reportages VIAATV<\/p>\n<p style=\"text-align: left;\"><a href=\"https:\/\/viaatv.tv\/orthographe-le-college-de-saint-joseph-a-lepreuve\/\">Orthographe : le coll\u00e8ge de Saint-Joseph \u00e0 l&rsquo;\u00e9preuve<\/a><\/p>\n<p style=\"text-align: left;\"><a href=\"https:\/\/viaatv.tv\/an-tje-peyi-a-03062019\/\">L&rsquo;orthographe, est-ce la b\u00eate noire des jeunes ?<\/a><\/p>\n","protected":false},"excerpt":{"rendered":"<p>Le 15 mai 2019, nos jeunes Jos\u00e9phins du cycle 3 (CM1, CM2 et 6\u00e8me ) se sont retrouv\u00e9s au r\u00e9fectoire du coll\u00e8ge pour la finale du d\u00e9fi orthographe. Nos finalistes qui avaient pass\u00e9 avec succ\u00e8s les \u00e9preuves \u00e9liminatoires \u00e9crites se &hellip; <a href=\"https:\/\/site.ac-martinique.fr\/clg-belleetoile\/photos\/finale-du-defi-orthographe-2\/\">Continuer la lecture <span class=\"meta-nav\">&rarr;<\/span><\/a><\/p>\n","protected":false},"author":118,"featured_media":0,"parent":462,"menu_order":0,"comment_status":"closed","ping_status":"closed","template":"","meta":{"footnotes":""},"class_list":["post-2251","page","type-page","status-publish","hentry"],"_links":{"self":[{"href":"https:\/\/site.ac-martinique.fr\/clg-belleetoile\/wp-json\/wp\/v2\/pages\/2251","targetHints":{"allow":["GET"]}}],"collection":[{"href":"https:\/\/site.ac-martinique.fr\/clg-belleetoile\/wp-json\/wp\/v2\/pages"}],"about":[{"href":"https:\/\/site.ac-martinique.fr\/clg-belleetoile\/wp-json\/wp\/v2\/types\/page"}],"author":[{"embeddable":true,"href":"https:\/\/site.ac-martinique.fr\/clg-belleetoile\/wp-json\/wp\/v2\/users\/118"}],"replies":[{"embeddable":true,"href":"https:\/\/site.ac-martinique.fr\/clg-belleetoile\/wp-json\/wp\/v2\/comments?post=2251"}],"version-history":[{"count":1,"href":"https:\/\/site.ac-martinique.fr\/clg-belleetoile\/wp-json\/wp\/v2\/pages\/2251\/revisions"}],"predecessor-version":[{"id":2252,"href":"https:\/\/site.ac-martinique.fr\/clg-belleetoile\/wp-json\/wp\/v2\/pages\/2251\/revisions\/2252"}],"up":[{"embeddable":true,"href":"https:\/\/site.ac-martinique.fr\/clg-belleetoile\/wp-json\/wp\/v2\/pages\/462"}],"wp:attachment":[{"href":"https:\/\/site.ac-martinique.fr\/clg-belleetoile\/wp-json\/wp\/v2\/media?parent=2251"}],"curies":[{"name":"wp","href":"https:\/\/api.w.org\/{rel}","templated":true}]}}