{"id":2369,"date":"2019-09-01T11:43:24","date_gmt":"2019-09-01T15:43:24","guid":{"rendered":"\/clg-belleetoile\/?page_id=2369"},"modified":"2019-09-01T11:53:11","modified_gmt":"2019-09-01T15:53:11","slug":"didacticiels-pronote","status":"publish","type":"page","link":"https:\/\/site.ac-martinique.fr\/clg-belleetoile\/personnels\/didacticiels-pronote\/","title":{"rendered":"Didacticiels Pronote"},"content":{"rendered":"<h1 style=\"text-align: center;\"><strong>Saisie des\u00a0<\/strong><span style=\"color: #000000;\"><b>comp\u00e9tences<\/b><\/span><\/h1>\n<h2 style=\"text-align: left;\">INDEX EDUCATION &#8211; Cr\u00e9er une \u00e9valuation :<\/h2>\n<div style=\"width: 640px;\" class=\"wp-video\"><video class=\"wp-video-shortcode\" id=\"video-2369-1\" width=\"640\" height=\"480\" preload=\"metadata\" controls=\"controls\"><source type=\"video\/mp4\" src=\"\/clg-belleetoile\/wp-content\/uploads\/sites\/49\/2019\/09\/Cr\u00e9er-une-\u00e9valuation_SD_WEB.mp4?_=1\" \/><a href=\"\/clg-belleetoile\/wp-content\/uploads\/sites\/49\/2019\/09\/Cr\u00e9er-une-\u00e9valuation_SD_WEB.mp4\">\/clg-belleetoile\/wp-content\/uploads\/sites\/49\/2019\/09\/Cr\u00e9er-une-\u00e9valuation_SD_WEB.mp4<\/a><\/video><\/div>\n<h2>INDEX EDUCATION &#8211; Remplacer les pastilles de couleur des comp\u00e9tences par des lettres<\/h2>\n<div style=\"width: 640px;\" class=\"wp-video\"><video class=\"wp-video-shortcode\" id=\"video-2369-2\" width=\"640\" height=\"480\" preload=\"metadata\" controls=\"controls\"><source type=\"video\/mp4\" src=\"\/clg-belleetoile\/wp-content\/uploads\/sites\/49\/2019\/09\/Remplacer-les-pastilles-de-couleur-des-comp\u00e9tences-par-des-lettres_SD_WEB.mp4?_=2\" \/><a href=\"\/clg-belleetoile\/wp-content\/uploads\/sites\/49\/2019\/09\/Remplacer-les-pastilles-de-couleur-des-comp\u00e9tences-par-des-lettres_SD_WEB.mp4\">\/clg-belleetoile\/wp-content\/uploads\/sites\/49\/2019\/09\/Remplacer-les-pastilles-de-couleur-des-comp\u00e9tences-par-des-lettres_SD_WEB.mp4<\/a><\/video><\/div>\n<p>&nbsp;<\/p>\n<h2>INDEX EDUCATION &#8211; Saisir les niveaux de comp\u00e9tences \u00e0 l&rsquo;aide des raccourcis<\/h2>\n<div style=\"width: 640px;\" class=\"wp-video\"><video class=\"wp-video-shortcode\" id=\"video-2369-3\" width=\"640\" height=\"480\" preload=\"metadata\" controls=\"controls\"><source type=\"video\/mp4\" src=\"\/clg-belleetoile\/wp-content\/uploads\/sites\/49\/2019\/09\/Saisir-les-niveaux-de-comp\u00e9tences-\u00e0-l\u2019aide-des-raccourcis_SD_WEB.mp4?_=3\" \/><a href=\"\/clg-belleetoile\/wp-content\/uploads\/sites\/49\/2019\/09\/Saisir-les-niveaux-de-comp\u00e9tences-\u00e0-l\u2019aide-des-raccourcis_SD_WEB.mp4\">\/clg-belleetoile\/wp-content\/uploads\/sites\/49\/2019\/09\/Saisir-les-niveaux-de-comp\u00e9tences-\u00e0-l\u2019aide-des-raccourcis_SD_WEB.mp4<\/a><\/video><\/div>\n<p>&nbsp;<\/p>\n<h2>INDEX EDUCATION &#8211; Saisir les niveaux de comp\u00e9tences en multis\u00e9lection<\/h2>\n<div style=\"width: 480px;\" class=\"wp-video\"><video class=\"wp-video-shortcode\" id=\"video-2369-4\" width=\"480\" height=\"360\" preload=\"metadata\" controls=\"controls\"><source type=\"video\/mp4\" src=\"\/clg-belleetoile\/wp-content\/uploads\/sites\/49\/2019\/09\/Saisir-les-niveaux-de-comp\u00e9tences-en-multis\u00e9lection_SD_WEB.mp4?_=4\" \/><a href=\"\/clg-belleetoile\/wp-content\/uploads\/sites\/49\/2019\/09\/Saisir-les-niveaux-de-comp\u00e9tences-en-multis\u00e9lection_SD_WEB.mp4\">\/clg-belleetoile\/wp-content\/uploads\/sites\/49\/2019\/09\/Saisir-les-niveaux-de-comp\u00e9tences-en-multis\u00e9lection_SD_WEB.mp4<\/a><\/video><\/div>\n<p><a href=\"\/clg-belleetoile\/wp-content\/uploads\/sites\/49\/2017\/03\/mise-a-jour-page.gif\">\u00a0<\/a><\/p>\n","protected":false},"excerpt":{"rendered":"<p>Saisie des\u00a0comp\u00e9tences INDEX EDUCATION &#8211; Cr\u00e9er une \u00e9valuation : INDEX EDUCATION &#8211; Remplacer les pastilles de couleur des comp\u00e9tences par des lettres &nbsp; INDEX EDUCATION &#8211; Saisir les niveaux de comp\u00e9tences \u00e0 l&rsquo;aide des raccourcis &nbsp; INDEX EDUCATION &#8211; Saisir &hellip; <a href=\"https:\/\/site.ac-martinique.fr\/clg-belleetoile\/personnels\/didacticiels-pronote\/\">Continuer la lecture <span class=\"meta-nav\">&rarr;<\/span><\/a><\/p>\n","protected":false},"author":118,"featured_media":0,"parent":2005,"menu_order":1,"comment_status":"closed","ping_status":"closed","template":"","meta":{"footnotes":""},"class_list":["post-2369","page","type-page","status-publish","hentry"],"_links":{"self":[{"href":"https:\/\/site.ac-martinique.fr\/clg-belleetoile\/wp-json\/wp\/v2\/pages\/2369","targetHints":{"allow":["GET"]}}],"collection":[{"href":"https:\/\/site.ac-martinique.fr\/clg-belleetoile\/wp-json\/wp\/v2\/pages"}],"about":[{"href":"https:\/\/site.ac-martinique.fr\/clg-belleetoile\/wp-json\/wp\/v2\/types\/page"}],"author":[{"embeddable":true,"href":"https:\/\/site.ac-martinique.fr\/clg-belleetoile\/wp-json\/wp\/v2\/users\/118"}],"replies":[{"embeddable":true,"href":"https:\/\/site.ac-martinique.fr\/clg-belleetoile\/wp-json\/wp\/v2\/comments?post=2369"}],"version-history":[{"count":5,"href":"https:\/\/site.ac-martinique.fr\/clg-belleetoile\/wp-json\/wp\/v2\/pages\/2369\/revisions"}],"predecessor-version":[{"id":2379,"href":"https:\/\/site.ac-martinique.fr\/clg-belleetoile\/wp-json\/wp\/v2\/pages\/2369\/revisions\/2379"}],"up":[{"embeddable":true,"href":"https:\/\/site.ac-martinique.fr\/clg-belleetoile\/wp-json\/wp\/v2\/pages\/2005"}],"wp:attachment":[{"href":"https:\/\/site.ac-martinique.fr\/clg-belleetoile\/wp-json\/wp\/v2\/media?parent=2369"}],"curies":[{"name":"wp","href":"https:\/\/api.w.org\/{rel}","templated":true}]}}