{"id":246,"date":"2014-08-10T13:43:10","date_gmt":"2014-08-10T17:43:10","guid":{"rendered":"\/clg-belleetoile\/?page_id=246"},"modified":"2016-06-17T07:46:43","modified_gmt":"2016-06-17T11:46:43","slug":"mathematiques-2","status":"publish","type":"page","link":"https:\/\/site.ac-martinique.fr\/clg-belleetoile\/pedagogie\/mathematiques-2\/","title":{"rendered":"Math\u00e9matiques"},"content":{"rendered":"<p><a href=\"\/clg-belleetoile\/?page_id=303\">R\u00e9visions vacances 6\u00e8me vers 5\u00e8me<\/a><\/p>\n<p><a href=\"\/clg-belleetoile\/?page_id=305\">R\u00e9vision vacances 5\u00e8me vers 4\u00e8me<\/a><\/p>\n<p><a href=\"\/clg-belleetoile\/?page_id=307\">R\u00e9visions vacances 4\u00e8me vers 3\u00e8me<\/a><\/p>\n<p style=\"text-align: left;\"><a href=\"\/clg-belleetoile\/?page_id=1064\">Devoirs de Vacances 2016<\/a><\/p>\n","protected":false},"excerpt":{"rendered":"<p>R\u00e9visions vacances 6\u00e8me vers 5\u00e8me R\u00e9vision vacances 5\u00e8me vers 4\u00e8me R\u00e9visions vacances 4\u00e8me vers 3\u00e8me Devoirs de Vacances 2016<\/p>\n","protected":false},"author":118,"featured_media":0,"parent":135,"menu_order":0,"comment_status":"closed","ping_status":"open","template":"","meta":{"footnotes":""},"class_list":["post-246","page","type-page","status-publish","hentry"],"_links":{"self":[{"href":"https:\/\/site.ac-martinique.fr\/clg-belleetoile\/wp-json\/wp\/v2\/pages\/246","targetHints":{"allow":["GET"]}}],"collection":[{"href":"https:\/\/site.ac-martinique.fr\/clg-belleetoile\/wp-json\/wp\/v2\/pages"}],"about":[{"href":"https:\/\/site.ac-martinique.fr\/clg-belleetoile\/wp-json\/wp\/v2\/types\/page"}],"author":[{"embeddable":true,"href":"https:\/\/site.ac-martinique.fr\/clg-belleetoile\/wp-json\/wp\/v2\/users\/118"}],"replies":[{"embeddable":true,"href":"https:\/\/site.ac-martinique.fr\/clg-belleetoile\/wp-json\/wp\/v2\/comments?post=246"}],"version-history":[{"count":5,"href":"https:\/\/site.ac-martinique.fr\/clg-belleetoile\/wp-json\/wp\/v2\/pages\/246\/revisions"}],"predecessor-version":[{"id":1070,"href":"https:\/\/site.ac-martinique.fr\/clg-belleetoile\/wp-json\/wp\/v2\/pages\/246\/revisions\/1070"}],"up":[{"embeddable":true,"href":"https:\/\/site.ac-martinique.fr\/clg-belleetoile\/wp-json\/wp\/v2\/pages\/135"}],"wp:attachment":[{"href":"https:\/\/site.ac-martinique.fr\/clg-belleetoile\/wp-json\/wp\/v2\/media?parent=246"}],"curies":[{"name":"wp","href":"https:\/\/api.w.org\/{rel}","templated":true}]}}