{"id":2537,"date":"2019-11-14T20:07:38","date_gmt":"2019-11-15T00:07:38","guid":{"rendered":"\/clg-belleetoile\/?page_id=2537"},"modified":"2019-11-14T21:19:50","modified_gmt":"2019-11-15T01:19:50","slug":"parents-2","status":"publish","type":"page","link":"https:\/\/site.ac-martinique.fr\/clg-belleetoile\/parents-2\/","title":{"rendered":"Parents +"},"content":{"rendered":"<p>La premi\u00e8re rencontre de l\u2019ann\u00e9e scolaire du R\u00e9seau d\u2019\u00c9coute, d\u2019Appui et d\u2019Accompagnement des Parents (REAAP) a eu lieu au coll\u00e8ge, le jeudi 17 octobre 2019. Mme BELLANGER Art th\u00e9rapeute a abord\u00e9 le th\u00e8me des \u00ab\u00a0Peurs de parents, les croyances limitantes\u00a0\u00bb.<\/p>\n<p>Les croyances limitantes englobent un ensemble de connaissance, de pens\u00e9es ou mode de vie inculqu\u00e9 dans la plus tendre enfance\u00a0: nos convictions par rapport \u00e0 la vie.<\/p>\n<p>A ces convictions transmises par nos ain\u00e9s, nos \u00e9ducateurs, s\u2019ajoutent nos croyances acquises par nos propres exp\u00e9riences. C\u2019est une croyance personnelle qui nous sert de rep\u00e8re dans notre vie quotidienne. Elle d\u00e9terminer ce que notre attitude face \u00e0 nos enfants. Certaines de ces croyances peuvent constituer une barri\u00e8re psychologique qui peut entraver notre relation avec nos enfants.<\/p>\n<p>Nous avons donc r\u00e9fl\u00e9chi \u00e0 nos peurs de parents, et comment les d\u00e9passer. Prenons comme exemple, la peur de la mort. Va -t-on laisser cette peur dicter l\u2019\u00e9ducation de nos enfants\u00a0?\u00a0 Ne pourront-ils pas faire un sport r\u00e9put\u00e9 risqu\u00e9\u00a0? Quelles astuces peut-on mettre en place pour d\u00e9passer cette peur limitante\u00a0? Un parent peut-il parler de sa peur\u00a0avec son enfant sans lui communiquer sa peur ?<\/p>\n<p>Une des pistes donn\u00e9es est de passer par la communication bienveillante. Elle passe par quatre points\u00a0:<\/p>\n<ul>\n<li>Observer sans \u00e9valuer (permettre aux enfants de d\u00e9compresser)<\/li>\n<li>Donner son sentiment en commen\u00e7ant sa phrase par \u00ab\u00a0Je\u00a0\u2026\u00bb<\/li>\n<li>Exprimer son besoin sans parler d\u2019action<\/li>\n<li>Demander sans exiger.<\/li>\n<\/ul>\n<p>Le prochain atelier se tiendra le 15 Novembre \u00e0 18h et abordera le th\u00e8me de \u00ab Parents, grands-parents, \u00e9cole, institutions, comment agir ensemble pour le bien de l&rsquo;enfant? \u00bb. Nous esp\u00e9rons que vous serez nombreux.<img loading=\"lazy\" decoding=\"async\" class=\"aligncenter\" src=\"blob:http:\/\/site.ac-martinique.fr\/fc4e430f-4824-4baf-945a-87a219222994\" width=\"477\" height=\"676\" \/><\/p>\n","protected":false},"excerpt":{"rendered":"<p>La premi\u00e8re rencontre de l\u2019ann\u00e9e scolaire du R\u00e9seau d\u2019\u00c9coute, d\u2019Appui et d\u2019Accompagnement des Parents (REAAP) a eu lieu au coll\u00e8ge, le jeudi 17 octobre 2019. Mme BELLANGER Art th\u00e9rapeute a abord\u00e9 le th\u00e8me des \u00ab\u00a0Peurs de parents, les croyances limitantes\u00a0\u00bb. &hellip; <a href=\"https:\/\/site.ac-martinique.fr\/clg-belleetoile\/parents-2\/\">Continuer la lecture <span class=\"meta-nav\">&rarr;<\/span><\/a><\/p>\n","protected":false},"author":118,"featured_media":0,"parent":0,"menu_order":5,"comment_status":"closed","ping_status":"closed","template":"","meta":{"footnotes":""},"class_list":["post-2537","page","type-page","status-publish","hentry"],"_links":{"self":[{"href":"https:\/\/site.ac-martinique.fr\/clg-belleetoile\/wp-json\/wp\/v2\/pages\/2537","targetHints":{"allow":["GET"]}}],"collection":[{"href":"https:\/\/site.ac-martinique.fr\/clg-belleetoile\/wp-json\/wp\/v2\/pages"}],"about":[{"href":"https:\/\/site.ac-martinique.fr\/clg-belleetoile\/wp-json\/wp\/v2\/types\/page"}],"author":[{"embeddable":true,"href":"https:\/\/site.ac-martinique.fr\/clg-belleetoile\/wp-json\/wp\/v2\/users\/118"}],"replies":[{"embeddable":true,"href":"https:\/\/site.ac-martinique.fr\/clg-belleetoile\/wp-json\/wp\/v2\/comments?post=2537"}],"version-history":[{"count":7,"href":"https:\/\/site.ac-martinique.fr\/clg-belleetoile\/wp-json\/wp\/v2\/pages\/2537\/revisions"}],"predecessor-version":[{"id":2546,"href":"https:\/\/site.ac-martinique.fr\/clg-belleetoile\/wp-json\/wp\/v2\/pages\/2537\/revisions\/2546"}],"wp:attachment":[{"href":"https:\/\/site.ac-martinique.fr\/clg-belleetoile\/wp-json\/wp\/v2\/media?parent=2537"}],"curies":[{"name":"wp","href":"https:\/\/api.w.org\/{rel}","templated":true}]}}