{"id":254,"date":"2014-08-10T13:46:55","date_gmt":"2014-08-10T17:46:55","guid":{"rendered":"\/clg-belleetoile\/?page_id=254"},"modified":"2022-05-10T18:23:24","modified_gmt":"2022-05-10T22:23:24","slug":"anglais-2","status":"publish","type":"page","link":"https:\/\/site.ac-martinique.fr\/clg-belleetoile\/pedagogie\/anglais-2\/","title":{"rendered":"Anglais"},"content":{"rendered":"<h2>Fiche de r\u00e9vision \u00e0 faire pendant les vacances pour pr\u00e9parer l&rsquo;entr\u00e9e au lyc\u00e9e.<\/h2>\n<h1 style=\"text-align: center;\">cliquez ici:\u00a0<a href=\"\/clg-belleetoile\/wp-content\/uploads\/sites\/49\/2019\/06\/Anglais-pour-le-lyc\u00e9e.docx\">Anglais pour le lyc\u00e9e<\/a><\/h1>\n<hr \/>\n<h2><\/h2>\n<h2><\/h2>\n<h2><\/h2>\n<h2>Blog d&rsquo;anglais. Rendez-vous \u00e0 l&rsquo;adresse suivante pour lire et poster\u00a0des articles en anglais.<\/h2>\n<h2 style=\"text-align: center;\"><a href=\"https:\/\/lewebpedagogique.com\/edulia\/\" target=\"_blank\" rel=\"noopener\">My English Blog<\/a><\/h2>\n","protected":false},"excerpt":{"rendered":"<p>Fiche de r\u00e9vision \u00e0 faire pendant les vacances pour pr\u00e9parer l&rsquo;entr\u00e9e au lyc\u00e9e. cliquez ici:\u00a0Anglais pour le lyc\u00e9e Blog d&rsquo;anglais. Rendez-vous \u00e0 l&rsquo;adresse suivante pour lire et poster\u00a0des articles en anglais. My English Blog<\/p>\n","protected":false},"author":118,"featured_media":0,"parent":135,"menu_order":0,"comment_status":"closed","ping_status":"open","template":"","meta":{"footnotes":""},"class_list":["post-254","page","type-page","status-publish","hentry"],"_links":{"self":[{"href":"https:\/\/site.ac-martinique.fr\/clg-belleetoile\/wp-json\/wp\/v2\/pages\/254","targetHints":{"allow":["GET"]}}],"collection":[{"href":"https:\/\/site.ac-martinique.fr\/clg-belleetoile\/wp-json\/wp\/v2\/pages"}],"about":[{"href":"https:\/\/site.ac-martinique.fr\/clg-belleetoile\/wp-json\/wp\/v2\/types\/page"}],"author":[{"embeddable":true,"href":"https:\/\/site.ac-martinique.fr\/clg-belleetoile\/wp-json\/wp\/v2\/users\/118"}],"replies":[{"embeddable":true,"href":"https:\/\/site.ac-martinique.fr\/clg-belleetoile\/wp-json\/wp\/v2\/comments?post=254"}],"version-history":[{"count":12,"href":"https:\/\/site.ac-martinique.fr\/clg-belleetoile\/wp-json\/wp\/v2\/pages\/254\/revisions"}],"predecessor-version":[{"id":4031,"href":"https:\/\/site.ac-martinique.fr\/clg-belleetoile\/wp-json\/wp\/v2\/pages\/254\/revisions\/4031"}],"up":[{"embeddable":true,"href":"https:\/\/site.ac-martinique.fr\/clg-belleetoile\/wp-json\/wp\/v2\/pages\/135"}],"wp:attachment":[{"href":"https:\/\/site.ac-martinique.fr\/clg-belleetoile\/wp-json\/wp\/v2\/media?parent=254"}],"curies":[{"name":"wp","href":"https:\/\/api.w.org\/{rel}","templated":true}]}}