{"id":262,"date":"2014-08-10T13:51:42","date_gmt":"2014-08-10T17:51:42","guid":{"rendered":"\/clg-belleetoile\/?page_id=262"},"modified":"2014-08-11T11:58:24","modified_gmt":"2014-08-11T15:58:24","slug":"decouverte-professionnelle-3h-dp3","status":"publish","type":"page","link":"https:\/\/site.ac-martinique.fr\/clg-belleetoile\/pedagogie\/decouverte-professionnelle-3h-dp3\/","title":{"rendered":"D\u00e9couverte Professionnelle 3h (DP3)"},"content":{"rendered":"<h1 style=\"text-align: center;\">Pr\u00e9sentation de l&rsquo;option<\/h1>\n<p>&nbsp;<\/p>\n<p align=\"left\"><span style=\"color: #004dff; font-family: MyriadPro-Regular;\"><span style=\"color: #004dff; font-family: MyriadPro-Regular;\"><span style=\"color: #004dff; font-family: MyriadPro-Regular;\"><span style=\"font-family: 'Times New Roman';\"><span style=\"font-size: large;\">La d\u00e9couverte professionnelle de 3 heures (DP3)\u00a0<span style=\"color: #000000;\">est une option facultative propos\u00e9e \u00e0 tout \u00e9l\u00e8ve de 3\u00e8me. Elle l\u2019ouvre sur le monde des m\u00e9tiers et des formations, tout en \u00e9largissant sa culture g\u00e9n\u00e9rale. Elle lui donne des connaissances qui lui permettront de faire des choix \u00e9clair\u00e9s au moment de construire son parcours de formation.<\/span><\/span><\/span><\/span><\/span><\/span><\/p>\n<p align=\"left\"><span style=\"color: #0000ff; font-family: 'Times New Roman'; font-size: large;\">Les objectifs :<\/span><\/p>\n<p align=\"left\"><span style=\"font-family: 'Times New Roman'; font-size: large;\">D\u00e9couvrir les m\u00e9tiers, le quotidien d\u2019un pilote, d\u2019un p\u00e2tissier, d\u2019un webmestre, d\u2019un infirmier\u2026<\/span><\/p>\n<p align=\"left\"><span style=\"font-family: 'Times New Roman'; font-size: large;\">D\u00e9couvrir les milieux professionnels, comprendre comment s\u2019organise le travail dans une entreprise, grande ou petite, dans une administration, dans un laboratoire de recherche\u2026<\/span><\/p>\n<p align=\"left\"><span style=\"font-family: 'Times New Roman'; font-size: large;\">D\u00e9couvrir les formations, conna\u00eetre les principaux dipl\u00f4mes (CAP, bac, BTS, licence, dipl\u00f4me d\u2019ing\u00e9nieur\u2026), savoir comment et o\u00f9 les pr\u00e9parer (formation initiale sous statut scolaire ou par apprentissage, formation continue\u2026), o\u00f9 se renseigner (CIO, Onisep\u2026).<\/span><\/p>\n<p align=\"left\"><span style=\"font-family: 'Times New Roman';\"><span style=\"font-size: large;\">Les activit\u00e9s :<\/span><\/span><\/p>\n<p align=\"left\"><span style=\"font-family: 'Times New Roman'; font-size: large;\">Interviews de professionnels qui expliquent leur m\u00e9tier, ou d\u2019\u00e9l\u00e8ves et d\u2019\u00e9tudiants qui commentent leur parcours\u2026<\/span><\/p>\n<p align=\"left\"><span style=\"font-family: 'Times New Roman'; font-size: large;\">Visites, s\u00e9quences d\u2019observation ou stages dans les entreprises, les administrations (publiques, hospitali\u00e8res\u2026), les ateliers, les laboratoires, r\u00e9alisation de reportages sur les m\u00e9tiers\u2026<\/span><\/p>\n<p><span style=\"font-family: 'Times New Roman'; font-size: large;\">Recherche et analyse de documents, expos\u00e9s et dossiers de synth\u00e8se \u00e0 partir des informations collect\u00e9es.<\/span><\/p>\n","protected":false},"excerpt":{"rendered":"<p>Pr\u00e9sentation de l&rsquo;option &nbsp; La d\u00e9couverte professionnelle de 3 heures (DP3)\u00a0est une option facultative propos\u00e9e \u00e0 tout \u00e9l\u00e8ve de 3\u00e8me. Elle l\u2019ouvre sur le monde des m\u00e9tiers et des formations, tout en \u00e9largissant sa culture g\u00e9n\u00e9rale. Elle lui donne des &hellip; <a href=\"https:\/\/site.ac-martinique.fr\/clg-belleetoile\/pedagogie\/decouverte-professionnelle-3h-dp3\/\">Continuer la lecture <span class=\"meta-nav\">&rarr;<\/span><\/a><\/p>\n","protected":false},"author":118,"featured_media":0,"parent":135,"menu_order":0,"comment_status":"closed","ping_status":"open","template":"","meta":{"footnotes":""},"class_list":["post-262","page","type-page","status-publish","hentry"],"_links":{"self":[{"href":"https:\/\/site.ac-martinique.fr\/clg-belleetoile\/wp-json\/wp\/v2\/pages\/262","targetHints":{"allow":["GET"]}}],"collection":[{"href":"https:\/\/site.ac-martinique.fr\/clg-belleetoile\/wp-json\/wp\/v2\/pages"}],"about":[{"href":"https:\/\/site.ac-martinique.fr\/clg-belleetoile\/wp-json\/wp\/v2\/types\/page"}],"author":[{"embeddable":true,"href":"https:\/\/site.ac-martinique.fr\/clg-belleetoile\/wp-json\/wp\/v2\/users\/118"}],"replies":[{"embeddable":true,"href":"https:\/\/site.ac-martinique.fr\/clg-belleetoile\/wp-json\/wp\/v2\/comments?post=262"}],"version-history":[{"count":2,"href":"https:\/\/site.ac-martinique.fr\/clg-belleetoile\/wp-json\/wp\/v2\/pages\/262\/revisions"}],"predecessor-version":[{"id":386,"href":"https:\/\/site.ac-martinique.fr\/clg-belleetoile\/wp-json\/wp\/v2\/pages\/262\/revisions\/386"}],"up":[{"embeddable":true,"href":"https:\/\/site.ac-martinique.fr\/clg-belleetoile\/wp-json\/wp\/v2\/pages\/135"}],"wp:attachment":[{"href":"https:\/\/site.ac-martinique.fr\/clg-belleetoile\/wp-json\/wp\/v2\/media?parent=262"}],"curies":[{"name":"wp","href":"https:\/\/api.w.org\/{rel}","templated":true}]}}