{"id":274,"date":"2014-08-10T13:59:59","date_gmt":"2014-08-10T17:59:59","guid":{"rendered":"\/clg-belleetoile\/?page_id=274"},"modified":"2017-10-11T14:22:20","modified_gmt":"2017-10-11T18:22:20","slug":"education-physique-et-sportive-eps","status":"publish","type":"page","link":"https:\/\/site.ac-martinique.fr\/clg-belleetoile\/pedagogie\/education-physique-et-sportive-eps\/","title":{"rendered":"Education Physique et Sportive (EPS)"},"content":{"rendered":"<p><a href=\"\/clg-belleetoile\/?page_id=389\">Le CROSS ACADEMIQUE 2010<\/a><\/p>\n<p><a href=\"\/clg-belleetoile\/?page_id=452 \">R\u00e9sultats du CROSS 2012<\/a><\/p>\n<p><a href=\"\/clg-belleetoile\/?page_id=455 \">Flash Mob 2013 du coll\u00e8ge Belle Etoile<\/a><\/p>\n<p><a href=\"\/clg-belleetoile\/?page_id=564\">Journal sportif du Coll\u00e8ge Belle \u00c9toile<\/a><\/p>\n<p><a href=\"\/clg-belleetoile\/?page_id=1647&amp;preview=true\">Voyage au ski 2017<\/a><\/p>\n","protected":false},"excerpt":{"rendered":"<p>Le CROSS ACADEMIQUE 2010 R\u00e9sultats du CROSS 2012 Flash Mob 2013 du coll\u00e8ge Belle Etoile Journal sportif du Coll\u00e8ge Belle \u00c9toile Voyage au ski 2017<\/p>\n","protected":false},"author":118,"featured_media":0,"parent":135,"menu_order":0,"comment_status":"closed","ping_status":"open","template":"","meta":{"footnotes":""},"class_list":["post-274","page","type-page","status-publish","hentry"],"_links":{"self":[{"href":"https:\/\/site.ac-martinique.fr\/clg-belleetoile\/wp-json\/wp\/v2\/pages\/274","targetHints":{"allow":["GET"]}}],"collection":[{"href":"https:\/\/site.ac-martinique.fr\/clg-belleetoile\/wp-json\/wp\/v2\/pages"}],"about":[{"href":"https:\/\/site.ac-martinique.fr\/clg-belleetoile\/wp-json\/wp\/v2\/types\/page"}],"author":[{"embeddable":true,"href":"https:\/\/site.ac-martinique.fr\/clg-belleetoile\/wp-json\/wp\/v2\/users\/118"}],"replies":[{"embeddable":true,"href":"https:\/\/site.ac-martinique.fr\/clg-belleetoile\/wp-json\/wp\/v2\/comments?post=274"}],"version-history":[{"count":7,"href":"https:\/\/site.ac-martinique.fr\/clg-belleetoile\/wp-json\/wp\/v2\/pages\/274\/revisions"}],"predecessor-version":[{"id":1651,"href":"https:\/\/site.ac-martinique.fr\/clg-belleetoile\/wp-json\/wp\/v2\/pages\/274\/revisions\/1651"}],"up":[{"embeddable":true,"href":"https:\/\/site.ac-martinique.fr\/clg-belleetoile\/wp-json\/wp\/v2\/pages\/135"}],"wp:attachment":[{"href":"https:\/\/site.ac-martinique.fr\/clg-belleetoile\/wp-json\/wp\/v2\/media?parent=274"}],"curies":[{"name":"wp","href":"https:\/\/api.w.org\/{rel}","templated":true}]}}