{"id":305,"date":"2014-08-10T14:49:54","date_gmt":"2014-08-10T18:49:54","guid":{"rendered":"\/clg-belleetoile\/?page_id=305"},"modified":"2014-08-10T14:52:34","modified_gmt":"2014-08-10T18:52:34","slug":"revision-vacances-5eme-vers-4eme","status":"publish","type":"page","link":"https:\/\/site.ac-martinique.fr\/clg-belleetoile\/pedagogie\/mathematiques-2\/revision-vacances-5eme-vers-4eme\/","title":{"rendered":"R\u00e9vision vacances 5\u00e8me vers 4\u00e8me"},"content":{"rendered":"<p><a href=\"\/clg-belleetoile\/wp-content\/uploads\/sites\/49\/2014\/08\/4eme-maths.jpg\"><img loading=\"lazy\" decoding=\"async\" class=\"alignleft size-full wp-image-310\" alt=\"4eme maths\" src=\"\/clg-belleetoile\/wp-content\/uploads\/sites\/49\/2014\/08\/4eme-maths.jpg\" width=\"993\" height=\"1404\" srcset=\"https:\/\/site.ac-martinique.fr\/clg-belleetoile\/wp-content\/uploads\/sites\/49\/2014\/08\/4eme-maths.jpg 993w, https:\/\/site.ac-martinique.fr\/clg-belleetoile\/wp-content\/uploads\/sites\/49\/2014\/08\/4eme-maths-212x300.jpg 212w, https:\/\/site.ac-martinique.fr\/clg-belleetoile\/wp-content\/uploads\/sites\/49\/2014\/08\/4eme-maths-724x1024.jpg 724w\" sizes=\"auto, (max-width: 993px) 100vw, 993px\" \/><\/a><\/p>\n","protected":false},"excerpt":{"rendered":"","protected":false},"author":118,"featured_media":0,"parent":246,"menu_order":0,"comment_status":"closed","ping_status":"open","template":"","meta":{"footnotes":""},"class_list":["post-305","page","type-page","status-publish","hentry"],"_links":{"self":[{"href":"https:\/\/site.ac-martinique.fr\/clg-belleetoile\/wp-json\/wp\/v2\/pages\/305","targetHints":{"allow":["GET"]}}],"collection":[{"href":"https:\/\/site.ac-martinique.fr\/clg-belleetoile\/wp-json\/wp\/v2\/pages"}],"about":[{"href":"https:\/\/site.ac-martinique.fr\/clg-belleetoile\/wp-json\/wp\/v2\/types\/page"}],"author":[{"embeddable":true,"href":"https:\/\/site.ac-martinique.fr\/clg-belleetoile\/wp-json\/wp\/v2\/users\/118"}],"replies":[{"embeddable":true,"href":"https:\/\/site.ac-martinique.fr\/clg-belleetoile\/wp-json\/wp\/v2\/comments?post=305"}],"version-history":[{"count":2,"href":"https:\/\/site.ac-martinique.fr\/clg-belleetoile\/wp-json\/wp\/v2\/pages\/305\/revisions"}],"predecessor-version":[{"id":311,"href":"https:\/\/site.ac-martinique.fr\/clg-belleetoile\/wp-json\/wp\/v2\/pages\/305\/revisions\/311"}],"up":[{"embeddable":true,"href":"https:\/\/site.ac-martinique.fr\/clg-belleetoile\/wp-json\/wp\/v2\/pages\/246"}],"wp:attachment":[{"href":"https:\/\/site.ac-martinique.fr\/clg-belleetoile\/wp-json\/wp\/v2\/media?parent=305"}],"curies":[{"name":"wp","href":"https:\/\/api.w.org\/{rel}","templated":true}]}}