{"id":315,"date":"2014-08-10T14:58:28","date_gmt":"2014-08-10T18:58:28","guid":{"rendered":"\/clg-belleetoile\/?page_id=315"},"modified":"2014-08-10T15:06:50","modified_gmt":"2014-08-10T19:06:50","slug":"rencontre-intergenerationnelle","status":"publish","type":"page","link":"https:\/\/site.ac-martinique.fr\/clg-belleetoile\/pedagogie\/histoiregeo-ed-civique\/rencontre-intergenerationnelle\/","title":{"rendered":"Rencontre interg\u00e9n\u00e9rationnelle"},"content":{"rendered":"<div><strong>Rencontre\u00a0<\/strong><strong>interg\u00e9n\u00e9rationnelle<\/strong><strong>\u00a0avec le Coll\u00e8ge Belle Etoile de Saint-Joseph<\/strong><\/div>\n<p><span style=\"font-size: 12px;\">C\u2019est dans le cadre d\u2019un\u00a0projet p\u00e9dagogique \u00ab journ\u00e9e de la Normandie, 6 juin \u00bb que deux classes de troisi\u00e8me du Coll\u00e8ge Belle Etoile ont particip\u00e9 \u00e0 la rencontre interg\u00e9n\u00e9rationnelle du Mardi 03 avril 2012 au Fort Saint-Louis (esplanade des Hollandais \u00e0 Fort-de-France) en pr\u00e9sence de deux dissidents: Mr Paul Montlouis (Bataillon de la marche n\u00b01) et Mr Andr\u00e9 Antourel (Bataillon de la marche n\u00b05) : t\u00e9moins du conflit de la Seconde Guerre mondiale.<\/span><\/p>\n<p><span style=\"font-size: 12px;\">C\u2019\u00e9tait une journ\u00e9e organis\u00e9e sur le th\u00e8me \u00ab M\u00e9moire et citoyennet\u00e9 \u00bb Pourquoi s\u2019engager pour des valeurs r\u00e9publicaines au XX\u00e8me et au XXI\u00e8me si\u00e8cle?<\/span><\/p>\n<p><span style=\"font-size: 12px;\">Les objectifs \u00e0 travers cette rencontre \u00e9taient de sensibiliser les coll\u00e9giens \u00e0 leur programme d\u2019histoire et d\u2019\u00e9ducation civique en vu de l\u2019examen du Dipl\u00f4me national du brevet par le biais de t\u00e9moignages vivants, leur pr\u00e9senter les m\u00e9tiers militaires et attirer l\u2019attention des \u00e9l\u00e8ves \u00e0 \u00ab la journ\u00e9e d\u2019appel \u00e0 la D\u00e9fense \u00bb (cours sur la D\u00e9fense Nationale pr\u00e9sent\u00e9 par le Lieutenant-colonel Alain Tissier).<\/span><\/p>\n<p><span style=\"font-size: 12px;\">Ils ont \u00e9t\u00e9 \u00e9galement sensibilis\u00e9s \u00e0 l\u2019esprit de d\u00e9fense qui est une des composantes de la politique de m\u00e9moire.\u00a0<\/span><\/p>\n<p><span style=\"font-size: 12px;\">Avant, cette rencontre, les \u00e9l\u00e8ves ont vu en histoire le film documentaire d\u2019Euzhan Palcy \u00ab Parcours de dissidents \u00bb.<\/span><\/p>\n<p><span style=\"font-size: 12px;\">Apr\u00e8s avoir \u00e9cout\u00e9 le cours du professeure d\u2019histoire g\u00e9ographie Peggy Carra sur la Seconde Guerre mondiale et la dissidence en Martinique, les jeunes ont pu \u00e9changer avec les deux dissidents lesquels ont r\u00e9pondu aux nombreuses questions correspondant \u00e0 cette p\u00e9riode.<\/span><\/p>\n<p><span style=\"font-size: 12px;\">Les \u00e9l\u00e8ves ont aussi appr\u00e9ci\u00e9 les t\u00e9moignages de trois militaires d\u2019active pr\u00e9sentant des op\u00e9rations militaires sur le 33e RIMA, le Vent\u00f4se et le CEMIA.<\/span><\/p>\n<p><span style=\"font-size: 12px;\">Les professeurs (Mr Bello, Mme Carra, Mme Feuillard, Mme Plumain) ont \u00e9t\u00e9 ravis de leur participation. Les Anciens restent tr\u00e8s motiv\u00e9s pour transmettre leur m\u00e9moire aux nouvelles g\u00e9n\u00e9rations.<\/span><\/p>\n<div><\/div>\n<div><a title=\"Rencontre interg\u00e9n\u00e9rationnelle\" href=\"\/clg-belleetoile\/wp-content\/uploads\/sites\/49\/2014\/08\/PHOTOS-RENCONTRE-INTERGENERATIONNELLE.pdf\" target=\"_blank\">Photos rencontre interg\u00e9n\u00e9rationnelle<\/a><\/div>\n","protected":false},"excerpt":{"rendered":"<p>Rencontre\u00a0interg\u00e9n\u00e9rationnelle\u00a0avec le Coll\u00e8ge Belle Etoile de Saint-Joseph C\u2019est dans le cadre d\u2019un\u00a0projet p\u00e9dagogique \u00ab journ\u00e9e de la Normandie, 6 juin \u00bb que deux classes de troisi\u00e8me du Coll\u00e8ge Belle Etoile ont particip\u00e9 \u00e0 la rencontre interg\u00e9n\u00e9rationnelle du Mardi 03 avril &hellip; <a href=\"https:\/\/site.ac-martinique.fr\/clg-belleetoile\/pedagogie\/histoiregeo-ed-civique\/rencontre-intergenerationnelle\/\">Continuer la lecture <span class=\"meta-nav\">&rarr;<\/span><\/a><\/p>\n","protected":false},"author":118,"featured_media":0,"parent":248,"menu_order":0,"comment_status":"closed","ping_status":"open","template":"","meta":{"footnotes":""},"class_list":["post-315","page","type-page","status-publish","hentry"],"_links":{"self":[{"href":"https:\/\/site.ac-martinique.fr\/clg-belleetoile\/wp-json\/wp\/v2\/pages\/315","targetHints":{"allow":["GET"]}}],"collection":[{"href":"https:\/\/site.ac-martinique.fr\/clg-belleetoile\/wp-json\/wp\/v2\/pages"}],"about":[{"href":"https:\/\/site.ac-martinique.fr\/clg-belleetoile\/wp-json\/wp\/v2\/types\/page"}],"author":[{"embeddable":true,"href":"https:\/\/site.ac-martinique.fr\/clg-belleetoile\/wp-json\/wp\/v2\/users\/118"}],"replies":[{"embeddable":true,"href":"https:\/\/site.ac-martinique.fr\/clg-belleetoile\/wp-json\/wp\/v2\/comments?post=315"}],"version-history":[{"count":3,"href":"https:\/\/site.ac-martinique.fr\/clg-belleetoile\/wp-json\/wp\/v2\/pages\/315\/revisions"}],"predecessor-version":[{"id":319,"href":"https:\/\/site.ac-martinique.fr\/clg-belleetoile\/wp-json\/wp\/v2\/pages\/315\/revisions\/319"}],"up":[{"embeddable":true,"href":"https:\/\/site.ac-martinique.fr\/clg-belleetoile\/wp-json\/wp\/v2\/pages\/248"}],"wp:attachment":[{"href":"https:\/\/site.ac-martinique.fr\/clg-belleetoile\/wp-json\/wp\/v2\/media?parent=315"}],"curies":[{"name":"wp","href":"https:\/\/api.w.org\/{rel}","templated":true}]}}