{"id":323,"date":"2014-08-10T15:19:51","date_gmt":"2014-08-10T19:19:51","guid":{"rendered":"\/clg-belleetoile\/?page_id=323"},"modified":"2014-08-10T15:34:03","modified_gmt":"2014-08-10T19:34:03","slug":"les-travaux-de-la-4eme-d-20132014","status":"publish","type":"page","link":"https:\/\/site.ac-martinique.fr\/clg-belleetoile\/pedagogie\/les-couleurs-de-classe\/la-4eme-defense\/les-travaux-de-la-4eme-d-20132014\/","title":{"rendered":"Les travaux de la 4\u00e8me D 2013\/2014"},"content":{"rendered":"<p align=\"center\"><a href=\"\/clg-belleetoile\/wp-content\/uploads\/sites\/49\/2014\/08\/guide-touristique-de-Saint-Joseph.ppsx\" target=\"_blank\"><span style=\"color: #000000;\">Guide touristique de Saint-Joseph<\/span><\/a><\/p>\n<p align=\"center\"><a href=\"\/clg-belleetoile\/wp-content\/uploads\/sites\/49\/2014\/08\/Habitation-Clement.ppsx\" target=\"_blank\">L&rsquo;habitation Cl\u00e9ment<\/a><\/p>\n<p align=\"center\"><a href=\"\/clg-belleetoile\/wp-content\/uploads\/sites\/49\/2014\/08\/La-visite-du-Ventose-adam-et-levi.pdf\" target=\"_blank\">La visite du Vent\u00f4se Adam et L\u00e9vi<\/a><\/p>\n<p align=\"center\"><a href=\"\/clg-belleetoile\/wp-content\/uploads\/sites\/49\/2014\/08\/le-fort-saint-louis.pdf\" target=\"_blank\">Le fort Saint-Louis<\/a><\/p>\n<p align=\"center\"><a href=\"\/clg-belleetoile\/wp-content\/uploads\/sites\/49\/2014\/08\/Le-RSMA.pdf\" target=\"_blank\">Le RSMA<\/a><\/p>\n<p style=\"text-align: center;\"><iframe loading=\"lazy\" src=\"\/\/www.youtube.com\/embed\/j4jO0wd8b1E\" height=\"315\" width=\"420\" allowfullscreen=\"\" frameborder=\"0\"><\/iframe><\/p>\n","protected":false},"excerpt":{"rendered":"<p>Guide touristique de Saint-Joseph L&rsquo;habitation Cl\u00e9ment La visite du Vent\u00f4se Adam et L\u00e9vi Le fort Saint-Louis Le RSMA<\/p>\n","protected":false},"author":118,"featured_media":0,"parent":250,"menu_order":0,"comment_status":"closed","ping_status":"open","template":"","meta":{"footnotes":""},"class_list":["post-323","page","type-page","status-publish","hentry"],"_links":{"self":[{"href":"https:\/\/site.ac-martinique.fr\/clg-belleetoile\/wp-json\/wp\/v2\/pages\/323","targetHints":{"allow":["GET"]}}],"collection":[{"href":"https:\/\/site.ac-martinique.fr\/clg-belleetoile\/wp-json\/wp\/v2\/pages"}],"about":[{"href":"https:\/\/site.ac-martinique.fr\/clg-belleetoile\/wp-json\/wp\/v2\/types\/page"}],"author":[{"embeddable":true,"href":"https:\/\/site.ac-martinique.fr\/clg-belleetoile\/wp-json\/wp\/v2\/users\/118"}],"replies":[{"embeddable":true,"href":"https:\/\/site.ac-martinique.fr\/clg-belleetoile\/wp-json\/wp\/v2\/comments?post=323"}],"version-history":[{"count":6,"href":"https:\/\/site.ac-martinique.fr\/clg-belleetoile\/wp-json\/wp\/v2\/pages\/323\/revisions"}],"predecessor-version":[{"id":337,"href":"https:\/\/site.ac-martinique.fr\/clg-belleetoile\/wp-json\/wp\/v2\/pages\/323\/revisions\/337"}],"up":[{"embeddable":true,"href":"https:\/\/site.ac-martinique.fr\/clg-belleetoile\/wp-json\/wp\/v2\/pages\/250"}],"wp:attachment":[{"href":"https:\/\/site.ac-martinique.fr\/clg-belleetoile\/wp-json\/wp\/v2\/media?parent=323"}],"curies":[{"name":"wp","href":"https:\/\/api.w.org\/{rel}","templated":true}]}}