{"id":367,"date":"2014-08-11T10:22:27","date_gmt":"2014-08-11T14:22:27","guid":{"rendered":"\/clg-belleetoile\/?page_id=367"},"modified":"2019-06-06T14:21:49","modified_gmt":"2019-06-06T18:21:49","slug":"sa-ki-fet","status":"publish","type":"page","link":"https:\/\/site.ac-martinique.fr\/clg-belleetoile\/pedagogie\/langue-et-culture-regionale-lcr\/sa-ki-fet\/","title":{"rendered":"Sa Ki Fet"},"content":{"rendered":"<p style=\"text-align: center;\">Spectacle \u00ab\u00a0Le vent de la libert\u00e9\u00a0\u00bb<\/p>\n<p style=\"text-align: center;\"><a href=\"\/clg-belleetoile\/wp-content\/uploads\/sites\/49\/2014\/08\/Affiche.jpg\"><img loading=\"lazy\" decoding=\"async\" class=\"aligncenter size-full wp-image-368\" src=\"\/clg-belleetoile\/wp-content\/uploads\/sites\/49\/2014\/08\/Affiche.jpg\" alt=\"Affiche\" width=\"415\" height=\"587\" srcset=\"https:\/\/site.ac-martinique.fr\/clg-belleetoile\/wp-content\/uploads\/sites\/49\/2014\/08\/Affiche.jpg 415w, https:\/\/site.ac-martinique.fr\/clg-belleetoile\/wp-content\/uploads\/sites\/49\/2014\/08\/Affiche-212x300.jpg 212w\" sizes=\"auto, (max-width: 415px) 100vw, 415px\" \/><\/a><\/p>\n<p style=\"text-align: center;\"><a href=\"\/clg-belleetoile\/wp-content\/uploads\/sites\/49\/2014\/08\/Spectacle.pdf\" target=\"_blank\">Consulter les t\u00e9moignages de la 3\u00e8me LCR<\/a><\/p>\n<p style=\"text-align: center;\"><a href=\"\/clg-belleetoile\/wp-content\/uploads\/sites\/49\/2014\/08\/vainqueurs-dictee-creole.pdf\" target=\"_blank\">R\u00e9sultats de la dict\u00e9e cr\u00e9ole<\/a><\/p>\n<p style=\"text-align: center;\"><a href=\"\/clg-belleetoile\/wp-content\/uploads\/sites\/49\/2014\/08\/rencontre-avec-leonora-miano.pdf\" target=\"_blank\">Rencontre avec l&rsquo;\u00e9crivaine L\u00e9onora Miano<\/a><\/p>\n<p style=\"text-align: center;\"><span style=\"font-size: large;\">Spectacle \u00ab\u00a0La Pacotilleuse et Ad\u00e8le H.\u00a0\u00bb<\/span><\/p>\n<p style=\"text-align: center;\"><a href=\"\/clg-belleetoile\/wp-content\/uploads\/sites\/49\/2014\/08\/Spectacle-lcr-11-12.jpg\"><img loading=\"lazy\" decoding=\"async\" class=\"aligncenter size-full wp-image-369\" src=\"\/clg-belleetoile\/wp-content\/uploads\/sites\/49\/2014\/08\/Spectacle-lcr-11-12.jpg\" alt=\"Spectacle lcr 11-12\" width=\"549\" height=\"776\" srcset=\"https:\/\/site.ac-martinique.fr\/clg-belleetoile\/wp-content\/uploads\/sites\/49\/2014\/08\/Spectacle-lcr-11-12.jpg 549w, https:\/\/site.ac-martinique.fr\/clg-belleetoile\/wp-content\/uploads\/sites\/49\/2014\/08\/Spectacle-lcr-11-12-212x300.jpg 212w\" sizes=\"auto, (max-width: 549px) 100vw, 549px\" \/><\/a><\/p>\n<p style=\"text-align: center;\">Sketch r\u00e9alis\u00e9 par les \u00e9l\u00e8ves de 5\u00e8me C (Cr\u00e9ole) le 28\/06\/14<\/p>\n<p style=\"text-align: center;\">\u00ab\u00a0S\u00e9 mwen Ki Genyen\u00a0\u00bb<\/p>\n<p style=\"text-align: center;\"><iframe loading=\"lazy\" src=\"\/\/www.youtube.com\/embed\/jzPqssdyDCk\" width=\"560\" height=\"315\" frameborder=\"0\" allowfullscreen=\"allowfullscreen\"><\/iframe><\/p>\n<p style=\"text-align: center;\">Petit interm\u00e8de, sketch r\u00e9alis\u00e9 par les \u00e9l\u00e8ves de 5\u00e8me C (Cr\u00e9ole)<\/p>\n<p style=\"text-align: center;\">\u00ab\u00a0Koreksion Br\u00e8v\u00e9-a\u00a0\u00bb<\/p>\n<p style=\"text-align: center;\"><iframe loading=\"lazy\" src=\"\/\/www.youtube.com\/embed\/sSG6TOmOml8?rel=0\" width=\"420\" height=\"315\" frameborder=\"0\" allowfullscreen=\"allowfullscreen\"><\/iframe><\/p>\n<hr \/>\n<div id=\"divtagdefaultwrapper\" style=\"font-size: 12pt; font-family: Calibri, Arial, Helvetica, sans-serif; color: #000000; text-align: center; background-color: #ffffff;\">\n<p style=\"text-align: center;\">Spectacle\u00a03\u00e8LCR mardi 26 avril Th\u00e9\u00e2tre Aim\u00e9 C\u00e9saire<\/p>\n<p style=\"text-align: center;\"><a href=\"\/clg-belleetoile\/wp-content\/uploads\/sites\/49\/2016\/04\/Aff-cosette.jpg\"><img loading=\"lazy\" decoding=\"async\" class=\"aligncenter wp-image-1019 size-full\" src=\"\/clg-belleetoile\/wp-content\/uploads\/sites\/49\/2016\/04\/Aff-cosette.jpg\" alt=\"Aff cosette\" width=\"419\" height=\"580\" srcset=\"https:\/\/site.ac-martinique.fr\/clg-belleetoile\/wp-content\/uploads\/sites\/49\/2016\/04\/Aff-cosette.jpg 419w, https:\/\/site.ac-martinique.fr\/clg-belleetoile\/wp-content\/uploads\/sites\/49\/2016\/04\/Aff-cosette-217x300.jpg 217w\" sizes=\"auto, (max-width: 419px) 100vw, 419px\" \/><\/a><\/p>\n<p>La bande annonce<\/p>\n<\/div>\n<div style=\"font-size: 12pt; font-family: Calibri, Arial, Helvetica, sans-serif; color: #000000; text-align: center; background-color: #ffffff;\">\n<p><iframe loading=\"lazy\" src=\"https:\/\/www.youtube.com\/embed\/Wn0-h8342F0?rel=0\" width=\"560\" height=\"315\" frameborder=\"0\" allowfullscreen=\"allowfullscreen\"><\/iframe><\/p>\n<p>Jounen kr\u00e9yol 2015<\/p>\n<\/div>\n<p><iframe loading=\"lazy\" src=\"https:\/\/www.youtube.com\/embed\/9PxRNV286YQ?rel=0\" width=\"560\" height=\"315\" frameborder=\"0\" allowfullscreen=\"allowfullscreen\"><\/iframe><\/p>\n<blockquote><p><a href=\"\/clg-belleetoile\/wp-content\/uploads\/sites\/49\/2019\/03\/IMG-20190318-WA0002.jpg\"><img loading=\"lazy\" decoding=\"async\" class=\"aligncenter size-medium wp-image-2173\" src=\"\/clg-belleetoile\/wp-content\/uploads\/sites\/49\/2019\/03\/IMG-20190318-WA0002-215x300.jpg\" alt=\"\" width=\"215\" height=\"300\" srcset=\"https:\/\/site.ac-martinique.fr\/clg-belleetoile\/wp-content\/uploads\/sites\/49\/2019\/03\/IMG-20190318-WA0002-215x300.jpg 215w, https:\/\/site.ac-martinique.fr\/clg-belleetoile\/wp-content\/uploads\/sites\/49\/2019\/03\/IMG-20190318-WA0002.jpg 618w\" sizes=\"auto, (max-width: 215px) 100vw, 215px\" \/><\/a><\/p><\/blockquote>\n","protected":false},"excerpt":{"rendered":"<p>Spectacle \u00ab\u00a0Le vent de la libert\u00e9\u00a0\u00bb Consulter les t\u00e9moignages de la 3\u00e8me LCR R\u00e9sultats de la dict\u00e9e cr\u00e9ole Rencontre avec l&rsquo;\u00e9crivaine L\u00e9onora Miano Spectacle \u00ab\u00a0La Pacotilleuse et Ad\u00e8le H.\u00a0\u00bb Sketch r\u00e9alis\u00e9 par les \u00e9l\u00e8ves de 5\u00e8me C (Cr\u00e9ole) le 28\/06\/14 &hellip; <a href=\"https:\/\/site.ac-martinique.fr\/clg-belleetoile\/pedagogie\/langue-et-culture-regionale-lcr\/sa-ki-fet\/\">Continuer la lecture <span class=\"meta-nav\">&rarr;<\/span><\/a><\/p>\n","protected":false},"author":118,"featured_media":0,"parent":260,"menu_order":0,"comment_status":"closed","ping_status":"open","template":"","meta":{"footnotes":""},"class_list":["post-367","page","type-page","status-publish","hentry"],"_links":{"self":[{"href":"https:\/\/site.ac-martinique.fr\/clg-belleetoile\/wp-json\/wp\/v2\/pages\/367","targetHints":{"allow":["GET"]}}],"collection":[{"href":"https:\/\/site.ac-martinique.fr\/clg-belleetoile\/wp-json\/wp\/v2\/pages"}],"about":[{"href":"https:\/\/site.ac-martinique.fr\/clg-belleetoile\/wp-json\/wp\/v2\/types\/page"}],"author":[{"embeddable":true,"href":"https:\/\/site.ac-martinique.fr\/clg-belleetoile\/wp-json\/wp\/v2\/users\/118"}],"replies":[{"embeddable":true,"href":"https:\/\/site.ac-martinique.fr\/clg-belleetoile\/wp-json\/wp\/v2\/comments?post=367"}],"version-history":[{"count":19,"href":"https:\/\/site.ac-martinique.fr\/clg-belleetoile\/wp-json\/wp\/v2\/pages\/367\/revisions"}],"predecessor-version":[{"id":4411,"href":"https:\/\/site.ac-martinique.fr\/clg-belleetoile\/wp-json\/wp\/v2\/pages\/367\/revisions\/4411"}],"up":[{"embeddable":true,"href":"https:\/\/site.ac-martinique.fr\/clg-belleetoile\/wp-json\/wp\/v2\/pages\/260"}],"wp:attachment":[{"href":"https:\/\/site.ac-martinique.fr\/clg-belleetoile\/wp-json\/wp\/v2\/media?parent=367"}],"curies":[{"name":"wp","href":"https:\/\/api.w.org\/{rel}","templated":true}]}}