{"id":465,"date":"2014-08-14T17:00:14","date_gmt":"2014-08-14T21:00:14","guid":{"rendered":"\/clg-belleetoile\/?page_id=465"},"modified":"2014-09-02T13:11:25","modified_gmt":"2014-09-02T17:11:25","slug":"remise-des-prix-2014","status":"publish","type":"page","link":"https:\/\/site.ac-martinique.fr\/clg-belleetoile\/photos\/remise-des-prix-2014\/","title":{"rendered":"Remise des prix 2014"},"content":{"rendered":"<h1 style=\"text-align: center;\">Remise des prix 2014<\/h1>\n<p>&nbsp;<\/p>\n<p>On commence par le discours de M. MARLET, Principal du coll\u00e8ge.<\/p>\n<p style=\"text-align: center;\"><a href=\"\/clg-belleetoile\/wp-content\/uploads\/sites\/49\/2014\/08\/SAM_2684.jpg\"><img loading=\"lazy\" decoding=\"async\" class=\"aligncenter  wp-image-469\" alt=\"SAM_2684\" src=\"\/clg-belleetoile\/wp-content\/uploads\/sites\/49\/2014\/08\/SAM_2684-576x1024.jpg\" width=\"346\" height=\"614\" srcset=\"https:\/\/site.ac-martinique.fr\/clg-belleetoile\/wp-content\/uploads\/sites\/49\/2014\/08\/SAM_2684-576x1024.jpg 576w, https:\/\/site.ac-martinique.fr\/clg-belleetoile\/wp-content\/uploads\/sites\/49\/2014\/08\/SAM_2684.jpg 1008w\" sizes=\"auto, (max-width: 346px) 100vw, 346px\" \/><\/a><\/p>\n<p>&nbsp;<\/p>\n<p>La Parole est ensuite donn\u00e9e \u00e0 M. Athanase JEANNE-ROSE, Monsieur Le Maire de Saint-Joseph qui nous fait l&rsquo;honneur de sa pr\u00e9sence.<\/p>\n<p style=\"text-align: center;\"><a href=\"\/clg-belleetoile\/wp-content\/uploads\/sites\/49\/2014\/08\/SAM_2687.jpg\"><img loading=\"lazy\" decoding=\"async\" class=\"aligncenter  wp-image-470\" alt=\"SAM_2687\" src=\"\/clg-belleetoile\/wp-content\/uploads\/sites\/49\/2014\/08\/SAM_2687-576x1024.jpg\" width=\"346\" height=\"614\" srcset=\"https:\/\/site.ac-martinique.fr\/clg-belleetoile\/wp-content\/uploads\/sites\/49\/2014\/08\/SAM_2687-576x1024.jpg 576w, https:\/\/site.ac-martinique.fr\/clg-belleetoile\/wp-content\/uploads\/sites\/49\/2014\/08\/SAM_2687.jpg 1008w\" sizes=\"auto, (max-width: 346px) 100vw, 346px\" \/><\/a><\/p>\n<p>&nbsp;<\/p>\n<p>Vient maintenant le moment de la remise des prix annonc\u00e9e par M. BELLO.<\/p>\n<p style=\"text-align: center;\"><a href=\"\/clg-belleetoile\/wp-content\/uploads\/sites\/49\/2014\/08\/SAM_2692.jpg\"><img loading=\"lazy\" decoding=\"async\" class=\"aligncenter  wp-image-473\" alt=\"SAM_2692\" src=\"\/clg-belleetoile\/wp-content\/uploads\/sites\/49\/2014\/08\/SAM_2692-576x1024.jpg\" width=\"346\" height=\"614\" srcset=\"https:\/\/site.ac-martinique.fr\/clg-belleetoile\/wp-content\/uploads\/sites\/49\/2014\/08\/SAM_2692-576x1024.jpg 576w, https:\/\/site.ac-martinique.fr\/clg-belleetoile\/wp-content\/uploads\/sites\/49\/2014\/08\/SAM_2692.jpg 1008w\" sizes=\"auto, (max-width: 346px) 100vw, 346px\" \/><\/a><\/p>\n<p>&nbsp;<\/p>\n<p style=\"text-align: center;\"><em>Les prix de la pers\u00e9v\u00e9rance<\/em><\/p>\n<p><a href=\"\/clg-belleetoile\/wp-content\/uploads\/sites\/49\/2014\/08\/SAM_2694.jpg\"><img loading=\"lazy\" decoding=\"async\" class=\"wp-image-474 alignleft\" alt=\"SAM_2694\" src=\"\/clg-belleetoile\/wp-content\/uploads\/sites\/49\/2014\/08\/SAM_2694-1024x576.jpg\" width=\"372\" height=\"211\" \/><\/a><\/p>\n<p><img loading=\"lazy\" decoding=\"async\" class=\"alignleft  wp-image-475\" alt=\"SAM_2696\" src=\"\/clg-belleetoile\/wp-content\/uploads\/sites\/49\/2014\/08\/SAM_2696-576x1024.jpg\" width=\"206\" height=\"366\" srcset=\"https:\/\/site.ac-martinique.fr\/clg-belleetoile\/wp-content\/uploads\/sites\/49\/2014\/08\/SAM_2696-576x1024.jpg 576w, https:\/\/site.ac-martinique.fr\/clg-belleetoile\/wp-content\/uploads\/sites\/49\/2014\/08\/SAM_2696.jpg 1008w\" sizes=\"auto, (max-width: 206px) 100vw, 206px\" \/><\/p>\n<p>&nbsp;<\/p>\n<p>&nbsp;<\/p>\n<p>&nbsp;<\/p>\n<p>&nbsp;<\/p>\n<p>&nbsp;<\/p>\n<p>&nbsp;<\/p>\n<p>&nbsp;<\/p>\n<p>&nbsp;<\/p>\n<p style=\"text-align: center;\"><em>Les prix du travail g\u00e9n\u00e9ral niveau 6\u00e8me<\/em><\/p>\n<h1 style=\"text-align: center;\"><a style=\"color: #ff4b33;\" href=\"\/clg-belleetoile\/wp-content\/uploads\/sites\/49\/2014\/08\/SAM_2698.jpg\"><img loading=\"lazy\" decoding=\"async\" class=\"aligncenter size-large wp-image-479\" alt=\"SAM_2698\" src=\"\/clg-belleetoile\/wp-content\/uploads\/sites\/49\/2014\/08\/SAM_2698-1024x576.jpg\" width=\"640\" height=\"360\" srcset=\"https:\/\/site.ac-martinique.fr\/clg-belleetoile\/wp-content\/uploads\/sites\/49\/2014\/08\/SAM_2698-1024x576.jpg 1024w, https:\/\/site.ac-martinique.fr\/clg-belleetoile\/wp-content\/uploads\/sites\/49\/2014\/08\/SAM_2698-300x168.jpg 300w, https:\/\/site.ac-martinique.fr\/clg-belleetoile\/wp-content\/uploads\/sites\/49\/2014\/08\/SAM_2698.jpg 1792w\" sizes=\"auto, (max-width: 640px) 100vw, 640px\" \/><\/a><\/h1>\n<p style=\"text-align: center;\"><em>Les prix du travail g\u00e9n\u00e9ral niveau 5\u00e8me<\/em><\/p>\n<p style=\"text-align: center;\"><a href=\"\/clg-belleetoile\/wp-content\/uploads\/sites\/49\/2014\/08\/SAM_2701.jpg\"><img loading=\"lazy\" decoding=\"async\" class=\"aligncenter size-large wp-image-481\" alt=\"SAM_2701\" src=\"\/clg-belleetoile\/wp-content\/uploads\/sites\/49\/2014\/08\/SAM_2701-1024x576.jpg\" width=\"640\" height=\"360\" srcset=\"https:\/\/site.ac-martinique.fr\/clg-belleetoile\/wp-content\/uploads\/sites\/49\/2014\/08\/SAM_2701-1024x576.jpg 1024w, https:\/\/site.ac-martinique.fr\/clg-belleetoile\/wp-content\/uploads\/sites\/49\/2014\/08\/SAM_2701-300x168.jpg 300w, https:\/\/site.ac-martinique.fr\/clg-belleetoile\/wp-content\/uploads\/sites\/49\/2014\/08\/SAM_2701.jpg 1792w\" sizes=\"auto, (max-width: 640px) 100vw, 640px\" \/><\/a><\/p>\n<p style=\"text-align: center;\"><em>Les prix du travail g\u00e9n\u00e9ral niveau 4\u00e8me<\/em><\/p>\n<p style=\"text-align: center;\"><a href=\"\/clg-belleetoile\/wp-content\/uploads\/sites\/49\/2014\/08\/SAM_2704.jpg\"><img loading=\"lazy\" decoding=\"async\" class=\"aligncenter size-large wp-image-482\" alt=\"SAM_2704\" src=\"\/clg-belleetoile\/wp-content\/uploads\/sites\/49\/2014\/08\/SAM_2704-1024x576.jpg\" width=\"640\" height=\"360\" srcset=\"https:\/\/site.ac-martinique.fr\/clg-belleetoile\/wp-content\/uploads\/sites\/49\/2014\/08\/SAM_2704-1024x576.jpg 1024w, https:\/\/site.ac-martinique.fr\/clg-belleetoile\/wp-content\/uploads\/sites\/49\/2014\/08\/SAM_2704-300x168.jpg 300w, https:\/\/site.ac-martinique.fr\/clg-belleetoile\/wp-content\/uploads\/sites\/49\/2014\/08\/SAM_2704.jpg 1792w\" sizes=\"auto, (max-width: 640px) 100vw, 640px\" \/><\/a><\/p>\n<p style=\"text-align: center;\"><em>Les prix du travail g\u00e9n\u00e9ral niveau 3\u00e8me<\/em><\/p>\n<p style=\"text-align: center;\"><a href=\"\/clg-belleetoile\/wp-content\/uploads\/sites\/49\/2014\/08\/SAM_2709.jpg\"><img loading=\"lazy\" decoding=\"async\" class=\"aligncenter size-large wp-image-484\" alt=\"SAM_2709\" src=\"\/clg-belleetoile\/wp-content\/uploads\/sites\/49\/2014\/08\/SAM_2709-1024x576.jpg\" width=\"640\" height=\"360\" srcset=\"https:\/\/site.ac-martinique.fr\/clg-belleetoile\/wp-content\/uploads\/sites\/49\/2014\/08\/SAM_2709-1024x576.jpg 1024w, https:\/\/site.ac-martinique.fr\/clg-belleetoile\/wp-content\/uploads\/sites\/49\/2014\/08\/SAM_2709-300x168.jpg 300w, https:\/\/site.ac-martinique.fr\/clg-belleetoile\/wp-content\/uploads\/sites\/49\/2014\/08\/SAM_2709.jpg 1792w\" sizes=\"auto, (max-width: 640px) 100vw, 640px\" \/><\/a><\/p>\n<p style=\"text-align: center;\">Petit interm\u00e8de, sketch r\u00e9alis\u00e9 par les \u00e9l\u00e8ves de 5\u00e8me C (Cr\u00e9ole)<\/p>\n<p style=\"text-align: center;\">\u00ab\u00a0S\u00e9 mwen Ki Genyen\u00a0\u00bb<\/p>\n<p><iframe loading=\"lazy\" src=\"\/\/www.youtube.com\/embed\/jzPqssdyDCk?rel=0\" height=\"315\" width=\"560\" allowfullscreen=\"\" frameborder=\"0\"><\/iframe><\/p>\n<p style=\"text-align: center;\"><em>Les prix de l\u2019excellence niveau 6\u00e8me<\/em><\/p>\n<p style=\"text-align: center;\"><a href=\"\/clg-belleetoile\/wp-content\/uploads\/sites\/49\/2014\/08\/SAM_2713.jpg\"><img loading=\"lazy\" decoding=\"async\" class=\"aligncenter size-large wp-image-487\" alt=\"SAM_2713\" src=\"\/clg-belleetoile\/wp-content\/uploads\/sites\/49\/2014\/08\/SAM_2713-1024x576.jpg\" width=\"640\" height=\"360\" srcset=\"https:\/\/site.ac-martinique.fr\/clg-belleetoile\/wp-content\/uploads\/sites\/49\/2014\/08\/SAM_2713-1024x576.jpg 1024w, https:\/\/site.ac-martinique.fr\/clg-belleetoile\/wp-content\/uploads\/sites\/49\/2014\/08\/SAM_2713-300x168.jpg 300w, https:\/\/site.ac-martinique.fr\/clg-belleetoile\/wp-content\/uploads\/sites\/49\/2014\/08\/SAM_2713.jpg 1792w\" sizes=\"auto, (max-width: 640px) 100vw, 640px\" \/><\/a><\/p>\n<p style=\"text-align: center;\"><em>Les prix de l&rsquo;excellence niveau 5\u00e8me<\/em><\/p>\n<p style=\"text-align: center;\"><a href=\"\/clg-belleetoile\/wp-content\/uploads\/sites\/49\/2014\/08\/SAM_2715.jpg\"><img loading=\"lazy\" decoding=\"async\" class=\"aligncenter size-large wp-image-488\" alt=\"SAM_2715\" src=\"\/clg-belleetoile\/wp-content\/uploads\/sites\/49\/2014\/08\/SAM_2715-1024x576.jpg\" width=\"640\" height=\"360\" srcset=\"https:\/\/site.ac-martinique.fr\/clg-belleetoile\/wp-content\/uploads\/sites\/49\/2014\/08\/SAM_2715-1024x576.jpg 1024w, https:\/\/site.ac-martinique.fr\/clg-belleetoile\/wp-content\/uploads\/sites\/49\/2014\/08\/SAM_2715-300x168.jpg 300w, https:\/\/site.ac-martinique.fr\/clg-belleetoile\/wp-content\/uploads\/sites\/49\/2014\/08\/SAM_2715.jpg 1792w\" sizes=\"auto, (max-width: 640px) 100vw, 640px\" \/><\/a><\/p>\n<p style=\"text-align: center;\"><em>Les prix de l\u2019excellence niveau 4\u00e8me<\/em><\/p>\n<p style=\"text-align: center;\"><a href=\"\/clg-belleetoile\/wp-content\/uploads\/sites\/49\/2014\/08\/SAM_2716.jpg\"><img loading=\"lazy\" decoding=\"async\" class=\"aligncenter size-large wp-image-489\" alt=\"SAM_2716\" src=\"\/clg-belleetoile\/wp-content\/uploads\/sites\/49\/2014\/08\/SAM_2716-1024x576.jpg\" width=\"640\" height=\"360\" srcset=\"https:\/\/site.ac-martinique.fr\/clg-belleetoile\/wp-content\/uploads\/sites\/49\/2014\/08\/SAM_2716-1024x576.jpg 1024w, https:\/\/site.ac-martinique.fr\/clg-belleetoile\/wp-content\/uploads\/sites\/49\/2014\/08\/SAM_2716-300x168.jpg 300w, https:\/\/site.ac-martinique.fr\/clg-belleetoile\/wp-content\/uploads\/sites\/49\/2014\/08\/SAM_2716.jpg 1792w\" sizes=\"auto, (max-width: 640px) 100vw, 640px\" \/><\/a><\/p>\n<p style=\"text-align: center;\"><em>Les prix de l\u2019excellence niveau 3\u00e8me<\/em><\/p>\n<p style=\"text-align: center;\"><a href=\"\/clg-belleetoile\/wp-content\/uploads\/sites\/49\/2014\/08\/SAM_2719.jpg\"><img loading=\"lazy\" decoding=\"async\" class=\"aligncenter size-large wp-image-490\" alt=\"SAM_2719\" src=\"\/clg-belleetoile\/wp-content\/uploads\/sites\/49\/2014\/08\/SAM_2719-1024x576.jpg\" width=\"640\" height=\"360\" srcset=\"https:\/\/site.ac-martinique.fr\/clg-belleetoile\/wp-content\/uploads\/sites\/49\/2014\/08\/SAM_2719-1024x576.jpg 1024w, https:\/\/site.ac-martinique.fr\/clg-belleetoile\/wp-content\/uploads\/sites\/49\/2014\/08\/SAM_2719-300x168.jpg 300w, https:\/\/site.ac-martinique.fr\/clg-belleetoile\/wp-content\/uploads\/sites\/49\/2014\/08\/SAM_2719.jpg 1792w\" sizes=\"auto, (max-width: 640px) 100vw, 640px\" \/><\/a><\/p>\n<p style=\"text-align: center;\">Nous poursuivons avec un sketch et une animation musicale des \u00e9l\u00e8ves de Bi-langues.<\/p>\n<p><iframe loading=\"lazy\" src=\"\/\/www.youtube.com\/embed\/D_HRfM9oNh8?rel=0\" height=\"315\" width=\"420\" allowfullscreen=\"\" frameborder=\"0\"><\/iframe><iframe loading=\"lazy\" src=\"\/\/www.youtube.com\/embed\/cZFYTqYHpdM?rel=0\" height=\"315\" width=\"420\" allowfullscreen=\"\" frameborder=\"0\"><\/iframe><\/p>\n<p style=\"text-align: center;\"><em>Le prix sp\u00e9cial du Conseil G\u00e9n\u00e9ral d\u00e9cern\u00e9 \u00e0 deux de nos jeunes \u00e9l\u00e8ves<\/em><\/p>\n<p style=\"text-align: center;\"><a href=\"\/clg-belleetoile\/wp-content\/uploads\/sites\/49\/2014\/08\/SAM_2722.jpg\"><img loading=\"lazy\" decoding=\"async\" class=\"aligncenter size-large wp-image-492\" alt=\"SAM_2722\" src=\"\/clg-belleetoile\/wp-content\/uploads\/sites\/49\/2014\/08\/SAM_2722-1024x576.jpg\" width=\"640\" height=\"360\" srcset=\"https:\/\/site.ac-martinique.fr\/clg-belleetoile\/wp-content\/uploads\/sites\/49\/2014\/08\/SAM_2722-1024x576.jpg 1024w, https:\/\/site.ac-martinique.fr\/clg-belleetoile\/wp-content\/uploads\/sites\/49\/2014\/08\/SAM_2722-300x168.jpg 300w, https:\/\/site.ac-martinique.fr\/clg-belleetoile\/wp-content\/uploads\/sites\/49\/2014\/08\/SAM_2722.jpg 1792w\" sizes=\"auto, (max-width: 640px) 100vw, 640px\" \/><\/a><\/p>\n<p style=\"text-align: left;\">La parole est maintenant donn\u00e9e \u00e0 Mme. BERNABE, notre CPE pour f\u00e9liciter les r\u00e9alisateurs de la fresque pour le respect et contre la violence.<\/p>\n<p style=\"text-align: left;\"><a href=\"\/clg-belleetoile\/wp-content\/uploads\/sites\/49\/2014\/08\/SAM_2726.jpg\"><img loading=\"lazy\" decoding=\"async\" class=\"alignleft  wp-image-496\" alt=\"SAM_2726\" src=\"\/clg-belleetoile\/wp-content\/uploads\/sites\/49\/2014\/08\/SAM_2726-576x1024.jpg\" width=\"295\" height=\"524\" srcset=\"https:\/\/site.ac-martinique.fr\/clg-belleetoile\/wp-content\/uploads\/sites\/49\/2014\/08\/SAM_2726-576x1024.jpg 576w, https:\/\/site.ac-martinique.fr\/clg-belleetoile\/wp-content\/uploads\/sites\/49\/2014\/08\/SAM_2726.jpg 1008w\" sizes=\"auto, (max-width: 295px) 100vw, 295px\" \/><\/a><\/p>\n<p style=\"text-align: left;\"><a style=\"color: #ff4b33; line-height: 24px;\" href=\"\/clg-belleetoile\/wp-content\/uploads\/sites\/49\/2014\/08\/SAM_2728.jpg\"><img loading=\"lazy\" decoding=\"async\" class=\"alignleft  wp-image-497\" alt=\"SAM_2728\" src=\"\/clg-belleetoile\/wp-content\/uploads\/sites\/49\/2014\/08\/SAM_2728-576x1024.jpg\" width=\"290\" height=\"517\" srcset=\"https:\/\/site.ac-martinique.fr\/clg-belleetoile\/wp-content\/uploads\/sites\/49\/2014\/08\/SAM_2728-576x1024.jpg 576w, https:\/\/site.ac-martinique.fr\/clg-belleetoile\/wp-content\/uploads\/sites\/49\/2014\/08\/SAM_2728-168x300.jpg 168w, https:\/\/site.ac-martinique.fr\/clg-belleetoile\/wp-content\/uploads\/sites\/49\/2014\/08\/SAM_2728.jpg 1008w\" sizes=\"auto, (max-width: 290px) 100vw, 290px\" \/><\/a><\/p>\n<p style=\"text-align: left;\"><a href=\"\/clg-belleetoile\/wp-content\/uploads\/sites\/49\/2014\/08\/SAM_2730.jpg\"><img loading=\"lazy\" decoding=\"async\" class=\"alignleft size-large wp-image-498\" alt=\"SAM_2730\" src=\"\/clg-belleetoile\/wp-content\/uploads\/sites\/49\/2014\/08\/SAM_2730-1024x576.jpg\" width=\"640\" height=\"360\" srcset=\"https:\/\/site.ac-martinique.fr\/clg-belleetoile\/wp-content\/uploads\/sites\/49\/2014\/08\/SAM_2730-1024x576.jpg 1024w, https:\/\/site.ac-martinique.fr\/clg-belleetoile\/wp-content\/uploads\/sites\/49\/2014\/08\/SAM_2730-300x168.jpg 300w, https:\/\/site.ac-martinique.fr\/clg-belleetoile\/wp-content\/uploads\/sites\/49\/2014\/08\/SAM_2730.jpg 1792w\" sizes=\"auto, (max-width: 640px) 100vw, 640px\" \/><\/a><\/p>\n<p style=\"text-align: left;\"><a href=\"\/clg-belleetoile\/wp-content\/uploads\/sites\/49\/2014\/08\/2014-07-03-11.14.38.jpg\"><img loading=\"lazy\" decoding=\"async\" class=\"aligncenter size-large wp-image-500\" alt=\"2014-07-03 11.14.38\" src=\"\/clg-belleetoile\/wp-content\/uploads\/sites\/49\/2014\/08\/2014-07-03-11.14.38-1024x576.jpg\" width=\"640\" height=\"360\" srcset=\"https:\/\/site.ac-martinique.fr\/clg-belleetoile\/wp-content\/uploads\/sites\/49\/2014\/08\/2014-07-03-11.14.38-1024x576.jpg 1024w, https:\/\/site.ac-martinique.fr\/clg-belleetoile\/wp-content\/uploads\/sites\/49\/2014\/08\/2014-07-03-11.14.38-300x168.jpg 300w, https:\/\/site.ac-martinique.fr\/clg-belleetoile\/wp-content\/uploads\/sites\/49\/2014\/08\/2014-07-03-11.14.38.jpg 1280w\" sizes=\"auto, (max-width: 640px) 100vw, 640px\" \/><\/a><\/p>\n<p style=\"text-align: left;\">Nous leur adressons encore toutes nos f\u00e9licitations pour leur implication dans ce tr\u00e8s beau travail.<\/p>\n<p style=\"text-align: center;\">Petit interm\u00e8de, sketch r\u00e9alis\u00e9 par les \u00e9l\u00e8ves de 5\u00e8me C (Cr\u00e9ole)<\/p>\n<p style=\"text-align: center;\">\u00ab\u00a0Koreksion Br\u00e8v\u00e9-a\u00a0\u00bb<\/p>\n<p style=\"text-align: center;\"><iframe loading=\"lazy\" src=\"\/\/www.youtube.com\/embed\/sSG6TOmOml8?rel=0\" height=\"315\" width=\"420\" allowfullscreen=\"\" frameborder=\"0\"><\/iframe><\/p>\n<p style=\"text-align: left;\">Nous reprenons ensuite la remise des prix par les prix de l\u2019excellence avec f\u00e9licitation de l&rsquo;\u00e9quipe \u00e9ducative.<\/p>\n<p style=\"text-align: center;\"><em>Prix de l\u2019excellence avec f\u00e9licitation de l&rsquo;\u00e9quipe \u00e9ducative niveau 5\u00e8me<\/em><\/p>\n<p style=\"text-align: center;\"><a href=\"\/clg-belleetoile\/wp-content\/uploads\/sites\/49\/2014\/08\/20140628_095929.jpg\"><img loading=\"lazy\" decoding=\"async\" class=\"aligncenter size-large wp-image-546\" alt=\"20140628_095929\" src=\"\/clg-belleetoile\/wp-content\/uploads\/sites\/49\/2014\/08\/20140628_095929-1024x576.jpg\" width=\"640\" height=\"360\" srcset=\"https:\/\/site.ac-martinique.fr\/clg-belleetoile\/wp-content\/uploads\/sites\/49\/2014\/08\/20140628_095929-1024x576.jpg 1024w, https:\/\/site.ac-martinique.fr\/clg-belleetoile\/wp-content\/uploads\/sites\/49\/2014\/08\/20140628_095929-300x168.jpg 300w, https:\/\/site.ac-martinique.fr\/clg-belleetoile\/wp-content\/uploads\/sites\/49\/2014\/08\/20140628_095929.jpg 1280w\" sizes=\"auto, (max-width: 640px) 100vw, 640px\" \/><\/a><\/p>\n<p style=\"text-align: center;\"><em>Prix de l\u2019excellence avec f\u00e9licitation de l&rsquo;\u00e9quipe \u00e9ducative niveau 4\u00e8me<\/em><\/p>\n<p style=\"text-align: center;\"><a href=\"\/clg-belleetoile\/wp-content\/uploads\/sites\/49\/2014\/08\/20140628_100158.jpg\"><img loading=\"lazy\" decoding=\"async\" class=\"aligncenter size-large wp-image-547\" alt=\"20140628_100158\" src=\"\/clg-belleetoile\/wp-content\/uploads\/sites\/49\/2014\/08\/20140628_100158-1024x576.jpg\" width=\"640\" height=\"360\" srcset=\"https:\/\/site.ac-martinique.fr\/clg-belleetoile\/wp-content\/uploads\/sites\/49\/2014\/08\/20140628_100158-1024x576.jpg 1024w, https:\/\/site.ac-martinique.fr\/clg-belleetoile\/wp-content\/uploads\/sites\/49\/2014\/08\/20140628_100158-300x168.jpg 300w, https:\/\/site.ac-martinique.fr\/clg-belleetoile\/wp-content\/uploads\/sites\/49\/2014\/08\/20140628_100158.jpg 1280w\" sizes=\"auto, (max-width: 640px) 100vw, 640px\" \/><\/a><\/p>\n<p style=\"text-align: center;\"><em>Prix de l\u2019excellence avec f\u00e9licitation de l&rsquo;\u00e9quipe \u00e9ducative niveau 3\u00e8me<\/em><\/p>\n<p style=\"text-align: center;\"><a href=\"\/clg-belleetoile\/wp-content\/uploads\/sites\/49\/2014\/08\/20140628_100315.jpg\"><img loading=\"lazy\" decoding=\"async\" class=\"aligncenter  wp-image-548\" alt=\"20140628_100315\" src=\"\/clg-belleetoile\/wp-content\/uploads\/sites\/49\/2014\/08\/20140628_100315-576x1024.jpg\" width=\"403\" height=\"717\" srcset=\"https:\/\/site.ac-martinique.fr\/clg-belleetoile\/wp-content\/uploads\/sites\/49\/2014\/08\/20140628_100315-576x1024.jpg 576w, https:\/\/site.ac-martinique.fr\/clg-belleetoile\/wp-content\/uploads\/sites\/49\/2014\/08\/20140628_100315-168x300.jpg 168w, https:\/\/site.ac-martinique.fr\/clg-belleetoile\/wp-content\/uploads\/sites\/49\/2014\/08\/20140628_100315.jpg 720w\" sizes=\"auto, (max-width: 403px) 100vw, 403px\" \/><\/a><\/p>\n","protected":false},"excerpt":{"rendered":"<p>Remise des prix 2014 &nbsp; On commence par le discours de M. MARLET, Principal du coll\u00e8ge. &nbsp; La Parole est ensuite donn\u00e9e \u00e0 M. Athanase JEANNE-ROSE, Monsieur Le Maire de Saint-Joseph qui nous fait l&rsquo;honneur de sa pr\u00e9sence. &nbsp; Vient &hellip; <a href=\"https:\/\/site.ac-martinique.fr\/clg-belleetoile\/photos\/remise-des-prix-2014\/\">Continuer la lecture <span class=\"meta-nav\">&rarr;<\/span><\/a><\/p>\n","protected":false},"author":118,"featured_media":0,"parent":462,"menu_order":0,"comment_status":"closed","ping_status":"open","template":"","meta":{"footnotes":""},"class_list":["post-465","page","type-page","status-publish","hentry"],"_links":{"self":[{"href":"https:\/\/site.ac-martinique.fr\/clg-belleetoile\/wp-json\/wp\/v2\/pages\/465","targetHints":{"allow":["GET"]}}],"collection":[{"href":"https:\/\/site.ac-martinique.fr\/clg-belleetoile\/wp-json\/wp\/v2\/pages"}],"about":[{"href":"https:\/\/site.ac-martinique.fr\/clg-belleetoile\/wp-json\/wp\/v2\/types\/page"}],"author":[{"embeddable":true,"href":"https:\/\/site.ac-martinique.fr\/clg-belleetoile\/wp-json\/wp\/v2\/users\/118"}],"replies":[{"embeddable":true,"href":"https:\/\/site.ac-martinique.fr\/clg-belleetoile\/wp-json\/wp\/v2\/comments?post=465"}],"version-history":[{"count":26,"href":"https:\/\/site.ac-martinique.fr\/clg-belleetoile\/wp-json\/wp\/v2\/pages\/465\/revisions"}],"predecessor-version":[{"id":552,"href":"https:\/\/site.ac-martinique.fr\/clg-belleetoile\/wp-json\/wp\/v2\/pages\/465\/revisions\/552"}],"up":[{"embeddable":true,"href":"https:\/\/site.ac-martinique.fr\/clg-belleetoile\/wp-json\/wp\/v2\/pages\/462"}],"wp:attachment":[{"href":"https:\/\/site.ac-martinique.fr\/clg-belleetoile\/wp-json\/wp\/v2\/media?parent=465"}],"curies":[{"name":"wp","href":"https:\/\/api.w.org\/{rel}","templated":true}]}}