{"id":560,"date":"2014-09-03T11:40:35","date_gmt":"2014-09-03T15:40:35","guid":{"rendered":"\/clg-belleetoile\/?page_id=560"},"modified":"2014-09-03T11:40:35","modified_gmt":"2014-09-03T15:40:35","slug":"projet-de-realisation-dune-fresque-sur-le-theme-de-la-non-violence","status":"publish","type":"page","link":"https:\/\/site.ac-martinique.fr\/clg-belleetoile\/pedagogie\/arts-plastiques\/projet-de-realisation-dune-fresque-sur-le-theme-de-la-non-violence\/","title":{"rendered":"Projet de r\u00e9alisation d\u2019une fresque sur le th\u00e8me de la Non-Violence"},"content":{"rendered":"<div style=\"color: #141412;\">Coll\u00e8ge Belle-Etoile<\/div>\n<div style=\"color: #141412;\">Saint-Joseph<\/div>\n<div style=\"color: #141412;\"><\/div>\n<div style=\"color: #141412;\">Chers parents,<\/div>\n<p style=\"color: #141412;\">Nous avons le plaisir de vous annoncer que certains de nos jeunes (de la 6<sup>\u00e8me<\/sup>\u00a0\u00e0 la 3<sup>\u00e8me<\/sup>) impulsent un projet sur le th\u00e8me de la non-violence.<\/p>\n<p style=\"color: #141412;\">Ce projet consiste en la r\u00e9alisation, tout au long de l\u0092ann\u00e9e, d\u0092une fresque sur un des murs du coll\u00e8ge. Ce sont les \u00e9l\u00e8ves qui seront \u00e0 l\u0092origine du dessin, en collaboration avec leurs professeurs d\u0092art plastique mais aussi des artistes professionnels ext\u00e9rieurs.<\/p>\n<div style=\"color: #141412;\">Les objectifs de cette action\u00a0:<\/div>\n<ul style=\"color: #141412;\" type=\"disc\">\n<li>Sensibiliser aux risques de la violence \u00e0 l\u0092\u00e9cole mais aussi en dehors<\/li>\n<li>aider les jeunes \u00e0 mettre en valeur leur environnement scolaire et \u00e0 d\u00e9velopper leur esprit critique (artistique et culturel)<\/li>\n<li>valoriser nos jeunes<\/li>\n<li>mettre en avant les talents de chacun<\/li>\n<\/ul>\n<div style=\"color: #141412;\">Il y aura deux phases:<\/div>\n<p style=\"color: #141412;\">-Une de sensibilisation\u00a0et de r\u00e9flexion sur le th\u00e8me de la violence\u00a0: les \u00e9l\u00e8ves participeront \u00e0 des d\u00e9bats, des jeux de r\u00f4les, notamment en pr\u00e9sence d\u0092intervenants ext\u00e9rieurs, particuli\u00e8rement impliqu\u00e9s et touch\u00e9s par ce sujet (T\u00e9moignages, association violence, com\u00e9diens).<\/p>\n<p style=\"color: #141412;\">-Une d\u0092application\u00a0: R\u00e9alisation de la maquette en petits groupes puis passage sur le mur avec des bombes a\u00e9rosols, encadr\u00e9e par des artistes.<\/p>\n<p style=\"color: #141412;\">Nous nous mobilisons pour les soutenir et les pousser \u00e0 pers\u00e9v\u00e9rer dans ce type d\u0092actions positives et formatrices.<\/p>\n<div style=\"color: #141412;\"><\/div>\n<div style=\"color: #141412;\">Cordialement<\/div>\n<div style=\"color: #141412;\"><\/div>\n<div style=\"color: #141412;\">REFERENTS PROJET\u00a0:<\/div>\n<div style=\"color: #141412;\">Mme BERNABE\u00a0 CPE<\/div>\n<div style=\"color: #141412;\">M. EDMOND\u00a0\u00a0 Professeur d\u0092art plastique<\/div>\n<p style=\"color: #141412;\">Mme GARCON, Mme FORDANT, Mr ROY LE DOUX (AP)<\/p>\n<p style=\"color: #141412;\">\u00a0\u00a0\u00a0\u00a0\u00a0\u00a0\u00a0\u00a0\u00a0\u00a0\u00a0\u00a0\u00a0\u00a0\u00a0\u00a0\u00a0\u00a0\u00a0\u00a0\u00a0\u00a0\u00a0\u00a0\u00a0\u00a0\u00a0\u00a0\u00a0\u00a0\u00a0\u00a0\u00a0\u00a0\u00a0\u00a0\u00a0\u00a0\u00a0\u00a0\u00a0\u00a0\u00a0\u00a0\u00a0\u00a0\u00a0\u00a0\u00a0\u00a0\u00a0\u00a0\u00a0\u00a0\u00a0\u00a0\u00a0\u00a0\u00a0\u00a0\u00a0\u00a0\u00a0\u00a0\u00a0\u00a0\u00a0\u00a0\u00a0\u00a0\u00a0\u00a0\u00a0\u00a0\u00a0\u00a0\u00a0\u00a0\u00a0\u00a0\u00a0\u00a0\u00a0\u00a0\u00a0\u00a0\u00a0\u00a0\u00a0\u00a0\u00a0\u00a0\u00a0\u00a0\u00a0\u00a0\u00a0\u00a0\u00a0\u00a0\u00a0\u00a0\u00a0\u00a0\u00a0\u00a0\u00a0\u00a0\u00a0\u00a0\u00a0\u00a0\u00a0\u00a0\u00a0\u00a0\u00a0\u00a0\u00a0\u00a0\u00a0\u00a0\u00a0\u00a0\u00a0\u00a0\u00a0\u00a0\u00a0\u00a0\u00a0\u00a0\u00a0\u00a0\u00a0\u00a0\u00a0\u00a0\u00a0\u00a0 \u00a0\u00a0\u00a0\u00a0\u00a0\u00a0\u00a0\u00a0\u00a0\u00a0\u00a0\u00a0\u00a0\u00a0\u00a0 M. LE PRINCIPAL<\/p>\n<p style=\"color: #141412;\">\n<p style=\"color: #141412;\"><a href=\"\/clg-belleetoile\/wp-content\/uploads\/sites\/49\/2014\/08\/2014-07-03-11.14.38.jpg\"><img loading=\"lazy\" decoding=\"async\" class=\"aligncenter size-large wp-image-500\" src=\"\/clg-belleetoile\/wp-content\/uploads\/sites\/49\/2014\/08\/2014-07-03-11.14.38-1024x576.jpg\" alt=\"2014-07-03 11.14.38\" width=\"640\" height=\"360\" srcset=\"https:\/\/site.ac-martinique.fr\/clg-belleetoile\/wp-content\/uploads\/sites\/49\/2014\/08\/2014-07-03-11.14.38-1024x576.jpg 1024w, https:\/\/site.ac-martinique.fr\/clg-belleetoile\/wp-content\/uploads\/sites\/49\/2014\/08\/2014-07-03-11.14.38-300x168.jpg 300w, https:\/\/site.ac-martinique.fr\/clg-belleetoile\/wp-content\/uploads\/sites\/49\/2014\/08\/2014-07-03-11.14.38.jpg 1280w\" sizes=\"auto, (max-width: 640px) 100vw, 640px\" \/><\/a><\/p>\n","protected":false},"excerpt":{"rendered":"<p>Coll\u00e8ge Belle-Etoile Saint-Joseph Chers parents, Nous avons le plaisir de vous annoncer que certains de nos jeunes (de la 6\u00e8me\u00a0\u00e0 la 3\u00e8me) impulsent un projet sur le th\u00e8me de la non-violence. Ce projet consiste en la r\u00e9alisation, tout au long &hellip; <a href=\"https:\/\/site.ac-martinique.fr\/clg-belleetoile\/pedagogie\/arts-plastiques\/projet-de-realisation-dune-fresque-sur-le-theme-de-la-non-violence\/\">Continuer la lecture <span class=\"meta-nav\">&rarr;<\/span><\/a><\/p>\n","protected":false},"author":118,"featured_media":0,"parent":272,"menu_order":0,"comment_status":"closed","ping_status":"open","template":"","meta":{"footnotes":""},"class_list":["post-560","page","type-page","status-publish","hentry"],"_links":{"self":[{"href":"https:\/\/site.ac-martinique.fr\/clg-belleetoile\/wp-json\/wp\/v2\/pages\/560","targetHints":{"allow":["GET"]}}],"collection":[{"href":"https:\/\/site.ac-martinique.fr\/clg-belleetoile\/wp-json\/wp\/v2\/pages"}],"about":[{"href":"https:\/\/site.ac-martinique.fr\/clg-belleetoile\/wp-json\/wp\/v2\/types\/page"}],"author":[{"embeddable":true,"href":"https:\/\/site.ac-martinique.fr\/clg-belleetoile\/wp-json\/wp\/v2\/users\/118"}],"replies":[{"embeddable":true,"href":"https:\/\/site.ac-martinique.fr\/clg-belleetoile\/wp-json\/wp\/v2\/comments?post=560"}],"version-history":[{"count":1,"href":"https:\/\/site.ac-martinique.fr\/clg-belleetoile\/wp-json\/wp\/v2\/pages\/560\/revisions"}],"predecessor-version":[{"id":561,"href":"https:\/\/site.ac-martinique.fr\/clg-belleetoile\/wp-json\/wp\/v2\/pages\/560\/revisions\/561"}],"up":[{"embeddable":true,"href":"https:\/\/site.ac-martinique.fr\/clg-belleetoile\/wp-json\/wp\/v2\/pages\/272"}],"wp:attachment":[{"href":"https:\/\/site.ac-martinique.fr\/clg-belleetoile\/wp-json\/wp\/v2\/media?parent=560"}],"curies":[{"name":"wp","href":"https:\/\/api.w.org\/{rel}","templated":true}]}}