{"id":60,"date":"2014-06-02T08:06:10","date_gmt":"2014-06-02T12:06:10","guid":{"rendered":"\/clg-belleetoile\/?page_id=60"},"modified":"2023-08-29T18:55:51","modified_gmt":"2023-08-29T22:55:51","slug":"la-direction","status":"publish","type":"page","link":"https:\/\/site.ac-martinique.fr\/clg-belleetoile\/presentation-du-college-2\/la-direction\/","title":{"rendered":"La Direction"},"content":{"rendered":"<p><strong>Mme. VENTURA Mirelle <\/strong>: Principale<\/p>\n<p><strong>Mme. ALCIBIADE Chim\u00e8ne<\/strong> : Principale adjointe<\/p>\n<p><strong>M. AUGUSTINIEN<\/strong>\u00a0<strong>Jean-Luc<\/strong> : Directeur Adjoint SEGPA<\/p>\n<p><strong>Mme. NINO Nathalie : <\/strong>Adjoint Gestionnaire<\/p>\n<p style=\"text-align: center;\"><strong><u>REPARTITION DES TACHES<\/u><\/strong><\/p>\n<p style=\"text-align: center;\"><em>Sous r\u00e9serve de modifications eventutelles<\/em><\/p>\n<p><strong><u>\u00a0<\/u><\/strong><\/p>\n<table width=\"624\">\n<tbody>\n<tr>\n<td><strong><u>ALCIBIADE Chim\u00e8ne<\/u><\/strong><strong><u>\u00a0<\/u><\/strong>Emploi du temps 2015 avec gestion compl\u00e8teRemont\u00e9e des services d\u2019enseignement<\/p>\n<p>Gestion des espaces p\u00e9dagogiques<\/p>\n<p>Suivi des classes\u00a0coll\u00e8ge (5<sup>i\u00e8me,<\/sup> 3<sup>i\u00e8me<\/sup>)<\/p>\n<p>Suivi\u00a0 de l\u2019aide individualis\u00e9e<\/p>\n<p>Suivi des IDD<\/p>\n<p>Organisation des rencontres Parents Professeurs et des Conseils de classe (coll\u00e8ge).<\/p>\n<p>Information pour les inspections<\/p>\n<p>Suivi des absences des professeurs et des remplacements (coll\u00e8ge).<\/p>\n<p>Organisation et suivi avec les COP des actions sur l\u2019orientation et l\u2019information<\/p>\n<p>Membre du comit\u00e9 ex\u00e9cutif du r\u00e9seau \u00e9clair<\/p>\n<p>Gestion des actions particuli\u00e8res (s\u00e9curit\u00e9 routi\u00e8re, Ecole entreprise, B2i\u2026.)<\/p>\n<p>Pr\u00e9sidence du conseil p\u00e9dagogique<\/p>\n<p>Gestion de l\u2019accompagnement \u00e9ducatif<\/td>\n<td>\u00a0\u00a0\u00a0<strong><u>AUGUSTINIEN Jean-Luc<\/u><\/strong><strong><u>\u00a0<\/u><\/strong>Emploi du temps 2015 SEGPAGestion des espaces p\u00e9dagogiques de la SEGPA<\/p>\n<p>Suivi des classes de la SEGPA\u00a0:<\/p>\n<p>Suivi des absences des professeurs et des remplacements<\/p>\n<p>Organisation des rencontres Parents Professeurs\u00a0et des conseils de classe(SEGPA).<\/p>\n<p>Information pour les inspections.<\/p>\n<p>Suivi des absences des professeurs et des remplacements(SEGPA).<\/p>\n<p>Organisation et suivi avec les COP des actions sur l\u2019orientation et l\u2019information<\/p>\n<p>Gestion des actions particuli\u00e8res (s\u00e9curit\u00e9 routi\u00e8re, Ecole entreprise, B2i \u2026.)<\/p>\n<p>Membre du comit\u00e9 ex\u00e9cutif du r\u00e9seau \u00e9clair<\/td>\n<\/tr>\n<\/tbody>\n<\/table>\n<table>\n<tbody>\n<tr>\n<td width=\"307\"><strong><u>VENTURA Mirelle<\/u><\/strong><strong><u>\u00a0<\/u><\/strong>Pr\u00e9parations des r\u00e9unions des instances internes\u00a0(Conseil d\u2019Administration, Commission Permanente, Conseil de discipline)Elections diverses<\/p>\n<p>Co pr\u00e9sidence du comit\u00e9 ex\u00e9cutif du r\u00e9seau REP<\/p>\n<p>Gestion des cr\u00e9dits d\u2019\u00e9tat et du conseil g\u00e9n\u00e9ral<\/p>\n<p>Pr\u00e9paration de la rentr\u00e9e 2019 (TRMD)<\/p>\n<p>Suivi des classes coll\u00e8ge (6<sup>i\u00e8me<\/sup>,4<sup>i\u00e8me<\/sup>)<\/p>\n<p>Commission\u00a0 d\u2019\u00e9ducation \u00e0 la sant\u00e9 et \u00e0 la citoyennet\u00e9<\/p>\n<p>Commission de vie scolaire<\/p>\n<p>Commission d\u2019hygi\u00e8ne et de s\u00e9curit\u00e9<\/p>\n<p>Fonds social coll\u00e9gien<\/p>\n<p>Fonds social cantines<\/p>\n<p>Signalement procureur<\/p>\n<p>GRETA<\/td>\n<td width=\"307\">\u00a0\u00a0\u00a0\u00a0\u00a0\u00a0\u00a0\u00a0\u00a0\u00a0\u00a0\u00a0\u00a0\u00a0\u00a0\u00a0\u00a0\u00a0\u00a0\u00a0\u00a0<strong><u>NINO Nathalie<\/u><\/strong><\/p>\n<table>\n<tbody>\n<tr>\n<td width=\"292\">Emploi du temps des Adjoints Techniques territoriaux et personnels administratifsGestion mat\u00e9rielle et budg\u00e9taireSuivi des diff\u00e9rentes subventions<\/td>\n<\/tr>\n<\/tbody>\n<\/table>\n<\/td>\n<\/tr>\n<\/tbody>\n<\/table>\n","protected":false},"excerpt":{"rendered":"<p>Mme. VENTURA Mirelle : Principale Mme. ALCIBIADE Chim\u00e8ne : Principale adjointe M. AUGUSTINIEN\u00a0Jean-Luc : Directeur Adjoint SEGPA Mme. NINO Nathalie : Adjoint Gestionnaire REPARTITION DES TACHES Sous r\u00e9serve de modifications eventutelles \u00a0 ALCIBIADE Chim\u00e8ne\u00a0Emploi du temps 2015 avec gestion compl\u00e8teRemont\u00e9e &hellip; <a href=\"https:\/\/site.ac-martinique.fr\/clg-belleetoile\/presentation-du-college-2\/la-direction\/\">Continuer la lecture <span class=\"meta-nav\">&rarr;<\/span><\/a><\/p>\n","protected":false},"author":118,"featured_media":0,"parent":37,"menu_order":6,"comment_status":"closed","ping_status":"open","template":"","meta":{"footnotes":""},"class_list":["post-60","page","type-page","status-publish","hentry"],"_links":{"self":[{"href":"https:\/\/site.ac-martinique.fr\/clg-belleetoile\/wp-json\/wp\/v2\/pages\/60","targetHints":{"allow":["GET"]}}],"collection":[{"href":"https:\/\/site.ac-martinique.fr\/clg-belleetoile\/wp-json\/wp\/v2\/pages"}],"about":[{"href":"https:\/\/site.ac-martinique.fr\/clg-belleetoile\/wp-json\/wp\/v2\/types\/page"}],"author":[{"embeddable":true,"href":"https:\/\/site.ac-martinique.fr\/clg-belleetoile\/wp-json\/wp\/v2\/users\/118"}],"replies":[{"embeddable":true,"href":"https:\/\/site.ac-martinique.fr\/clg-belleetoile\/wp-json\/wp\/v2\/comments?post=60"}],"version-history":[{"count":10,"href":"https:\/\/site.ac-martinique.fr\/clg-belleetoile\/wp-json\/wp\/v2\/pages\/60\/revisions"}],"predecessor-version":[{"id":4447,"href":"https:\/\/site.ac-martinique.fr\/clg-belleetoile\/wp-json\/wp\/v2\/pages\/60\/revisions\/4447"}],"up":[{"embeddable":true,"href":"https:\/\/site.ac-martinique.fr\/clg-belleetoile\/wp-json\/wp\/v2\/pages\/37"}],"wp:attachment":[{"href":"https:\/\/site.ac-martinique.fr\/clg-belleetoile\/wp-json\/wp\/v2\/media?parent=60"}],"curies":[{"name":"wp","href":"https:\/\/api.w.org\/{rel}","templated":true}]}}