{"id":726,"date":"2014-11-26T19:02:21","date_gmt":"2014-11-26T23:02:21","guid":{"rendered":"\/clg-belleetoile\/?page_id=726"},"modified":"2014-11-26T19:02:21","modified_gmt":"2014-11-26T23:02:21","slug":"previsions-meteorologiques-de-la-4eme-c-semaine-du-2611","status":"publish","type":"page","link":"https:\/\/site.ac-martinique.fr\/clg-belleetoile\/pedagogie\/les-couleurs-de-classe\/les-scientifiques\/previsions-meteorologiques-de-la-4eme-c-semaine-du-2611\/","title":{"rendered":"Pr\u00e9visions m\u00e9t\u00e9orologiques de la 4\u00e8me C semaine du 26\/11"},"content":{"rendered":"<p><a href=\"\/clg-belleetoile\/wp-content\/uploads\/sites\/49\/2014\/11\/Pr\u00e9vision-m\u00e9t\u00e9o-gr-1-4C-26-11.jpg\"><img loading=\"lazy\" decoding=\"async\" class=\"aligncenter size-full wp-image-723\" src=\"\/clg-belleetoile\/wp-content\/uploads\/sites\/49\/2014\/11\/Pr\u00e9vision-m\u00e9t\u00e9o-gr-1-4C-26-11.jpg\" alt=\"Pr\u00e9vision m\u00e9t\u00e9o gr 1 4C 26-11\" width=\"938\" height=\"666\" srcset=\"https:\/\/site.ac-martinique.fr\/clg-belleetoile\/wp-content\/uploads\/sites\/49\/2014\/11\/Pr\u00e9vision-m\u00e9t\u00e9o-gr-1-4C-26-11.jpg 938w, https:\/\/site.ac-martinique.fr\/clg-belleetoile\/wp-content\/uploads\/sites\/49\/2014\/11\/Pr\u00e9vision-m\u00e9t\u00e9o-gr-1-4C-26-11-300x213.jpg 300w\" sizes=\"auto, (max-width: 938px) 100vw, 938px\" \/><\/a><\/p>\n<p><a href=\"\/clg-belleetoile\/wp-content\/uploads\/sites\/49\/2014\/11\/Pr\u00e9vision-m\u00e9t\u00e9o-gr-2-4C-26-11.jpg\"><img loading=\"lazy\" decoding=\"async\" class=\"aligncenter size-full wp-image-724\" src=\"\/clg-belleetoile\/wp-content\/uploads\/sites\/49\/2014\/11\/Pr\u00e9vision-m\u00e9t\u00e9o-gr-2-4C-26-11.jpg\" alt=\"Pr\u00e9vision m\u00e9t\u00e9o gr 2 4C 26-11\" width=\"957\" height=\"664\" srcset=\"https:\/\/site.ac-martinique.fr\/clg-belleetoile\/wp-content\/uploads\/sites\/49\/2014\/11\/Pr\u00e9vision-m\u00e9t\u00e9o-gr-2-4C-26-11.jpg 957w, https:\/\/site.ac-martinique.fr\/clg-belleetoile\/wp-content\/uploads\/sites\/49\/2014\/11\/Pr\u00e9vision-m\u00e9t\u00e9o-gr-2-4C-26-11-300x208.jpg 300w\" sizes=\"auto, (max-width: 957px) 100vw, 957px\" \/><\/a><\/p>\n","protected":false},"excerpt":{"rendered":"","protected":false},"author":118,"featured_media":0,"parent":252,"menu_order":1,"comment_status":"closed","ping_status":"open","template":"","meta":{"footnotes":""},"class_list":["post-726","page","type-page","status-publish","hentry"],"_links":{"self":[{"href":"https:\/\/site.ac-martinique.fr\/clg-belleetoile\/wp-json\/wp\/v2\/pages\/726","targetHints":{"allow":["GET"]}}],"collection":[{"href":"https:\/\/site.ac-martinique.fr\/clg-belleetoile\/wp-json\/wp\/v2\/pages"}],"about":[{"href":"https:\/\/site.ac-martinique.fr\/clg-belleetoile\/wp-json\/wp\/v2\/types\/page"}],"author":[{"embeddable":true,"href":"https:\/\/site.ac-martinique.fr\/clg-belleetoile\/wp-json\/wp\/v2\/users\/118"}],"replies":[{"embeddable":true,"href":"https:\/\/site.ac-martinique.fr\/clg-belleetoile\/wp-json\/wp\/v2\/comments?post=726"}],"version-history":[{"count":1,"href":"https:\/\/site.ac-martinique.fr\/clg-belleetoile\/wp-json\/wp\/v2\/pages\/726\/revisions"}],"predecessor-version":[{"id":727,"href":"https:\/\/site.ac-martinique.fr\/clg-belleetoile\/wp-json\/wp\/v2\/pages\/726\/revisions\/727"}],"up":[{"embeddable":true,"href":"https:\/\/site.ac-martinique.fr\/clg-belleetoile\/wp-json\/wp\/v2\/pages\/252"}],"wp:attachment":[{"href":"https:\/\/site.ac-martinique.fr\/clg-belleetoile\/wp-json\/wp\/v2\/media?parent=726"}],"curies":[{"name":"wp","href":"https:\/\/api.w.org\/{rel}","templated":true}]}}