{"id":79,"date":"2014-06-02T08:32:35","date_gmt":"2014-06-02T12:32:35","guid":{"rendered":"\/clg-belleetoile\/?page_id=79"},"modified":"2014-06-02T08:34:49","modified_gmt":"2014-06-02T12:34:49","slug":"le-service-de-reprographie","status":"publish","type":"page","link":"https:\/\/site.ac-martinique.fr\/clg-belleetoile\/presentation-du-college-2\/le-service-de-reprographie\/","title":{"rendered":"Le service de reprographie"},"content":{"rendered":"<p><span style=\"font-family: 'Times New Roman'; font-size: medium;\">Ch\u00e8re et cher\u00a0coll\u00e8gues,<\/span><\/p>\n<p><span style=\"font-family: 'Times New Roman'; font-size: medium;\">Le service de reprographie vous permet d&rsquo;envoyer vos documents \u00e0 imprimer \u00e0 l&rsquo;adresse suivante :<\/span><\/p>\n<p><a href=\"mailto:reprographie.belleetoile@gmail.com\"><span style=\"font-family: 'Times New Roman'; font-size: medium;\">reprographie.belleetoile@gmail.com<\/span><\/a><\/p>\n<p><span style=\"font-family: 'Times New Roman'; font-size: medium;\">Bien sur, ceux-ci devront toujours \u00eatre envoy\u00e9s\u00a048h avant.<\/span><\/p>\n","protected":false},"excerpt":{"rendered":"<p>Ch\u00e8re et cher\u00a0coll\u00e8gues, Le service de reprographie vous permet d&rsquo;envoyer vos documents \u00e0 imprimer \u00e0 l&rsquo;adresse suivante : reprographie.belleetoile@gmail.com Bien sur, ceux-ci devront toujours \u00eatre envoy\u00e9s\u00a048h avant.<\/p>\n","protected":false},"author":118,"featured_media":0,"parent":37,"menu_order":11,"comment_status":"closed","ping_status":"open","template":"","meta":{"footnotes":""},"class_list":["post-79","page","type-page","status-publish","hentry"],"_links":{"self":[{"href":"https:\/\/site.ac-martinique.fr\/clg-belleetoile\/wp-json\/wp\/v2\/pages\/79","targetHints":{"allow":["GET"]}}],"collection":[{"href":"https:\/\/site.ac-martinique.fr\/clg-belleetoile\/wp-json\/wp\/v2\/pages"}],"about":[{"href":"https:\/\/site.ac-martinique.fr\/clg-belleetoile\/wp-json\/wp\/v2\/types\/page"}],"author":[{"embeddable":true,"href":"https:\/\/site.ac-martinique.fr\/clg-belleetoile\/wp-json\/wp\/v2\/users\/118"}],"replies":[{"embeddable":true,"href":"https:\/\/site.ac-martinique.fr\/clg-belleetoile\/wp-json\/wp\/v2\/comments?post=79"}],"version-history":[{"count":4,"href":"https:\/\/site.ac-martinique.fr\/clg-belleetoile\/wp-json\/wp\/v2\/pages\/79\/revisions"}],"predecessor-version":[{"id":83,"href":"https:\/\/site.ac-martinique.fr\/clg-belleetoile\/wp-json\/wp\/v2\/pages\/79\/revisions\/83"}],"up":[{"embeddable":true,"href":"https:\/\/site.ac-martinique.fr\/clg-belleetoile\/wp-json\/wp\/v2\/pages\/37"}],"wp:attachment":[{"href":"https:\/\/site.ac-martinique.fr\/clg-belleetoile\/wp-json\/wp\/v2\/media?parent=79"}],"curies":[{"name":"wp","href":"https:\/\/api.w.org\/{rel}","templated":true}]}}