{"id":790,"date":"2015-06-19T10:17:30","date_gmt":"2015-06-19T14:17:30","guid":{"rendered":"\/clg-belleetoile\/?page_id=790"},"modified":"2015-06-19T10:20:06","modified_gmt":"2015-06-19T14:20:06","slug":"atelier-bd-hispanique","status":"publish","type":"page","link":"https:\/\/site.ac-martinique.fr\/clg-belleetoile\/pedagogie\/espagnol-2\/atelier-bd-hispanique\/","title":{"rendered":"ATELIER BD HISPANIQUE"},"content":{"rendered":"<p style=\"text-align: center;\">ATELIER BD HISPANIQUE AU COLLEGE BELLE ETOILE DE SAINT-JOSEPH<\/p>\n<p>Tout au long de l\u2019ann\u00e9e scolaire 2014-1015, les classes bilangues de 4\u00e8me L1 et 4\u00e8me LCR de Mme PETIT ROCHAMBEAU ont pr\u00e9par\u00e9 un projet tr\u00e8s original en collaboration avec leur assistante d\u2019espagnol, Angela Mart\u00ednez Zahino, originaire de Madrid, qui leur a permis de devenir auteurs de leur propre bande dessin\u00e9e hispanique.<br \/>\nCet atelier BD hispanique qui s\u2019est d\u00e9roul\u00e9 en ateliers le jeudi apr\u00e8s-midi de 14h30 \u00e0 16h30, avait surtout pour but de sensibiliser ce jeune public \u00e0 la d\u00e9couverte des h\u00e9ros les plus c\u00e9l\u00e8bres de la litt\u00e9rature de jeunesse espagnole, \u00e0 savoir les jumeaux espi\u00e8gles et les deux agents secrets de bandes dessin\u00e9es espagnoles Zipi et Zape, Mortadelo et Filem\u00f3n ainsi que le jeune madril\u00e8ne tr\u00e8s c\u00e9l\u00e8bre du genre romanesque, Manolito Gafotas.<\/p>\n<p><a href=\"\/clg-belleetoile\/wp-content\/uploads\/sites\/49\/2015\/06\/ima1.jpg\"><img loading=\"lazy\" decoding=\"async\" class=\"  alignleft wp-image-791 size-medium\" src=\"\/clg-belleetoile\/wp-content\/uploads\/sites\/49\/2015\/06\/ima1-300x177.jpg\" alt=\"ima1\" width=\"300\" height=\"177\" srcset=\"https:\/\/site.ac-martinique.fr\/clg-belleetoile\/wp-content\/uploads\/sites\/49\/2015\/06\/ima1-300x177.jpg 300w, https:\/\/site.ac-martinique.fr\/clg-belleetoile\/wp-content\/uploads\/sites\/49\/2015\/06\/ima1.jpg 640w\" sizes=\"auto, (max-width: 300px) 100vw, 300px\" \/><\/a><\/p>\n<p><a href=\"\/clg-belleetoile\/wp-content\/uploads\/sites\/49\/2015\/06\/ima2.jpg\"><img loading=\"lazy\" decoding=\"async\" class=\"  alignleft wp-image-792 size-medium\" src=\"\/clg-belleetoile\/wp-content\/uploads\/sites\/49\/2015\/06\/ima2-300x206.jpg\" alt=\"ima2\" width=\"300\" height=\"206\" srcset=\"https:\/\/site.ac-martinique.fr\/clg-belleetoile\/wp-content\/uploads\/sites\/49\/2015\/06\/ima2-300x206.jpg 300w, https:\/\/site.ac-martinique.fr\/clg-belleetoile\/wp-content\/uploads\/sites\/49\/2015\/06\/ima2.jpg 548w\" sizes=\"auto, (max-width: 300px) 100vw, 300px\" \/><\/a><\/p>\n<p>&nbsp;<\/p>\n<p>&nbsp;<\/p>\n<p>&nbsp;<\/p>\n<p>&nbsp;<\/p>\n<p>&nbsp;<\/p>\n<p>&nbsp;<\/p>\n<p>&nbsp;<\/p>\n<p>&nbsp;<\/p>\n<p>&nbsp;<\/p>\n<p>Avec l\u2019aide de l\u2019assistante d\u2019espagnol et \u00e0 partir du th\u00e8me du tourisme en Espagne, ils ont pu aussi d\u00e9couvrir les \u00e9l\u00e9ments culturels de l\u2019espagnol \u00e0 travers trois grandes r\u00e9gions autonomes d\u2019Espagne (la communaut\u00e9 de Madrid, la Catalogne et l\u2019Andalousie) dans le but de bien s\u2019impr\u00e9gner de la culture, de la diversit\u00e9 et de la richesse de la langue espagnole.<br \/>\nL\u2019\u00e9laboration de leur propre bande dessin\u00e9e leur a donc permis d\u2019animer page par page ces grands h\u00e9ros espagnols en les faisant parler avec leurs propres id\u00e9es et en leur inventant des aventures incroyables.<br \/>\nCe projet \u00e0 la fois p\u00e9dagogique et ludique a par cons\u00e9quent beaucoup plu aux \u00e9l\u00e8ves et leur a permis de r\u00e9aliser une petite bande dessin\u00e9e en espagnol d\u2019une vingtaine de pages, pleine d\u2019humour, qui est le fruit d\u2019un v\u00e9ritable travail de production \u00e9crite riche en cr\u00e9ativit\u00e9 et en originalit\u00e9. Mais ce projet aura sans doute \u00e9t\u00e9 pour certains l\u2019occasion de se d\u00e9couvrir une certaine vocation de dessinateurs, de graphistes ou de sc\u00e9naristes dans un futur proche.<\/p>\n<p><a href=\"\/clg-belleetoile\/wp-content\/uploads\/sites\/49\/2015\/06\/ima3.jpg\"><img loading=\"lazy\" decoding=\"async\" class=\"alignleft wp-image-793 size-medium\" src=\"\/clg-belleetoile\/wp-content\/uploads\/sites\/49\/2015\/06\/ima3-300x247.jpg\" alt=\"ima3\" width=\"300\" height=\"247\" srcset=\"https:\/\/site.ac-martinique.fr\/clg-belleetoile\/wp-content\/uploads\/sites\/49\/2015\/06\/ima3-300x247.jpg 300w, https:\/\/site.ac-martinique.fr\/clg-belleetoile\/wp-content\/uploads\/sites\/49\/2015\/06\/ima3.jpg 482w\" sizes=\"auto, (max-width: 300px) 100vw, 300px\" \/><\/a> <a href=\"\/clg-belleetoile\/wp-content\/uploads\/sites\/49\/2015\/06\/ima4.jpg\"><img loading=\"lazy\" decoding=\"async\" class=\"alignleft wp-image-794 size-medium\" src=\"\/clg-belleetoile\/wp-content\/uploads\/sites\/49\/2015\/06\/ima4-300x201.jpg\" alt=\"ima4\" width=\"300\" height=\"201\" srcset=\"https:\/\/site.ac-martinique.fr\/clg-belleetoile\/wp-content\/uploads\/sites\/49\/2015\/06\/ima4-300x201.jpg 300w, https:\/\/site.ac-martinique.fr\/clg-belleetoile\/wp-content\/uploads\/sites\/49\/2015\/06\/ima4.jpg 559w\" sizes=\"auto, (max-width: 300px) 100vw, 300px\" \/><\/a><\/p>\n","protected":false},"excerpt":{"rendered":"<p>ATELIER BD HISPANIQUE AU COLLEGE BELLE ETOILE DE SAINT-JOSEPH Tout au long de l\u2019ann\u00e9e scolaire 2014-1015, les classes bilangues de 4\u00e8me L1 et 4\u00e8me LCR de Mme PETIT ROCHAMBEAU ont pr\u00e9par\u00e9 un projet tr\u00e8s original en collaboration avec leur assistante &hellip; <a href=\"https:\/\/site.ac-martinique.fr\/clg-belleetoile\/pedagogie\/espagnol-2\/atelier-bd-hispanique\/\">Continuer la lecture <span class=\"meta-nav\">&rarr;<\/span><\/a><\/p>\n","protected":false},"author":118,"featured_media":0,"parent":256,"menu_order":3,"comment_status":"closed","ping_status":"open","template":"","meta":{"footnotes":""},"class_list":["post-790","page","type-page","status-publish","hentry"],"_links":{"self":[{"href":"https:\/\/site.ac-martinique.fr\/clg-belleetoile\/wp-json\/wp\/v2\/pages\/790","targetHints":{"allow":["GET"]}}],"collection":[{"href":"https:\/\/site.ac-martinique.fr\/clg-belleetoile\/wp-json\/wp\/v2\/pages"}],"about":[{"href":"https:\/\/site.ac-martinique.fr\/clg-belleetoile\/wp-json\/wp\/v2\/types\/page"}],"author":[{"embeddable":true,"href":"https:\/\/site.ac-martinique.fr\/clg-belleetoile\/wp-json\/wp\/v2\/users\/118"}],"replies":[{"embeddable":true,"href":"https:\/\/site.ac-martinique.fr\/clg-belleetoile\/wp-json\/wp\/v2\/comments?post=790"}],"version-history":[{"count":5,"href":"https:\/\/site.ac-martinique.fr\/clg-belleetoile\/wp-json\/wp\/v2\/pages\/790\/revisions"}],"predecessor-version":[{"id":800,"href":"https:\/\/site.ac-martinique.fr\/clg-belleetoile\/wp-json\/wp\/v2\/pages\/790\/revisions\/800"}],"up":[{"embeddable":true,"href":"https:\/\/site.ac-martinique.fr\/clg-belleetoile\/wp-json\/wp\/v2\/pages\/256"}],"wp:attachment":[{"href":"https:\/\/site.ac-martinique.fr\/clg-belleetoile\/wp-json\/wp\/v2\/media?parent=790"}],"curies":[{"name":"wp","href":"https:\/\/api.w.org\/{rel}","templated":true}]}}