{"id":94,"date":"2014-06-02T08:48:01","date_gmt":"2014-06-02T12:48:01","guid":{"rendered":"\/clg-belleetoile\/?page_id=94"},"modified":"2014-06-02T08:48:01","modified_gmt":"2014-06-02T12:48:01","slug":"la-segpa","status":"publish","type":"page","link":"https:\/\/site.ac-martinique.fr\/clg-belleetoile\/presentation-du-college-2\/la-segpa\/","title":{"rendered":"La SEGPA"},"content":{"rendered":"<div align=\"center\"><strong><span style=\"font-family: 'Times New Roman';\">La Segpa du coll\u00e8ge Belle Etoile Saint Joseph<br \/>\n0596 57 30 33<\/span><\/strong><\/div>\n<div align=\"center\"><span style=\"font-family: 'Times New Roman';\">Une structure en pleine mutation !<\/span><\/div>\n<div align=\"center\"><span style=\"font-family: 'Times New Roman';\">Au\u00a0coll\u00e8ge tous les \u00e9l\u00e8ves sont des coll\u00e9giens<\/span><\/div>\n<div align=\"center\"><strong><span style=\"font-family: 'Times New Roman';\">Plan g\u00e9n\u00e9ral<\/span><\/strong><\/div>\n<ul type=\"disc\">\n<li>\n<div><span style=\"font-family: 'Times New Roman';\">L\u2019espace d\u00e9di\u00e9 \u00e0 la segpa<\/span><\/div>\n<\/li>\n<li>\n<div><span style=\"font-family: 'Times New Roman';\">L\u2019\u00e9quipe p\u00e9dagogique<\/span><\/div>\n<\/li>\n<li>\n<div><span style=\"font-family: 'Times New Roman';\">Les classes<\/span><\/div>\n<\/li>\n<li>\n<div><span style=\"font-family: 'Times New Roman';\">Le devenir des \u00e9l\u00e8ves<\/span><\/div>\n<\/li>\n<\/ul>\n<div align=\"center\"><strong><span style=\"font-family: 'Times New Roman';\">\u00a0<\/span><\/strong><\/div>\n<ul>\n<li>\n<div align=\"left\"><span style=\"font-family: 'Times New Roman';\"><strong>Les salles de cours et la salle informatique<\/strong><\/span><\/div>\n<\/li>\n<\/ul>\n<p><a href=\"\/clg-belleetoile\/wp-content\/uploads\/sites\/49\/2014\/06\/Salle-info-segpa.jpg\"><img loading=\"lazy\" decoding=\"async\" class=\"aligncenter size-full wp-image-95\" alt=\"Salle info segpa\" src=\"\/clg-belleetoile\/wp-content\/uploads\/sites\/49\/2014\/06\/Salle-info-segpa.jpg\" width=\"629\" height=\"488\" srcset=\"https:\/\/site.ac-martinique.fr\/clg-belleetoile\/wp-content\/uploads\/sites\/49\/2014\/06\/Salle-info-segpa.jpg 629w, https:\/\/site.ac-martinique.fr\/clg-belleetoile\/wp-content\/uploads\/sites\/49\/2014\/06\/Salle-info-segpa-300x232.jpg 300w\" sizes=\"auto, (max-width: 629px) 100vw, 629px\" \/><\/a><\/p>\n<p>&nbsp;<\/p>\n<div><span style=\"font-family: 'Times New Roman';\">Un enseignement adapt\u00e9,<\/span><\/div>\n<div><span style=\"font-family: 'Times New Roman';\">Une utilisation r\u00e9guli\u00e8re de l\u2019informatique.<\/span><\/div>\n<div><span style=\"font-family: 'Times New Roman';\">Des ateliers support d\u2019un enseignement pr\u00e9 professionnel ouvert sur diff\u00e9rentes activit\u00e9s.<\/span><\/div>\n<div><span style=\"font-family: 'Times New Roman';\">Une cuisine moderne r\u00e9cemment \u00e9quip\u00e9es utilis\u00e9es pour des r\u00e9alisations r\u00e9guli\u00e8res.<\/span><\/div>\n<div><\/div>\n<div><a href=\"\/clg-belleetoile\/wp-content\/uploads\/sites\/49\/2014\/06\/Cuisine-segpa.jpg\"><img loading=\"lazy\" decoding=\"async\" class=\"aligncenter size-full wp-image-96\" alt=\"Cuisine segpa\" src=\"\/clg-belleetoile\/wp-content\/uploads\/sites\/49\/2014\/06\/Cuisine-segpa.jpg\" width=\"1066\" height=\"799\" srcset=\"https:\/\/site.ac-martinique.fr\/clg-belleetoile\/wp-content\/uploads\/sites\/49\/2014\/06\/Cuisine-segpa.jpg 1066w, https:\/\/site.ac-martinique.fr\/clg-belleetoile\/wp-content\/uploads\/sites\/49\/2014\/06\/Cuisine-segpa-300x224.jpg 300w, https:\/\/site.ac-martinique.fr\/clg-belleetoile\/wp-content\/uploads\/sites\/49\/2014\/06\/Cuisine-segpa-1024x767.jpg 1024w\" sizes=\"auto, (max-width: 1066px) 100vw, 1066px\" \/><\/a><\/div>\n<div><\/div>\n<div>\n<div><span style=\"font-family: 'Times New Roman';\">Dans\u00a0<strong>le champs professionnel \u00ab\u00a0habitat\u00a0\u00bb,<\/strong><\/span><\/div>\n<div><span style=\"font-family: 'Times New Roman';\">Une salle informatique est d\u00e9di\u00e9e \u00e0 l\u2019apprentissage<\/span><\/div>\n<div><span style=\"font-family: 'Times New Roman';\">de la\u00a0technologie.\u00a0<\/span><\/div>\n<div><\/div>\n<div><a href=\"\/clg-belleetoile\/wp-content\/uploads\/sites\/49\/2014\/06\/Champs-habitat.jpg\"><img loading=\"lazy\" decoding=\"async\" class=\"aligncenter size-full wp-image-97\" alt=\"Champs habitat\" src=\"\/clg-belleetoile\/wp-content\/uploads\/sites\/49\/2014\/06\/Champs-habitat.jpg\" width=\"507\" height=\"474\" srcset=\"https:\/\/site.ac-martinique.fr\/clg-belleetoile\/wp-content\/uploads\/sites\/49\/2014\/06\/Champs-habitat.jpg 507w, https:\/\/site.ac-martinique.fr\/clg-belleetoile\/wp-content\/uploads\/sites\/49\/2014\/06\/Champs-habitat-300x280.jpg 300w\" sizes=\"auto, (max-width: 507px) 100vw, 507px\" \/><\/a><\/div>\n<div><\/div>\n<div>\n<div align=\"center\"><span style=\"font-family: 'Times New Roman';\">\u00b7\u00a0<strong>Une \u00e9quipe p\u00e9dagogique compl\u00e8te afin de mieux encadrer les \u00e9l\u00e8ves.<\/strong><\/span><\/div>\n<div><span style=\"font-family: 'Times New Roman';\">Le projet\u00a0<strong>jardin cr\u00e9ole<\/strong>\u00a0en classe de 5<sup>\u00e8me<\/sup>\u00a0est particuli\u00e8rement suivi par les \u00e9l\u00e8ves.<\/span><\/div>\n<div><\/div>\n<div><a href=\"\/clg-belleetoile\/wp-content\/uploads\/sites\/49\/2014\/06\/Jardin-creole-segpa.jpg\"><img loading=\"lazy\" decoding=\"async\" class=\"aligncenter size-full wp-image-98\" alt=\"Jardin creole segpa\" src=\"\/clg-belleetoile\/wp-content\/uploads\/sites\/49\/2014\/06\/Jardin-creole-segpa.jpg\" width=\"2560\" height=\"1920\" srcset=\"https:\/\/site.ac-martinique.fr\/clg-belleetoile\/wp-content\/uploads\/sites\/49\/2014\/06\/Jardin-creole-segpa.jpg 2560w, https:\/\/site.ac-martinique.fr\/clg-belleetoile\/wp-content\/uploads\/sites\/49\/2014\/06\/Jardin-creole-segpa-300x225.jpg 300w, https:\/\/site.ac-martinique.fr\/clg-belleetoile\/wp-content\/uploads\/sites\/49\/2014\/06\/Jardin-creole-segpa-1024x768.jpg 1024w\" sizes=\"auto, (max-width: 2560px) 100vw, 2560px\" \/><\/a><\/div>\n<div><\/div>\n<div><\/div>\n<div>\n<div><span style=\"font-family: 'Times New Roman';\">\u00b7\u00a0<strong>L\u2019\u00e9quipe p\u00e9dagogique compl\u00e8te<\/strong><\/span><\/div>\n<div><span style=\"font-family: 'Times New Roman';\">Un directeur int\u00e9gr\u00e9 dans\u00a0l\u2019\u00e9quipe de direction du coll\u00e8ge.<\/span><\/div>\n<div><span style=\"font-family: 'Times New Roman';\">Des enseignants\u00a0sp\u00e9cialis\u00e9s et des enseignants du coll\u00e8ge forment l\u2019\u00e9quipe p\u00e9dagogique.<\/span><\/div>\n<div><span style=\"font-family: 'Times New Roman';\">La vie scolaire, le CPE, le documentaliste compl\u00e8tent cet ensemble.<\/span><\/div>\n<div><span style=\"font-family: 'Times New Roman';\">Les autres membres de la communaut\u00e9 \u00e9ducative, assistante sociale, conseill\u00e8re d\u2019orientation, infirmi\u00e8re interviennent r\u00e9guli\u00e8rement au sein de la section.<\/span><\/div>\n<div><span style=\"font-family: 'Times New Roman';\">Les \u00e9l\u00e8ves b\u00e9n\u00e9ficient donc\u00a0:<\/span><\/div>\n<div><span style=\"font-family: 'Times New Roman';\">&#8211;\u00a0\u00a0\u00a0\u00a0\u00a0\u00a0\u00a0\u00a0\u00a0de toutes les infrastructures du coll\u00e8ge<\/span><\/div>\n<div><span style=\"font-family: 'Times New Roman';\">&#8211;\u00a0\u00a0\u00a0\u00a0\u00a0\u00a0\u00a0\u00a0\u00a0d\u2019une prise en charge individualis\u00e9e, une \u00e9quipe \u00e0 l\u2019\u00e9coute des \u00e9l\u00e8ves afin de restaurer leur estime\u00a0d\u2019eux-m\u00eames et favoriser leur r\u00e9ussite.<\/span><\/div>\n<div><span style=\"font-family: 'Times New Roman';\">\u00a0<\/span><\/div>\n<div><span style=\"font-family: 'Times New Roman';\">\u00a0<\/span><\/div>\n<div align=\"left\"><span style=\"font-family: 'Times New Roman';\">\u00b7\u00a0<strong>Les diff\u00e9rentes \u00a0classes<\/strong><\/span><\/div>\n<div align=\"center\"><span style=\"font-family: 'Times New Roman';\">\u00b7\u00a0<strong>Classes de 6<sup>\u00e8me<\/sup>\u00a0et 5<sup>\u00e8me<\/sup>\u00a0:<\/strong><\/span><\/div>\n<div><span style=\"font-family: 'Times New Roman';\">\u00a0\u00a0\u00a0 Les \u00e9l\u00e8ves sont inscrits apr\u00e8s un avis favorable de la Commission D\u00e9partementale d\u2019Orientation vers l\u2019Enseignement Adapt\u00e9. Ils suivent\u00a0:<\/span><\/div>\n<div><span style=\"font-family: 'Times New Roman';\">\u00a0\u00a0\u00a0 \u00a0un enseignement g\u00e9n\u00e9ral\u00a0: fran\u00e7ais, maths, anglais,\u2026 sciences \u00a0et technologie.<\/span><\/div>\n<div><span style=\"font-family: 'Times New Roman';\">\u00a0\u00a0 Apr\u00e8s le conseil de classe de\u00a0chaque trimestre\u00a0le parent re\u00e7oit le bulletin scolaire.<\/span><\/div>\n<div align=\"center\"><span style=\"font-family: 'Times New Roman';\">\u00b7\u00a0<strong>Classe de 4<sup>\u00e8me<\/sup>\u00a0et 3<sup>\u00e8me<\/sup>\u00a0:<\/strong><\/span><\/div>\n<div><span style=\"font-family: 'Times New Roman';\">\u00a0\u00a0 A l\u2019enseignement g\u00e9n\u00e9ral qui se poursuit, s\u2019ajoutent un\u00a0enseignement pr\u00e9 professionnel et \u00a0des stages en entreprise.<\/span><\/div>\n<div><span style=\"font-family: 'Times New Roman';\">\u00a0\u00a0\u00a0 En fin de classe de 3<sup>\u00e8me<\/sup>\u00a0les \u00e9l\u00e8ves passent les \u00e9preuves du CFG (Certificat de Formation G\u00e9n\u00e9rale) et choisissent une orientation.<\/span><\/div>\n<div align=\"center\"><span style=\"font-family: 'Times New Roman';\">\u00b7\u00a0<strong>Le devenir des \u00e9l\u00e8ves<\/strong><\/span><\/div>\n<div><strong><span style=\"text-decoration: underline;\"><span style=\"font-family: 'Times New Roman';\">Orientation en lyc\u00e9e (LP)<\/span><\/span><\/strong><\/div>\n<div><span style=\"font-family: 'Times New Roman';\">\u00a0\u00a0\u00a0 Ils int\u00e8grent un lyc\u00e9e pour y pr\u00e9parer un CAP dans plusieurs champs professionnels:<\/span><\/div>\n<div><span style=\"font-family: 'Times New Roman';\">\u00a0\u00a0\u00a0 Habitat, hygi\u00e8ne alimentation service, environnement, vente distribution et production industrielle.<\/span><\/div>\n<div><span style=\"font-family: 'Times New Roman';\">\u00a0\u00a0 La\u00a0poursuite d\u2019\u00e9tudes\u00a0\u00a0 possible vers le bac pro est \u00e9galement envisageable.<\/span><\/div>\n<div><strong><span style=\"text-decoration: underline;\"><span style=\"font-family: 'Times New Roman';\">Orientation en CFA<\/span><\/span><\/strong><\/div>\n<div><span style=\"font-family: 'Times New Roman';\">\u00a0\u00a0 Apr\u00e8s avoir sign\u00e9 un contrat d\u2019apprentissage avec une entreprise,\u00a0<\/span><\/div>\n<div><span style=\"font-family: 'Times New Roman';\">\u00a0\u00a0 ils deviennent des apprentis et int\u00e8grent un\u00a0Centre de Formation d\u2019Apprentis.<\/span><\/div>\n<div><span style=\"font-family: 'Times New Roman';\">\u00a0<\/span><\/div>\n<\/div>\n<\/div>\n<\/div>\n","protected":false},"excerpt":{"rendered":"<p>La Segpa du coll\u00e8ge Belle Etoile Saint Joseph 0596 57 30 33 Une structure en pleine mutation ! Au\u00a0coll\u00e8ge tous les \u00e9l\u00e8ves sont des coll\u00e9giens Plan g\u00e9n\u00e9ral L\u2019espace d\u00e9di\u00e9 \u00e0 la segpa L\u2019\u00e9quipe p\u00e9dagogique Les classes Le devenir des \u00e9l\u00e8ves &hellip; <a href=\"https:\/\/site.ac-martinique.fr\/clg-belleetoile\/presentation-du-college-2\/la-segpa\/\">Continuer la lecture <span class=\"meta-nav\">&rarr;<\/span><\/a><\/p>\n","protected":false},"author":118,"featured_media":0,"parent":37,"menu_order":17,"comment_status":"closed","ping_status":"open","template":"","meta":{"footnotes":""},"class_list":["post-94","page","type-page","status-publish","hentry"],"_links":{"self":[{"href":"https:\/\/site.ac-martinique.fr\/clg-belleetoile\/wp-json\/wp\/v2\/pages\/94","targetHints":{"allow":["GET"]}}],"collection":[{"href":"https:\/\/site.ac-martinique.fr\/clg-belleetoile\/wp-json\/wp\/v2\/pages"}],"about":[{"href":"https:\/\/site.ac-martinique.fr\/clg-belleetoile\/wp-json\/wp\/v2\/types\/page"}],"author":[{"embeddable":true,"href":"https:\/\/site.ac-martinique.fr\/clg-belleetoile\/wp-json\/wp\/v2\/users\/118"}],"replies":[{"embeddable":true,"href":"https:\/\/site.ac-martinique.fr\/clg-belleetoile\/wp-json\/wp\/v2\/comments?post=94"}],"version-history":[{"count":1,"href":"https:\/\/site.ac-martinique.fr\/clg-belleetoile\/wp-json\/wp\/v2\/pages\/94\/revisions"}],"predecessor-version":[{"id":99,"href":"https:\/\/site.ac-martinique.fr\/clg-belleetoile\/wp-json\/wp\/v2\/pages\/94\/revisions\/99"}],"up":[{"embeddable":true,"href":"https:\/\/site.ac-martinique.fr\/clg-belleetoile\/wp-json\/wp\/v2\/pages\/37"}],"wp:attachment":[{"href":"https:\/\/site.ac-martinique.fr\/clg-belleetoile\/wp-json\/wp\/v2\/media?parent=94"}],"curies":[{"name":"wp","href":"https:\/\/api.w.org\/{rel}","templated":true}]}}