{"id":105,"date":"2015-09-15T11:45:20","date_gmt":"2015-09-15T10:45:20","guid":{"rendered":"\/clg-carbet\/?page_id=105"},"modified":"2021-04-29T12:28:27","modified_gmt":"2021-04-29T16:28:27","slug":"activites-du-cdi","status":"publish","type":"page","link":"https:\/\/site.ac-martinique.fr\/clg-carbet\/?page_id=105","title":{"rendered":"E-sidoc"},"content":{"rendered":"<p>Pour cette ann\u00e9e 2020\/2021,<\/p>\n<p><strong>Les \u00e9l\u00e8ves peuvent se rendre au CDI pendant leurs heures creuses, en passant au pr\u00e9alable par la Vie scolaire o\u00f9 un surveillant les inscrira, ou librement durant la pause m\u00e9ridienne apr\u00e8s la cantine \u00e0 partir de 13 heures.<\/strong><\/p>\n<p>Pour faciliter les recherches, parmi les nombreuses ressources pr\u00e9sentes au coll\u00e8ge, il y a l\u2019application\u00a0<em><strong>E-sidoc.\u00a0<\/strong><\/em><\/p>\n<p>E-sidoc est un t\u00e9l\u00e9-service permettant de mettre \u00e0 votre disposition un ensemble de ressources num\u00e9riques disponibles par internet. Par le biais d\u2019E-sidoc, vous pourrez effectuer vos recherches sur des sites autoris\u00e9s, vous pourrez \u00e9galement effectuer vos recherches dans le catalogue du CDI en disposant de notices enrichies et d\u2019 informations sur la disponibilit\u00e9 des exemplaires.<\/p>\n<p>Pour acc\u00e9der \u00e0 E-sidoc cliquez ici : <a href=\"http:\/\/9720008b.esidoc.fr\">http:\/\/9720008b.esidoc.fr<\/a><\/p>\n","protected":false},"excerpt":{"rendered":"<p>Pour cette ann\u00e9e 2020\/2021, Les \u00e9l\u00e8ves peuvent se rendre au CDI pendant leurs heures creuses, en passant au pr\u00e9alable par la Vie scolaire o\u00f9 un surveillant les inscrira, ou librement durant la pause m\u00e9ridienne apr\u00e8s la cantine \u00e0 partir de 13 heures. Pour faciliter les recherches, parmi les nombreuses ressources pr\u00e9sentes au coll\u00e8ge, il y a l\u2019application\u00a0E-sidoc.\u00a0 E-sidoc est un t\u00e9l\u00e9-service permettant de mettre \u00e0 votre disposition un ensemble de ressources num\u00e9riques disponibles par internet. Par le biais d\u2019E-sidoc, vous pourrez effectuer vos recherches sur des sites autoris\u00e9s, vous pourrez \u00e9galement effectuer vos recherches dans le catalogue du CDI en disposant de notices enrichies et d\u2019 informations sur la disponibilit\u00e9 des exemplaires. Pour acc\u00e9der \u00e0 E-sidoc cliquez ici : http:\/\/9720008b.esidoc.fr<\/p>\n","protected":false},"author":170,"featured_media":0,"parent":336,"menu_order":3,"comment_status":"closed","ping_status":"closed","template":"","meta":{"footnotes":""},"class_list":["post-105","page","type-page","status-publish","hentry"],"_links":{"self":[{"href":"https:\/\/site.ac-martinique.fr\/clg-carbet\/index.php?rest_route=\/wp\/v2\/pages\/105","targetHints":{"allow":["GET"]}}],"collection":[{"href":"https:\/\/site.ac-martinique.fr\/clg-carbet\/index.php?rest_route=\/wp\/v2\/pages"}],"about":[{"href":"https:\/\/site.ac-martinique.fr\/clg-carbet\/index.php?rest_route=\/wp\/v2\/types\/page"}],"author":[{"embeddable":true,"href":"https:\/\/site.ac-martinique.fr\/clg-carbet\/index.php?rest_route=\/wp\/v2\/users\/170"}],"replies":[{"embeddable":true,"href":"https:\/\/site.ac-martinique.fr\/clg-carbet\/index.php?rest_route=%2Fwp%2Fv2%2Fcomments&post=105"}],"version-history":[{"count":2,"href":"https:\/\/site.ac-martinique.fr\/clg-carbet\/index.php?rest_route=\/wp\/v2\/pages\/105\/revisions"}],"predecessor-version":[{"id":7675,"href":"https:\/\/site.ac-martinique.fr\/clg-carbet\/index.php?rest_route=\/wp\/v2\/pages\/105\/revisions\/7675"}],"up":[{"embeddable":true,"href":"https:\/\/site.ac-martinique.fr\/clg-carbet\/index.php?rest_route=\/wp\/v2\/pages\/336"}],"wp:attachment":[{"href":"https:\/\/site.ac-martinique.fr\/clg-carbet\/index.php?rest_route=%2Fwp%2Fv2%2Fmedia&parent=105"}],"curies":[{"name":"wp","href":"https:\/\/api.w.org\/{rel}","templated":true}]}}