{"id":121,"date":"2015-09-15T11:48:37","date_gmt":"2015-09-15T10:48:37","guid":{"rendered":"\/clg-carbet\/?page_id=121"},"modified":"2017-10-11T13:29:44","modified_gmt":"2017-10-11T12:29:44","slug":"education-physique","status":"publish","type":"page","link":"https:\/\/site.ac-martinique.fr\/clg-carbet\/?page_id=121","title":{"rendered":"Education physique"},"content":{"rendered":"<p><strong>Informations \u00e0 l&#8217;attention des familles<\/strong><\/p>\n<p>Chers parents,<\/p>\n<p>La nouvelle commande de tee-shirts d&#8217;EPS est en cours et ces derniers devraient arriver\u00a0dans le courant de la semaine prochaine.<\/p>\n<p>Veuillez \u00e9galement noter qu&#8217;en raison de l&#8217;indisponibilit\u00e9 des installations sportives, les activit\u00e9s d&#8217;UNSS (tennis de table, a\u00e9robic, danse et sports collectifs) et des sections sportives (natation et a\u00e9robic) d\u00e9buteront la <strong>semaine du 06 novembre 2017<\/strong> si ces derni\u00e8res sont de nouveau op\u00e9rationnelles.<\/p>\n<p>Cordialement.<\/p>\n","protected":false},"excerpt":{"rendered":"<p>Informations \u00e0 l&#8217;attention des familles Chers parents, La nouvelle commande de tee-shirts d&#8217;EPS est en cours et ces derniers devraient arriver\u00a0dans le courant de la semaine prochaine. Veuillez \u00e9galement noter qu&#8217;en raison de l&#8217;indisponibilit\u00e9 des installations sportives, les activit\u00e9s d&#8217;UNSS (tennis de table, a\u00e9robic, danse et sports collectifs) et des sections sportives (natation et a\u00e9robic) d\u00e9buteront la semaine du 06 novembre 2017 si ces derni\u00e8res sont de nouveau op\u00e9rationnelles. Cordialement.<\/p>\n","protected":false},"author":170,"featured_media":0,"parent":50,"menu_order":6,"comment_status":"closed","ping_status":"closed","template":"","meta":{"footnotes":""},"class_list":["post-121","page","type-page","status-publish","hentry"],"_links":{"self":[{"href":"https:\/\/site.ac-martinique.fr\/clg-carbet\/index.php?rest_route=\/wp\/v2\/pages\/121","targetHints":{"allow":["GET"]}}],"collection":[{"href":"https:\/\/site.ac-martinique.fr\/clg-carbet\/index.php?rest_route=\/wp\/v2\/pages"}],"about":[{"href":"https:\/\/site.ac-martinique.fr\/clg-carbet\/index.php?rest_route=\/wp\/v2\/types\/page"}],"author":[{"embeddable":true,"href":"https:\/\/site.ac-martinique.fr\/clg-carbet\/index.php?rest_route=\/wp\/v2\/users\/170"}],"replies":[{"embeddable":true,"href":"https:\/\/site.ac-martinique.fr\/clg-carbet\/index.php?rest_route=%2Fwp%2Fv2%2Fcomments&post=121"}],"version-history":[{"count":5,"href":"https:\/\/site.ac-martinique.fr\/clg-carbet\/index.php?rest_route=\/wp\/v2\/pages\/121\/revisions"}],"predecessor-version":[{"id":2781,"href":"https:\/\/site.ac-martinique.fr\/clg-carbet\/index.php?rest_route=\/wp\/v2\/pages\/121\/revisions\/2781"}],"up":[{"embeddable":true,"href":"https:\/\/site.ac-martinique.fr\/clg-carbet\/index.php?rest_route=\/wp\/v2\/pages\/50"}],"wp:attachment":[{"href":"https:\/\/site.ac-martinique.fr\/clg-carbet\/index.php?rest_route=%2Fwp%2Fv2%2Fmedia&parent=121"}],"curies":[{"name":"wp","href":"https:\/\/api.w.org\/{rel}","templated":true}]}}