{"id":1273,"date":"2016-03-15T15:27:12","date_gmt":"2016-03-15T14:27:12","guid":{"rendered":"\/clg-carbet\/?page_id=1273"},"modified":"2017-02-07T13:51:00","modified_gmt":"2017-02-07T12:51:00","slug":"cesc","status":"publish","type":"page","link":"https:\/\/site.ac-martinique.fr\/clg-carbet\/?page_id=1273","title":{"rendered":"Manifestations"},"content":{"rendered":"<p><strong>Journ\u00e9e nationale de la la\u00efcit\u00e9<\/strong><\/p>\n<p>Ce vendredi 09 d\u00e9cembre 2016, le coll\u00e8ge du CARBET a comm\u00e9mor\u00e9 la journ\u00e9e anniversaire de la loi de 1905 portant sur la s\u00e9paration des \u00c9glises et de l&#8217;\u00c9tat. Cette journ\u00e9e de la la\u00efcit\u00e9 a fourni l&#8217;occasion de rappeler les r\u00e8gles qui permettent de vivre ensemble dans l\u2019espace scolaire et d\u2019aider chacun \u00e0 en comprendre le sens, \u00e0 se les approprier et \u00e0 les respecter.<\/p>\n<p>De 11h30 \u00e0 12h30, en salle polyvalente, les \u00e9l\u00e8ves m\u00e9ritants ont \u00e9t\u00e9 mis \u00e0 l\u2019honneur en pr\u00e9sence de partenaires officiels, dont M. le Maire du Carbet.<\/p>\n<p><a href=\"\/clg-carbet\/wp-content\/uploads\/sites\/68\/IMG_0905-e1481309686277.jpg\" rel=\"attachment wp-att-1911\"><img loading=\"lazy\" decoding=\"async\" class=\"size-medium wp-image-1911 alignleft\" src=\"\/clg-carbet\/wp-content\/uploads\/sites\/68\/IMG_0905-300x225.jpg\" alt=\"img_0905\" width=\"300\" height=\"225\" \/><\/a><a href=\"\/clg-carbet\/wp-content\/uploads\/sites\/68\/IMG_0908-e1481309598289.jpg\" rel=\"attachment wp-att-1912\"><img loading=\"lazy\" decoding=\"async\" class=\"aligncenter size-medium wp-image-1912\" src=\"\/clg-carbet\/wp-content\/uploads\/sites\/68\/IMG_0908-300x225.jpg\" alt=\"img_0908\" width=\"300\" height=\"225\" \/><\/a><a href=\"\/clg-carbet\/wp-content\/uploads\/sites\/68\/IMG_0904-e1481309759404.jpg\" rel=\"attachment wp-att-1910\"><img loading=\"lazy\" decoding=\"async\" class=\"size-medium wp-image-1910 alignleft\" src=\"\/clg-carbet\/wp-content\/uploads\/sites\/68\/IMG_0904-300x225.jpg\" alt=\"img_0904\" width=\"300\" height=\"225\" \/><\/a><a href=\"\/clg-carbet\/wp-content\/uploads\/sites\/68\/IMG_0884.jpg\" rel=\"attachment wp-att-1909\"><img loading=\"lazy\" decoding=\"async\" class=\"size-medium wp-image-1909 alignleft\" src=\"\/clg-carbet\/wp-content\/uploads\/sites\/68\/IMG_0884-300x225.jpg\" alt=\"img_0884\" width=\"300\" height=\"225\" srcset=\"https:\/\/site.ac-martinique.fr\/clg-carbet\/wp-content\/uploads\/sites\/68\/IMG_0884-300x225.jpg 300w, https:\/\/site.ac-martinique.fr\/clg-carbet\/wp-content\/uploads\/sites\/68\/IMG_0884.jpg 461w\" sizes=\"auto, (max-width: 300px) 100vw, 300px\" \/><\/a><a href=\"\/clg-carbet\/wp-content\/uploads\/sites\/68\/IMG_0882.jpg\" rel=\"attachment wp-att-1908\"><img loading=\"lazy\" decoding=\"async\" class=\"aligncenter size-medium wp-image-1908\" src=\"\/clg-carbet\/wp-content\/uploads\/sites\/68\/IMG_0882-300x225.jpg\" alt=\"img_0882\" width=\"300\" height=\"225\" srcset=\"https:\/\/site.ac-martinique.fr\/clg-carbet\/wp-content\/uploads\/sites\/68\/IMG_0882-300x225.jpg 300w, https:\/\/site.ac-martinique.fr\/clg-carbet\/wp-content\/uploads\/sites\/68\/IMG_0882.jpg 461w\" sizes=\"auto, (max-width: 300px) 100vw, 300px\" \/><\/a><a href=\"\/clg-carbet\/wp-content\/uploads\/sites\/68\/IMG_0881.jpg\" rel=\"attachment wp-att-1907\"><img loading=\"lazy\" decoding=\"async\" class=\"size-medium wp-image-1907 alignleft\" src=\"\/clg-carbet\/wp-content\/uploads\/sites\/68\/IMG_0881-300x225.jpg\" alt=\"img_0881\" width=\"300\" height=\"225\" srcset=\"https:\/\/site.ac-martinique.fr\/clg-carbet\/wp-content\/uploads\/sites\/68\/IMG_0881-300x225.jpg 300w, https:\/\/site.ac-martinique.fr\/clg-carbet\/wp-content\/uploads\/sites\/68\/IMG_0881.jpg 461w\" sizes=\"auto, (max-width: 300px) 100vw, 300px\" \/><\/a><a href=\"\/clg-carbet\/wp-content\/uploads\/sites\/68\/IMG_0874.jpg\" rel=\"attachment wp-att-1906\"><img loading=\"lazy\" decoding=\"async\" class=\"size-medium wp-image-1906 alignleft\" src=\"\/clg-carbet\/wp-content\/uploads\/sites\/68\/IMG_0874-300x225.jpg\" alt=\"img_0874\" width=\"300\" height=\"225\" srcset=\"https:\/\/site.ac-martinique.fr\/clg-carbet\/wp-content\/uploads\/sites\/68\/IMG_0874-300x225.jpg 300w, https:\/\/site.ac-martinique.fr\/clg-carbet\/wp-content\/uploads\/sites\/68\/IMG_0874.jpg 461w\" sizes=\"auto, (max-width: 300px) 100vw, 300px\" \/><\/a><a href=\"\/clg-carbet\/wp-content\/uploads\/sites\/68\/IMG_0872.jpg\" rel=\"attachment wp-att-1905\"><img loading=\"lazy\" decoding=\"async\" class=\"aligncenter size-medium wp-image-1905\" src=\"\/clg-carbet\/wp-content\/uploads\/sites\/68\/IMG_0872-300x225.jpg\" alt=\"img_0872\" width=\"300\" height=\"225\" srcset=\"https:\/\/site.ac-martinique.fr\/clg-carbet\/wp-content\/uploads\/sites\/68\/IMG_0872-300x225.jpg 300w, https:\/\/site.ac-martinique.fr\/clg-carbet\/wp-content\/uploads\/sites\/68\/IMG_0872.jpg 461w\" sizes=\"auto, (max-width: 300px) 100vw, 300px\" \/><\/a><a href=\"\/clg-carbet\/wp-content\/uploads\/sites\/68\/IMG_0871.jpg\" rel=\"attachment wp-att-1904\"><img loading=\"lazy\" decoding=\"async\" class=\"size-medium wp-image-1904 alignnone\" src=\"\/clg-carbet\/wp-content\/uploads\/sites\/68\/IMG_0871-300x225.jpg\" alt=\"img_0871\" width=\"300\" height=\"225\" srcset=\"https:\/\/site.ac-martinique.fr\/clg-carbet\/wp-content\/uploads\/sites\/68\/IMG_0871-300x225.jpg 300w, https:\/\/site.ac-martinique.fr\/clg-carbet\/wp-content\/uploads\/sites\/68\/IMG_0871.jpg 461w\" sizes=\"auto, (max-width: 300px) 100vw, 300px\" \/><\/a><a href=\"\/clg-carbet\/wp-content\/uploads\/sites\/68\/IMG_0867.jpg\" rel=\"attachment wp-att-1903\"><img loading=\"lazy\" decoding=\"async\" class=\"size-medium wp-image-1903 alignleft\" src=\"\/clg-carbet\/wp-content\/uploads\/sites\/68\/IMG_0867-300x225.jpg\" alt=\"img_0867\" width=\"300\" height=\"225\" srcset=\"https:\/\/site.ac-martinique.fr\/clg-carbet\/wp-content\/uploads\/sites\/68\/IMG_0867-300x225.jpg 300w, https:\/\/site.ac-martinique.fr\/clg-carbet\/wp-content\/uploads\/sites\/68\/IMG_0867.jpg 461w\" sizes=\"auto, (max-width: 300px) 100vw, 300px\" \/><\/a><a href=\"\/clg-carbet\/wp-content\/uploads\/sites\/68\/IMG_0864.jpg\" rel=\"attachment wp-att-1902\"><img loading=\"lazy\" decoding=\"async\" class=\"aligncenter size-medium wp-image-1902\" src=\"\/clg-carbet\/wp-content\/uploads\/sites\/68\/IMG_0864-300x225.jpg\" alt=\"img_0864\" width=\"300\" height=\"225\" srcset=\"https:\/\/site.ac-martinique.fr\/clg-carbet\/wp-content\/uploads\/sites\/68\/IMG_0864-300x225.jpg 300w, https:\/\/site.ac-martinique.fr\/clg-carbet\/wp-content\/uploads\/sites\/68\/IMG_0864.jpg 461w\" sizes=\"auto, (max-width: 300px) 100vw, 300px\" \/><\/a><a href=\"\/clg-carbet\/wp-content\/uploads\/sites\/68\/IMG_0861.jpg\" rel=\"attachment wp-att-1901\"><img loading=\"lazy\" decoding=\"async\" class=\"size-medium wp-image-1901 alignnone\" src=\"\/clg-carbet\/wp-content\/uploads\/sites\/68\/IMG_0861-300x225.jpg\" alt=\"img_0861\" width=\"300\" height=\"225\" srcset=\"https:\/\/site.ac-martinique.fr\/clg-carbet\/wp-content\/uploads\/sites\/68\/IMG_0861-300x225.jpg 300w, https:\/\/site.ac-martinique.fr\/clg-carbet\/wp-content\/uploads\/sites\/68\/IMG_0861.jpg 460w\" sizes=\"auto, (max-width: 300px) 100vw, 300px\" \/><\/a><\/p>\n","protected":false},"excerpt":{"rendered":"<p>Journ\u00e9e nationale de la la\u00efcit\u00e9 Ce vendredi 09 d\u00e9cembre 2016, le coll\u00e8ge du CARBET a comm\u00e9mor\u00e9 la journ\u00e9e anniversaire de la loi de 1905 portant sur la s\u00e9paration des \u00c9glises et de l&#8217;\u00c9tat. Cette journ\u00e9e de la la\u00efcit\u00e9 a fourni l&#8217;occasion de rappeler les r\u00e8gles qui permettent de vivre ensemble dans l\u2019espace scolaire et d\u2019aider chacun \u00e0 en comprendre le sens, \u00e0 se les approprier et \u00e0 les respecter. De 11h30 \u00e0 12h30, en salle polyvalente, les \u00e9l\u00e8ves m\u00e9ritants ont \u00e9t\u00e9 mis \u00e0 l\u2019honneur en pr\u00e9sence de partenaires officiels, dont M. le Maire du Carbet.<\/p>\n","protected":false},"author":170,"featured_media":0,"parent":54,"menu_order":7,"comment_status":"closed","ping_status":"closed","template":"","meta":{"footnotes":""},"class_list":["post-1273","page","type-page","status-publish","hentry"],"_links":{"self":[{"href":"https:\/\/site.ac-martinique.fr\/clg-carbet\/index.php?rest_route=\/wp\/v2\/pages\/1273","targetHints":{"allow":["GET"]}}],"collection":[{"href":"https:\/\/site.ac-martinique.fr\/clg-carbet\/index.php?rest_route=\/wp\/v2\/pages"}],"about":[{"href":"https:\/\/site.ac-martinique.fr\/clg-carbet\/index.php?rest_route=\/wp\/v2\/types\/page"}],"author":[{"embeddable":true,"href":"https:\/\/site.ac-martinique.fr\/clg-carbet\/index.php?rest_route=\/wp\/v2\/users\/170"}],"replies":[{"embeddable":true,"href":"https:\/\/site.ac-martinique.fr\/clg-carbet\/index.php?rest_route=%2Fwp%2Fv2%2Fcomments&post=1273"}],"version-history":[{"count":3,"href":"https:\/\/site.ac-martinique.fr\/clg-carbet\/index.php?rest_route=\/wp\/v2\/pages\/1273\/revisions"}],"predecessor-version":[{"id":1951,"href":"https:\/\/site.ac-martinique.fr\/clg-carbet\/index.php?rest_route=\/wp\/v2\/pages\/1273\/revisions\/1951"}],"up":[{"embeddable":true,"href":"https:\/\/site.ac-martinique.fr\/clg-carbet\/index.php?rest_route=\/wp\/v2\/pages\/54"}],"wp:attachment":[{"href":"https:\/\/site.ac-martinique.fr\/clg-carbet\/index.php?rest_route=%2Fwp%2Fv2%2Fmedia&parent=1273"}],"curies":[{"name":"wp","href":"https:\/\/api.w.org\/{rel}","templated":true}]}}