{"id":1607,"date":"2016-07-08T20:45:37","date_gmt":"2016-07-08T19:45:37","guid":{"rendered":"\/clg-carbet\/?page_id=1607"},"modified":"2017-02-07T13:47:53","modified_gmt":"2017-02-07T12:47:53","slug":"resultats-cfg","status":"publish","type":"page","link":"https:\/\/site.ac-martinique.fr\/clg-carbet\/?page_id=1607","title":{"rendered":"R\u00e9sultats"},"content":{"rendered":"<p>Ch\u00e8re communaut\u00e9 scolaire,<\/p>\n<p>Le coll\u00e8ge le Carbet affiche un t<strong>aux de r\u00e9ussite de 100%<\/strong> au CFG.<\/p>\n<p>F\u00e9licitations aux \u00e9l\u00e8ves concern\u00e9s.<\/p>\n<p>La principale,<br \/>\nAnnie BAREGE<\/p>\n","protected":false},"excerpt":{"rendered":"<p>Ch\u00e8re communaut\u00e9 scolaire, Le coll\u00e8ge le Carbet affiche un taux de r\u00e9ussite de 100% au CFG. F\u00e9licitations aux \u00e9l\u00e8ves concern\u00e9s. La principale, Annie BAREGE<\/p>\n","protected":false},"author":170,"featured_media":0,"parent":54,"menu_order":5,"comment_status":"closed","ping_status":"closed","template":"","meta":{"footnotes":""},"class_list":["post-1607","page","type-page","status-publish","hentry"],"_links":{"self":[{"href":"https:\/\/site.ac-martinique.fr\/clg-carbet\/index.php?rest_route=\/wp\/v2\/pages\/1607","targetHints":{"allow":["GET"]}}],"collection":[{"href":"https:\/\/site.ac-martinique.fr\/clg-carbet\/index.php?rest_route=\/wp\/v2\/pages"}],"about":[{"href":"https:\/\/site.ac-martinique.fr\/clg-carbet\/index.php?rest_route=\/wp\/v2\/types\/page"}],"author":[{"embeddable":true,"href":"https:\/\/site.ac-martinique.fr\/clg-carbet\/index.php?rest_route=\/wp\/v2\/users\/170"}],"replies":[{"embeddable":true,"href":"https:\/\/site.ac-martinique.fr\/clg-carbet\/index.php?rest_route=%2Fwp%2Fv2%2Fcomments&post=1607"}],"version-history":[{"count":4,"href":"https:\/\/site.ac-martinique.fr\/clg-carbet\/index.php?rest_route=\/wp\/v2\/pages\/1607\/revisions"}],"predecessor-version":[{"id":2067,"href":"https:\/\/site.ac-martinique.fr\/clg-carbet\/index.php?rest_route=\/wp\/v2\/pages\/1607\/revisions\/2067"}],"up":[{"embeddable":true,"href":"https:\/\/site.ac-martinique.fr\/clg-carbet\/index.php?rest_route=\/wp\/v2\/pages\/54"}],"wp:attachment":[{"href":"https:\/\/site.ac-martinique.fr\/clg-carbet\/index.php?rest_route=%2Fwp%2Fv2%2Fmedia&parent=1607"}],"curies":[{"name":"wp","href":"https:\/\/api.w.org\/{rel}","templated":true}]}}