{"id":1624,"date":"2016-09-07T13:21:24","date_gmt":"2016-09-07T12:21:24","guid":{"rendered":"\/clg-carbet\/?page_id=1624"},"modified":"2016-10-11T12:51:40","modified_gmt":"2016-10-11T11:51:40","slug":"securite","status":"publish","type":"page","link":"https:\/\/site.ac-martinique.fr\/clg-carbet\/?page_id=1624","title":{"rendered":"S\u00e9curit\u00e9"},"content":{"rendered":"<p>Chers parents,<\/p>\n<p>Le niveau &#8220;alerte attentat&#8221; s&#8217;applique en Ile-de-France et dans les Alpes-Maritimes. La &#8220;vigilance renforc\u00e9e&#8221;, quant \u00e0 elle, continue de s&#8217;appliquer sur le reste du territoire. Le minist\u00e8re demande \u00e0 chacune et chacun, personnels de l&#8217;\u00c9ducation nationale, \u00e9l\u00e8ves et aux parents de prendre connaissance de ces consignes et de les respecter afin d&#8217;am\u00e9liorer le niveau de s\u00e9curit\u00e9 dans nos \u00e9coles et \u00e9tablissements.<\/p>\n<p>Pour consulter ces consignes de fa\u00e7on optimale, veuillez placer le curseurs de la souris sur le document et cliquer en haut \u00e0 droite.<\/p>\n<div class=\"ead-preview\"><div class=\"ead-document\" style=\"position: relative;\"><div class=\"ead-iframe-wrapper\"><iframe src=\"\/\/docs.google.com\/viewer?url=https%3A%2F%2Fsite.ac-martinique.fr%2Fclg-carbet%2Fwp-content%2Fuploads%2Fsites%2F68%2F2016_securite_guide_college_parents_web_616224.pdf&amp;embedded=true&amp;hl=en\" title=\"Document embarqu\u00e9\" class=\"ead-iframe\" style=\"width: 100%;height: 660;border: none;visibility: hidden;\"><\/iframe><\/div>\t\t\t<div class=\"ead-document-loading\" style=\"width:100%;height:100%;position:absolute;left:0;top:0;z-index:10;\">\n\t\t\t\t<div class=\"ead-loading-wrap\">\n\t\t\t\t\t<div class=\"ead-loading-main\">\n\t\t\t\t\t\t<div class=\"ead-loading\">\n\t\t\t\t\t\t\t<img loading=\"lazy\" decoding=\"async\" src=\"https:\/\/site.ac-martinique.fr\/clg-carbet\/wp-content\/plugins\/embed-any-document\/images\/loading.svg\" width=\"55\" height=\"55\" alt=\"Chargeur\">\n\t\t\t\t\t\t\t<span>En cours de chargement&hellip;<\/span>\n\t\t\t\t\t\t<\/div>\n\t\t\t\t\t<\/div>\n\t\t\t\t\t<div class=\"ead-loading-foot\">\n\t\t\t\t\t\t<div class=\"ead-loading-foot-title\">\n\t\t\t\t\t\t\t<img loading=\"lazy\" decoding=\"async\" src=\"https:\/\/site.ac-martinique.fr\/clg-carbet\/wp-content\/plugins\/embed-any-document\/images\/EAD-logo.svg\" alt=\"Logo EAD\" width=\"36\" height=\"23\"\/>\n\t\t\t\t\t\t\t<span>Cela prend trop de temps\u00a0?<\/span>\n\t\t\t\t\t\t<\/div>\n\t\t\t\t\t\t<p>\n\t\t\t\t\t\t\t<div class=\"ead-document-btn ead-reload-btn\" role=\"button\">\n\t\t\t\t\t\t\t\t<img loading=\"lazy\" decoding=\"async\" src=\"https:\/\/site.ac-martinique.fr\/clg-carbet\/wp-content\/plugins\/embed-any-document\/images\/reload.svg\" alt=\"Recharger\" width=\"12\" height=\"12\"\/> Recharger le document\t\t\t\t\t\t\t<\/div>\n\t\t\t\t\t\t\t<span>|<\/span>\n\t\t\t\t\t\t\t<a href=\"https:\/\/site.ac-martinique.fr\/clg-carbet\/wp-content\/uploads\/sites\/68\/2016_securite_guide_college_parents_web_616224.pdf\" class=\"ead-document-btn\" target=\"_blank\">\n\t\t\t\t\t\t\t\t<img loading=\"lazy\" decoding=\"async\" src=\"https:\/\/site.ac-martinique.fr\/clg-carbet\/wp-content\/plugins\/embed-any-document\/images\/open.svg\" alt=\"Ouvert\" width=\"12\" height=\"12\"\/> Ouvrir dans un nouvel onglet\t\t\t\t\t\t\t<\/a>\n\t\t\t\t\t<\/div>\n\t\t\t\t<\/div>\n\t\t\t<\/div>\n\t\t<\/div><p class=\"embed_download\"><a href=\"https:\/\/site.ac-martinique.fr\/clg-carbet\/wp-content\/uploads\/sites\/68\/2016_securite_guide_college_parents_web_616224.pdf\" download>T\u00e9l\u00e9charger <\/a><\/p><\/div>\n<p>Cordialement.<\/p>\n","protected":false},"excerpt":{"rendered":"<p>Chers parents, Le niveau &#8220;alerte attentat&#8221; s&#8217;applique en Ile-de-France et dans les Alpes-Maritimes. La &#8220;vigilance renforc\u00e9e&#8221;, quant \u00e0 elle, continue de s&#8217;appliquer sur le reste du territoire. Le minist\u00e8re demande \u00e0 chacune et chacun, personnels de l&#8217;\u00c9ducation nationale, \u00e9l\u00e8ves et aux parents de prendre connaissance de ces consignes et de les respecter afin d&#8217;am\u00e9liorer le niveau de s\u00e9curit\u00e9 dans nos \u00e9coles et \u00e9tablissements. Pour consulter ces consignes de fa\u00e7on optimale, veuillez placer le curseurs de la souris sur le document et cliquer en haut \u00e0 droite. Cordialement.<\/p>\n","protected":false},"author":170,"featured_media":0,"parent":0,"menu_order":9,"comment_status":"closed","ping_status":"closed","template":"","meta":{"footnotes":""},"class_list":["post-1624","page","type-page","status-publish","hentry"],"_links":{"self":[{"href":"https:\/\/site.ac-martinique.fr\/clg-carbet\/index.php?rest_route=\/wp\/v2\/pages\/1624","targetHints":{"allow":["GET"]}}],"collection":[{"href":"https:\/\/site.ac-martinique.fr\/clg-carbet\/index.php?rest_route=\/wp\/v2\/pages"}],"about":[{"href":"https:\/\/site.ac-martinique.fr\/clg-carbet\/index.php?rest_route=\/wp\/v2\/types\/page"}],"author":[{"embeddable":true,"href":"https:\/\/site.ac-martinique.fr\/clg-carbet\/index.php?rest_route=\/wp\/v2\/users\/170"}],"replies":[{"embeddable":true,"href":"https:\/\/site.ac-martinique.fr\/clg-carbet\/index.php?rest_route=%2Fwp%2Fv2%2Fcomments&post=1624"}],"version-history":[{"count":9,"href":"https:\/\/site.ac-martinique.fr\/clg-carbet\/index.php?rest_route=\/wp\/v2\/pages\/1624\/revisions"}],"predecessor-version":[{"id":1804,"href":"https:\/\/site.ac-martinique.fr\/clg-carbet\/index.php?rest_route=\/wp\/v2\/pages\/1624\/revisions\/1804"}],"wp:attachment":[{"href":"https:\/\/site.ac-martinique.fr\/clg-carbet\/index.php?rest_route=%2Fwp%2Fv2%2Fmedia&parent=1624"}],"curies":[{"name":"wp","href":"https:\/\/api.w.org\/{rel}","templated":true}]}}