{"id":1833,"date":"2016-10-17T14:29:06","date_gmt":"2016-10-17T13:29:06","guid":{"rendered":"\/clg-carbet\/?page_id=1833"},"modified":"2016-10-17T14:29:06","modified_gmt":"2016-10-17T13:29:06","slug":"le-college-le-carbet-a-la-fete-de-la-science","status":"publish","type":"page","link":"https:\/\/site.ac-martinique.fr\/clg-carbet\/?page_id=1833","title":{"rendered":"Le coll\u00e8ge Le CARBET \u00e0 la f\u00eate de la science"},"content":{"rendered":"<p>Jeudi 13 et vendredi 14 octobre 2016, dix \u00e9l\u00e8ves du CARBET, accompagn\u00e9s de Mmes COURSIL et LORTO ont tenu le stand \u00ab\u00a0Les couleurs dans l\u2019environnement\u00a0\u00bb au Carbet des Sciences de Madiana.<\/p>\n<p>Ce stand proposait aux visiteurs un diaporama des exp\u00e9riences r\u00e9alis\u00e9es au coll\u00e8ge et la pr\u00e9sentation de trois ateliers\u00a0:<\/p>\n<ul>\n<li>L\u2019atelier curcuma<\/li>\n<li>L\u2019atelier choux rouge<\/li>\n<li>L\u2019atelier framboise<\/li>\n<\/ul>\n<p>Les \u00e9l\u00e8ves devaient montrer et expliquer aux visiteurs la modification acido basique des \u00e9l\u00e9ments naturels provoqu\u00e9e par le vinaigre et le bicarbonate de soude. Ainsi on pouvait voir l\u2019\u00e9volution des couleurs en fonction de l\u2019ajout des diff\u00e9rents \u00e9l\u00e9ments.<\/p>\n<p>A la fin des d\u00e9monstrations, les visiteurs \u00e9taient invit\u00e9s \u00e0 utiliser les couleurs obtenues pour peindre et laisser un t\u00e9moignage de leur passage.<\/p>\n<p>Les ateliers ont suscit\u00e9 l\u2019int\u00e9r\u00eat de tous et les visiteurs se sont volontiers pr\u00eat\u00e9s aux exp\u00e9riences propos\u00e9es<\/p>\n","protected":false},"excerpt":{"rendered":"<p>Jeudi 13 et vendredi 14 octobre 2016, dix \u00e9l\u00e8ves du CARBET, accompagn\u00e9s de Mmes COURSIL et LORTO ont tenu le stand \u00ab\u00a0Les couleurs dans l\u2019environnement\u00a0\u00bb au Carbet des Sciences de Madiana. Ce stand proposait aux visiteurs un diaporama des exp\u00e9riences r\u00e9alis\u00e9es au coll\u00e8ge et la pr\u00e9sentation de trois ateliers\u00a0: L\u2019atelier curcuma L\u2019atelier choux rouge L\u2019atelier framboise Les \u00e9l\u00e8ves devaient montrer et expliquer aux visiteurs la modification acido basique des \u00e9l\u00e9ments naturels provoqu\u00e9e par le vinaigre et le bicarbonate de soude. Ainsi on pouvait voir l\u2019\u00e9volution des couleurs en fonction de l\u2019ajout des diff\u00e9rents \u00e9l\u00e9ments. A la fin des d\u00e9monstrations, les visiteurs \u00e9taient invit\u00e9s \u00e0 utiliser les couleurs obtenues pour peindre et laisser un t\u00e9moignage de leur passage. Les ateliers ont suscit\u00e9 l\u2019int\u00e9r\u00eat de tous et les visiteurs se sont volontiers pr\u00eat\u00e9s aux exp\u00e9riences propos\u00e9es<\/p>\n","protected":false},"author":170,"featured_media":0,"parent":319,"menu_order":2,"comment_status":"closed","ping_status":"closed","template":"","meta":{"footnotes":""},"class_list":["post-1833","page","type-page","status-publish","hentry"],"_links":{"self":[{"href":"https:\/\/site.ac-martinique.fr\/clg-carbet\/index.php?rest_route=\/wp\/v2\/pages\/1833","targetHints":{"allow":["GET"]}}],"collection":[{"href":"https:\/\/site.ac-martinique.fr\/clg-carbet\/index.php?rest_route=\/wp\/v2\/pages"}],"about":[{"href":"https:\/\/site.ac-martinique.fr\/clg-carbet\/index.php?rest_route=\/wp\/v2\/types\/page"}],"author":[{"embeddable":true,"href":"https:\/\/site.ac-martinique.fr\/clg-carbet\/index.php?rest_route=\/wp\/v2\/users\/170"}],"replies":[{"embeddable":true,"href":"https:\/\/site.ac-martinique.fr\/clg-carbet\/index.php?rest_route=%2Fwp%2Fv2%2Fcomments&post=1833"}],"version-history":[{"count":1,"href":"https:\/\/site.ac-martinique.fr\/clg-carbet\/index.php?rest_route=\/wp\/v2\/pages\/1833\/revisions"}],"predecessor-version":[{"id":1834,"href":"https:\/\/site.ac-martinique.fr\/clg-carbet\/index.php?rest_route=\/wp\/v2\/pages\/1833\/revisions\/1834"}],"up":[{"embeddable":true,"href":"https:\/\/site.ac-martinique.fr\/clg-carbet\/index.php?rest_route=\/wp\/v2\/pages\/319"}],"wp:attachment":[{"href":"https:\/\/site.ac-martinique.fr\/clg-carbet\/index.php?rest_route=%2Fwp%2Fv2%2Fmedia&parent=1833"}],"curies":[{"name":"wp","href":"https:\/\/api.w.org\/{rel}","templated":true}]}}