{"id":3110,"date":"2018-01-15T01:31:54","date_gmt":"2018-01-15T00:31:54","guid":{"rendered":"\/clg-carbet\/?page_id=3110"},"modified":"2018-11-28T12:56:31","modified_gmt":"2018-11-28T11:56:31","slug":"dispositif-devoirs-faits","status":"publish","type":"page","link":"https:\/\/site.ac-martinique.fr\/clg-carbet\/?page_id=3110","title":{"rendered":"Dispositif &#8220;Devoirs faits&#8221;"},"content":{"rendered":"<p>Le dispositif a commenc\u00e9 \u00e0 la rentr\u00e9e de Novembre 2018. Devoirs Faits est un temps que les \u00e9l\u00e8ves mettent \u00e0 profit pour avancer leur travail personnel sous l&#8217;autorit\u00e9 d&#8217;un adulte (enseignant ou AED) qui dispense aide et conseils.<\/p>\n<p>Afin que le dispositif soit efficace, l&#8217;\u00e9l\u00e8ve doit tenir \u00e0 jour son cahier de textes personnel et \u00eatre conscient des progr\u00e8s qu&#8217;il peut accomplir en b\u00e9n\u00e9ficiant de ce dispositif d&#8217;aide.<\/p>\n<p>le travail et l&#8217;attitude de l&#8217;\u00e9l\u00e8ve sont donc\u00a0 observ\u00e9s et une fiche de suivi est remplie pour chacun des \u00e9l\u00e8ves pr\u00e9sents.<\/p>\n<p>Une enqu\u00eate sera r\u00e9alis\u00e9e aupr\u00e8s de vous\u00a0 en fin de trimestre afin d&#8217;\u00e9valuer l&#8217;efficacit\u00e9 du dispositif et mettre en lumi\u00e8re les am\u00e9liorations n\u00e9cessaires.<\/p>\n<p>Nous savons pouvoir compter sur vos propositions afin de faire vivre ce dispositif au profit de la r\u00e9ussite des \u00e9l\u00e8ves.<\/p>\n<p>La direction<\/p>\n","protected":false},"excerpt":{"rendered":"<p>Le dispositif a commenc\u00e9 \u00e0 la rentr\u00e9e de Novembre 2018. Devoirs Faits est un temps que les \u00e9l\u00e8ves mettent \u00e0 profit pour avancer leur travail personnel sous l&#8217;autorit\u00e9 d&#8217;un adulte (enseignant ou AED) qui dispense aide et conseils. Afin que le dispositif soit efficace, l&#8217;\u00e9l\u00e8ve doit tenir \u00e0 jour son cahier de textes personnel et \u00eatre conscient des progr\u00e8s qu&#8217;il peut accomplir en b\u00e9n\u00e9ficiant de ce dispositif d&#8217;aide. le travail et l&#8217;attitude de l&#8217;\u00e9l\u00e8ve sont donc\u00a0 observ\u00e9s et une fiche de suivi est remplie pour chacun des \u00e9l\u00e8ves pr\u00e9sents. Une enqu\u00eate sera r\u00e9alis\u00e9e aupr\u00e8s de vous\u00a0 en fin de trimestre afin d&#8217;\u00e9valuer l&#8217;efficacit\u00e9 du dispositif et mettre en lumi\u00e8re les am\u00e9liorations n\u00e9cessaires. Nous savons pouvoir compter sur vos propositions afin de faire vivre ce dispositif au profit de la r\u00e9ussite des \u00e9l\u00e8ves. La direction<\/p>\n","protected":false},"author":167,"featured_media":0,"parent":600,"menu_order":0,"comment_status":"closed","ping_status":"closed","template":"","meta":{"footnotes":""},"class_list":["post-3110","page","type-page","status-publish","hentry"],"_links":{"self":[{"href":"https:\/\/site.ac-martinique.fr\/clg-carbet\/index.php?rest_route=\/wp\/v2\/pages\/3110","targetHints":{"allow":["GET"]}}],"collection":[{"href":"https:\/\/site.ac-martinique.fr\/clg-carbet\/index.php?rest_route=\/wp\/v2\/pages"}],"about":[{"href":"https:\/\/site.ac-martinique.fr\/clg-carbet\/index.php?rest_route=\/wp\/v2\/types\/page"}],"author":[{"embeddable":true,"href":"https:\/\/site.ac-martinique.fr\/clg-carbet\/index.php?rest_route=\/wp\/v2\/users\/167"}],"replies":[{"embeddable":true,"href":"https:\/\/site.ac-martinique.fr\/clg-carbet\/index.php?rest_route=%2Fwp%2Fv2%2Fcomments&post=3110"}],"version-history":[{"count":4,"href":"https:\/\/site.ac-martinique.fr\/clg-carbet\/index.php?rest_route=\/wp\/v2\/pages\/3110\/revisions"}],"predecessor-version":[{"id":5371,"href":"https:\/\/site.ac-martinique.fr\/clg-carbet\/index.php?rest_route=\/wp\/v2\/pages\/3110\/revisions\/5371"}],"up":[{"embeddable":true,"href":"https:\/\/site.ac-martinique.fr\/clg-carbet\/index.php?rest_route=\/wp\/v2\/pages\/600"}],"wp:attachment":[{"href":"https:\/\/site.ac-martinique.fr\/clg-carbet\/index.php?rest_route=%2Fwp%2Fv2%2Fmedia&parent=3110"}],"curies":[{"name":"wp","href":"https:\/\/api.w.org\/{rel}","templated":true}]}}