{"id":4271,"date":"2018-05-06T02:23:42","date_gmt":"2018-05-06T01:23:42","guid":{"rendered":"\/clg-carbet\/?page_id=4271"},"modified":"2018-05-06T13:44:05","modified_gmt":"2018-05-06T12:44:05","slug":"concours-debarque-tes-stereotypes-organise-par-la-prefecture-de-la-martinique-en-partenariat-avec-le-rectorat-annee-2017-2018","status":"publish","type":"page","link":"https:\/\/site.ac-martinique.fr\/clg-carbet\/?page_id=4271","title":{"rendered":"Concours &#8220;d\u00e9barque tes st\u00e9r\u00e9otypes&#8221; organis\u00e9 par la pr\u00e9fecture de la Martinique en partenariat avec le rectorat.  Ann\u00e9e 2017-2018"},"content":{"rendered":"<p>Pour la deuxi\u00e8me ann\u00e9e, les \u00e9l\u00e8ves ont remport\u00e9 le premier prix de la cat\u00e9gorie photo (image 1) et le deuxi\u00e8me prix de la cat\u00e9gorie affiche (image 2).<\/p>\n<p>Ils ont \u00e9t\u00e9 encadr\u00e9s par MMmes dambo et Jacob, respectivement professeur d&#8217;arts plastiques et infirmi\u00e8re au coll\u00e8ge Le carbet.<\/p>\n<p><a href=\"\/clg-carbet\/wp-content\/uploads\/sites\/68\/travailler-ensemble-4ieme-4.jpeg\"><img loading=\"lazy\" decoding=\"async\" class=\"aligncenter size-full wp-image-4265\" src=\"\/clg-carbet\/wp-content\/uploads\/sites\/68\/travailler-ensemble-4ieme-4.jpeg\" alt=\"\" width=\"2103\" height=\"1467\" srcset=\"https:\/\/site.ac-martinique.fr\/clg-carbet\/wp-content\/uploads\/sites\/68\/travailler-ensemble-4ieme-4.jpeg 2103w, https:\/\/site.ac-martinique.fr\/clg-carbet\/wp-content\/uploads\/sites\/68\/travailler-ensemble-4ieme-4-300x209.jpeg 300w, https:\/\/site.ac-martinique.fr\/clg-carbet\/wp-content\/uploads\/sites\/68\/travailler-ensemble-4ieme-4-768x536.jpeg 768w, https:\/\/site.ac-martinique.fr\/clg-carbet\/wp-content\/uploads\/sites\/68\/travailler-ensemble-4ieme-4-1024x714.jpeg 1024w\" sizes=\"auto, (max-width: 2103px) 100vw, 2103px\" \/><\/a><a href=\"\/clg-carbet\/wp-content\/uploads\/sites\/68\/Mise-en-oeuvre_photo.pdf\">Les \u00e9l\u00e8ves pr\u00e9sentent leur oeuvre.<\/a><\/p>\n<p><a href=\"\/clg-carbet\/wp-content\/uploads\/sites\/68\/20180320_103427-2.jpg\">Les \u00e9l\u00e8ves pr\u00e9<\/a><\/p>\n<p><img loading=\"lazy\" decoding=\"async\" class=\"aligncenter size-full wp-image-4260\" src=\"\/clg-carbet\/wp-content\/uploads\/sites\/68\/20180320_103427-2.jpg\" alt=\"\" width=\"2830\" height=\"4048\" srcset=\"https:\/\/site.ac-martinique.fr\/clg-carbet\/wp-content\/uploads\/sites\/68\/20180320_103427-2.jpg 2830w, https:\/\/site.ac-martinique.fr\/clg-carbet\/wp-content\/uploads\/sites\/68\/20180320_103427-2-210x300.jpg 210w, https:\/\/site.ac-martinique.fr\/clg-carbet\/wp-content\/uploads\/sites\/68\/20180320_103427-2-768x1099.jpg 768w, https:\/\/site.ac-martinique.fr\/clg-carbet\/wp-content\/uploads\/sites\/68\/20180320_103427-2-716x1024.jpg 716w\" sizes=\"auto, (max-width: 2830px) 100vw, 2830px\" \/><\/p>\n<p><a href=\"\/clg-carbet\/wp-content\/uploads\/sites\/68\/Mise-en-oeuvre-_affiche.pdf\">Les \u00e9l\u00e8ves pr\u00e9sentent leur cr\u00e9ation:\u00a0<\/a><\/p>\n","protected":false},"excerpt":{"rendered":"<p>Pour la deuxi\u00e8me ann\u00e9e, les \u00e9l\u00e8ves ont remport\u00e9 le premier prix de la cat\u00e9gorie photo (image 1) et le deuxi\u00e8me prix de la cat\u00e9gorie affiche (image 2). Ils ont \u00e9t\u00e9 encadr\u00e9s par MMmes dambo et Jacob, respectivement professeur d&#8217;arts plastiques et infirmi\u00e8re au coll\u00e8ge Le carbet. Les \u00e9l\u00e8ves pr\u00e9sentent leur oeuvre. Les \u00e9l\u00e8ves pr\u00e9 Les \u00e9l\u00e8ves pr\u00e9sentent leur cr\u00e9ation:\u00a0<\/p>\n","protected":false},"author":167,"featured_media":0,"parent":1322,"menu_order":1,"comment_status":"closed","ping_status":"closed","template":"","meta":{"footnotes":""},"class_list":["post-4271","page","type-page","status-publish","hentry"],"_links":{"self":[{"href":"https:\/\/site.ac-martinique.fr\/clg-carbet\/index.php?rest_route=\/wp\/v2\/pages\/4271","targetHints":{"allow":["GET"]}}],"collection":[{"href":"https:\/\/site.ac-martinique.fr\/clg-carbet\/index.php?rest_route=\/wp\/v2\/pages"}],"about":[{"href":"https:\/\/site.ac-martinique.fr\/clg-carbet\/index.php?rest_route=\/wp\/v2\/types\/page"}],"author":[{"embeddable":true,"href":"https:\/\/site.ac-martinique.fr\/clg-carbet\/index.php?rest_route=\/wp\/v2\/users\/167"}],"replies":[{"embeddable":true,"href":"https:\/\/site.ac-martinique.fr\/clg-carbet\/index.php?rest_route=%2Fwp%2Fv2%2Fcomments&post=4271"}],"version-history":[{"count":12,"href":"https:\/\/site.ac-martinique.fr\/clg-carbet\/index.php?rest_route=\/wp\/v2\/pages\/4271\/revisions"}],"predecessor-version":[{"id":4287,"href":"https:\/\/site.ac-martinique.fr\/clg-carbet\/index.php?rest_route=\/wp\/v2\/pages\/4271\/revisions\/4287"}],"up":[{"embeddable":true,"href":"https:\/\/site.ac-martinique.fr\/clg-carbet\/index.php?rest_route=\/wp\/v2\/pages\/1322"}],"wp:attachment":[{"href":"https:\/\/site.ac-martinique.fr\/clg-carbet\/index.php?rest_route=%2Fwp%2Fv2%2Fmedia&parent=4271"}],"curies":[{"name":"wp","href":"https:\/\/api.w.org\/{rel}","templated":true}]}}