{"id":5441,"date":"2019-01-17T00:33:48","date_gmt":"2019-01-16T23:33:48","guid":{"rendered":"\/clg-carbet\/?page_id=5441"},"modified":"2019-01-17T00:34:59","modified_gmt":"2019-01-16T23:34:59","slug":"horizons-2021","status":"publish","type":"page","link":"https:\/\/site.ac-martinique.fr\/clg-carbet\/?page_id=5441","title":{"rendered":"HORIZONS 2021"},"content":{"rendered":"<p>Cette application num\u00e9rique est destin\u00e9e \u00e0 vous accompagner dans votre parcours de lyc\u00e9en dans la voie g\u00e9n\u00e9rale.<br \/>\nEn classe de premi\u00e8re g\u00e9n\u00e9rale, au-del\u00e0 des enseignements communs \u00e0 tous les \u00e9l\u00e8ves, vous suivrez des enseignements de sp\u00e9cialit\u00e9 que vous devez choisir d\u00e8s la classe de seconde (4 \u00e0 5 souhaits exprim\u00e9s lors des intentions d&#8217;orientation du 2<sup>e<\/sup>\u00a0trimestre, pour en retenir 3 lors des v\u0153ux d\u00e9finitifs du 3<sup>e<\/sup>\u00a0trimestre).<br \/>\nCette application num\u00e9rique vous permet de tester des combinaisons de 3 enseignements de sp\u00e9cialit\u00e9 qui vous ouvrent l&#8217;acc\u00e8s \u00e0 des \u00ab\u00a0horizons\u00a0\u00bb et \u00e0 des univers de formations et de m\u00e9tiers riches et vari\u00e9s.<\/p>\n<p><a href=\"http:\/\/www.horizons2021.fr\/\">http:\/\/www.horizons2021.fr\/<\/a><\/p>\n<p>&nbsp;<\/p>\n<p>&nbsp;<\/p>\n<p>&nbsp;<\/p>\n","protected":false},"excerpt":{"rendered":"<p>Cette application num\u00e9rique est destin\u00e9e \u00e0 vous accompagner dans votre parcours de lyc\u00e9en dans la voie g\u00e9n\u00e9rale. En classe de premi\u00e8re g\u00e9n\u00e9rale, au-del\u00e0 des enseignements communs \u00e0 tous les \u00e9l\u00e8ves, vous suivrez des enseignements de sp\u00e9cialit\u00e9 que vous devez choisir d\u00e8s la classe de seconde (4 \u00e0 5 souhaits exprim\u00e9s lors des intentions d&#8217;orientation du 2e\u00a0trimestre, pour en retenir 3 lors des v\u0153ux d\u00e9finitifs du 3e\u00a0trimestre). Cette application num\u00e9rique vous permet de tester des combinaisons de 3 enseignements de sp\u00e9cialit\u00e9 qui vous ouvrent l&#8217;acc\u00e8s \u00e0 des \u00ab\u00a0horizons\u00a0\u00bb et \u00e0 des univers de formations et de m\u00e9tiers riches et vari\u00e9s. http:\/\/www.horizons2021.fr\/ &nbsp; &nbsp; &nbsp;<\/p>\n","protected":false},"author":167,"featured_media":0,"parent":4967,"menu_order":1,"comment_status":"closed","ping_status":"closed","template":"","meta":{"footnotes":""},"class_list":["post-5441","page","type-page","status-publish","hentry"],"_links":{"self":[{"href":"https:\/\/site.ac-martinique.fr\/clg-carbet\/index.php?rest_route=\/wp\/v2\/pages\/5441","targetHints":{"allow":["GET"]}}],"collection":[{"href":"https:\/\/site.ac-martinique.fr\/clg-carbet\/index.php?rest_route=\/wp\/v2\/pages"}],"about":[{"href":"https:\/\/site.ac-martinique.fr\/clg-carbet\/index.php?rest_route=\/wp\/v2\/types\/page"}],"author":[{"embeddable":true,"href":"https:\/\/site.ac-martinique.fr\/clg-carbet\/index.php?rest_route=\/wp\/v2\/users\/167"}],"replies":[{"embeddable":true,"href":"https:\/\/site.ac-martinique.fr\/clg-carbet\/index.php?rest_route=%2Fwp%2Fv2%2Fcomments&post=5441"}],"version-history":[{"count":2,"href":"https:\/\/site.ac-martinique.fr\/clg-carbet\/index.php?rest_route=\/wp\/v2\/pages\/5441\/revisions"}],"predecessor-version":[{"id":5443,"href":"https:\/\/site.ac-martinique.fr\/clg-carbet\/index.php?rest_route=\/wp\/v2\/pages\/5441\/revisions\/5443"}],"up":[{"embeddable":true,"href":"https:\/\/site.ac-martinique.fr\/clg-carbet\/index.php?rest_route=\/wp\/v2\/pages\/4967"}],"wp:attachment":[{"href":"https:\/\/site.ac-martinique.fr\/clg-carbet\/index.php?rest_route=%2Fwp%2Fv2%2Fmedia&parent=5441"}],"curies":[{"name":"wp","href":"https:\/\/api.w.org\/{rel}","templated":true}]}}