{"id":75,"date":"2015-09-04T01:01:09","date_gmt":"2015-09-04T00:01:09","guid":{"rendered":"\/clg-carbet\/?page_id=75"},"modified":"2015-09-04T01:01:09","modified_gmt":"2015-09-04T00:01:09","slug":"presentation","status":"publish","type":"page","link":"https:\/\/site.ac-martinique.fr\/clg-carbet\/?page_id=75","title":{"rendered":"R\u00e8glement int\u00e9rieur du CDI"},"content":{"rendered":"<p>&nbsp;<\/p>\n<ol>\n<li><strong><u>Qu\u2019est-ce que le CDI\u00a0?<\/u><\/strong><\/li>\n<\/ol>\n<p>Le Centre de Documentation et d\u2019Information est un lieu de lecture ouvert \u00e0 tous les \u00e9l\u00e8ves, aux enseignants et aux personnels non enseignants.<\/p>\n<p>C\u2019est \u00e9galement un outil de travail, d\u2019apprentissage et de recherche pour tous les \u00e9l\u00e8ves du coll\u00e8ge, ce qui impose des r\u00e8gles de fonctionnement.<\/p>\n<p>La venue au CDI se fait uniquement sur la base du volontariat et dans le respect des biens et des personnes.<\/p>\n<p>Le calme et le silence y sont exig\u00e9s.<\/p>\n<p>&nbsp;<\/p>\n<ol start=\"2\">\n<li><strong><u>Modalit\u00e9s de fr\u00e9quentation<\/u>.<\/strong><\/li>\n<\/ol>\n<ul>\n<li>Le CDI accueille les \u00e9l\u00e8ves d\u00e9sireux de lire, avancer un travail, se documenter. Il n\u2019a pas pour vocation d\u2019accueillir les \u00e9l\u00e8ves qui souhaitent discuter\u00a0: <strong>aucune all\u00e9e et venue ne sera accept\u00e9e.<\/strong><\/li>\n<li>Toute attitude d\u2019incivilit\u00e9 (injures, insolence, impolitesse\u2026) peut \u00eatre passible de sanctions (avertissement, refus d\u2019acc\u00e8s au CDI\u2026.)<\/li>\n<li>On vient au CDI parce qu\u2019on a un PROJET : recherche, lecture, consultation de documents (les \u00e9l\u00e8ves qui ont des recherches \u00e0 faire sont toujours prioritaires)<\/li>\n<li>L\u2019\u00e9l\u00e8ve qui vient de la permanence doit pr\u00e9senter un billet de liaison vie scolaire\/CDI.<\/li>\n<li>L\u2019\u00e9l\u00e8ve qui entre au CDI doit s\u2019inscrire sur le poste informatique r\u00e9serv\u00e9 \u00e0 cet usage, laisser son carnet de correspondance \u00e0 l\u2019accueil du CDI et poser son cartable sur l\u2019\u00e9tag\u00e8re r\u00e9serv\u00e9e \u00e0 cet effet.<\/li>\n<li>Le mat\u00e9riel dont l\u2019\u00e9l\u00e8ve a besoin est pris dans le cartable en d\u00e9but d\u2019heure.<\/li>\n<li>L\u2019\u00e9l\u00e8ve vient pour une heure enti\u00e8re et ne peut quitter le CDI avant la sonnerie sans autorisation.<\/li>\n<li>Les horaires d\u2019ouverture du CDI sont affich\u00e9s \u00e0 l\u2019entr\u00e9e.<\/li>\n<li>Lors d\u2019une s\u00e9quence p\u00e9dagogique avec une classe ou un groupe d\u2019\u00e9l\u00e8ves l\u2019acc\u00e8s au CDI peut \u00eatre limit\u00e9.<\/li>\n<li>Les casquettes, les t\u00e9l\u00e9phones portables, les aliments et boissons, les jeux, les chewing-gums sont interdits au CDI<\/li>\n<\/ul>\n<p>&nbsp;<\/p>\n<ol start=\"3\">\n<li><strong><u>R\u00f4le de la documentaliste<\/u><\/strong><strong><u> :<\/u><\/strong><\/li>\n<\/ol>\n<ul>\n<li>Veiller au respect du r\u00e8glement.<\/li>\n<li>Renseigner sur les documents qui existent au CDI mais aussi vous aider \u00e0 effectuer une recherche, vous guider dans votre travail et vous conseiller une lecture\u2026N\u2019h\u00e9sitez pas \u00e0 poser des questions et \u00e0 demander de l\u2019aide. Le personnel du CDI est l\u00e0 pour \u00e7a.<\/li>\n<\/ul>\n<p><strong>\u00a0<\/strong><\/p>\n<ol start=\"4\">\n<li><strong><u>Conditions de pr\u00eat\u00a0:<\/u><\/strong><\/li>\n<\/ol>\n<p>Les ouvrages peuvent \u00eatre emprunt\u00e9s pour une p\u00e9riode d\u00e9termin\u00e9e de quinze jours. La date de remise doit \u00eatre respect\u00e9e. Un \u00e9l\u00e8ve ne peut emprunter que deux livres \u00e0 la fois.<\/p>\n<p>Certains documents (dictionnaire, encyclop\u00e9dies&#8230;) ne peuvent \u00eatre emprunt\u00e9s, mais se consultent sur place.<\/p>\n<p>&nbsp;<\/p>\n<ol start=\"5\">\n<li><strong><u>Utilisation des ordinateurs\u00a0:<\/u><\/strong><\/li>\n<\/ol>\n<ul>\n<li>Les ordinateurs sont <strong>exclusivement des outils de travail<\/strong> utilis\u00e9s sous la surveillance du personnel du CDI.<\/li>\n<li><strong>Aucun \u00e9l\u00e8ve ne peut acc\u00e9der aux ordinateurs sans autorisation du personnel du CDI.<\/strong><\/li>\n<li>Aucune impression ne s\u2019effectue sans autorisation.<\/li>\n<li>La dur\u00e9e d\u2019une recherche ne peut exc\u00e9der 30 minutes par \u00e9l\u00e8ve.<\/li>\n<li>Peuvent travailler <strong>par poste 2 \u00e9l\u00e8ves maximum<\/strong><\/li>\n<li><strong>Aucune activit\u00e9 en dehors du cadre p\u00e9dagogique ne sera autoris\u00e9e.<\/strong><\/li>\n<li>Ne peuvent \u00eatre utilis\u00e9s que les seuls jeux \u00e9ducatifs fournis par le CDI.<\/li>\n<li><strong>La recherche sur Internet ne peut se faire que sous le contr\u00f4le du personnel.<\/strong><\/li>\n<\/ul>\n<p><strong><u>Le non-respect des r\u00e8gles peut valoir exclusion.<\/u><\/strong><\/p>\n","protected":false},"excerpt":{"rendered":"<p>&nbsp; Qu\u2019est-ce que le CDI\u00a0? Le Centre de Documentation et d\u2019Information est un lieu de lecture ouvert \u00e0 tous les \u00e9l\u00e8ves, aux enseignants et aux personnels non enseignants. C\u2019est \u00e9galement un outil de travail, d\u2019apprentissage et de recherche pour tous les \u00e9l\u00e8ves du coll\u00e8ge, ce qui impose des r\u00e8gles de fonctionnement. La venue au CDI se fait uniquement sur la base du volontariat et dans le respect des biens et des personnes. Le calme et le silence y sont exig\u00e9s. &nbsp; Modalit\u00e9s de fr\u00e9quentation. Le CDI accueille les \u00e9l\u00e8ves d\u00e9sireux de lire, avancer un travail, se documenter. Il n\u2019a pas pour vocation d\u2019accueillir les \u00e9l\u00e8ves qui souhaitent discuter\u00a0: aucune all\u00e9e et venue ne sera accept\u00e9e. Toute attitude d\u2019incivilit\u00e9 (injures, insolence, impolitesse\u2026) peut \u00eatre passible de sanctions (avertissement, refus d\u2019acc\u00e8s au CDI\u2026.) On vient au CDI parce qu\u2019on a un PROJET : recherche, lecture, consultation de documents (les \u00e9l\u00e8ves qui ont des recherches \u00e0 faire sont toujours prioritaires) L\u2019\u00e9l\u00e8ve qui vient de la permanence doit pr\u00e9senter un billet de liaison vie scolaire\/CDI. L\u2019\u00e9l\u00e8ve qui entre au CDI doit s\u2019inscrire sur le poste informatique r\u00e9serv\u00e9 \u00e0 cet usage, laisser son carnet de correspondance \u00e0 l\u2019accueil du CDI et poser son cartable sur l\u2019\u00e9tag\u00e8re r\u00e9serv\u00e9e \u00e0 cet effet. Le mat\u00e9riel dont l\u2019\u00e9l\u00e8ve a besoin est pris dans le cartable en d\u00e9but d\u2019heure. L\u2019\u00e9l\u00e8ve vient pour une heure enti\u00e8re et ne peut quitter le CDI avant la sonnerie sans autorisation. Les horaires d\u2019ouverture du CDI sont affich\u00e9s \u00e0 l\u2019entr\u00e9e. Lors d\u2019une s\u00e9quence p\u00e9dagogique avec une classe ou un groupe d\u2019\u00e9l\u00e8ves l\u2019acc\u00e8s au CDI peut \u00eatre limit\u00e9. Les casquettes, les t\u00e9l\u00e9phones portables, les aliments et boissons, les jeux, les chewing-gums sont interdits au CDI &nbsp; R\u00f4le de la documentaliste : Veiller au respect du r\u00e8glement. Renseigner sur les documents qui existent au CDI mais aussi vous aider \u00e0 effectuer une recherche, vous guider dans votre travail et vous conseiller une lecture\u2026N\u2019h\u00e9sitez pas \u00e0 poser des questions et \u00e0 demander de l\u2019aide. Le personnel du CDI est l\u00e0 pour \u00e7a. \u00a0 Conditions de pr\u00eat\u00a0: Les ouvrages peuvent \u00eatre emprunt\u00e9s pour une p\u00e9riode d\u00e9termin\u00e9e de quinze jours. La date de remise doit \u00eatre respect\u00e9e. Un \u00e9l\u00e8ve ne peut emprunter que deux livres \u00e0 la fois. Certains documents (dictionnaire, encyclop\u00e9dies&#8230;) ne peuvent \u00eatre emprunt\u00e9s, mais se consultent sur place. &nbsp; Utilisation des ordinateurs\u00a0: Les ordinateurs sont exclusivement des outils de travail utilis\u00e9s sous la surveillance du personnel du CDI. Aucun \u00e9l\u00e8ve ne peut acc\u00e9der aux ordinateurs sans autorisation du personnel du CDI. Aucune impression ne s\u2019effectue sans autorisation. La dur\u00e9e d\u2019une recherche ne peut exc\u00e9der 30 minutes par \u00e9l\u00e8ve. Peuvent travailler par poste 2 \u00e9l\u00e8ves maximum Aucune activit\u00e9 en dehors du cadre p\u00e9dagogique ne sera autoris\u00e9e. Ne peuvent \u00eatre utilis\u00e9s que les seuls jeux \u00e9ducatifs fournis par le CDI. La recherche sur Internet ne peut se faire que sous le contr\u00f4le du personnel. Le non-respect des r\u00e8gles peut valoir exclusion.<\/p>\n","protected":false},"author":170,"featured_media":0,"parent":336,"menu_order":2,"comment_status":"closed","ping_status":"open","template":"","meta":{"footnotes":""},"class_list":["post-75","page","type-page","status-publish","hentry"],"_links":{"self":[{"href":"https:\/\/site.ac-martinique.fr\/clg-carbet\/index.php?rest_route=\/wp\/v2\/pages\/75","targetHints":{"allow":["GET"]}}],"collection":[{"href":"https:\/\/site.ac-martinique.fr\/clg-carbet\/index.php?rest_route=\/wp\/v2\/pages"}],"about":[{"href":"https:\/\/site.ac-martinique.fr\/clg-carbet\/index.php?rest_route=\/wp\/v2\/types\/page"}],"author":[{"embeddable":true,"href":"https:\/\/site.ac-martinique.fr\/clg-carbet\/index.php?rest_route=\/wp\/v2\/users\/170"}],"replies":[{"embeddable":true,"href":"https:\/\/site.ac-martinique.fr\/clg-carbet\/index.php?rest_route=%2Fwp%2Fv2%2Fcomments&post=75"}],"version-history":[{"count":0,"href":"https:\/\/site.ac-martinique.fr\/clg-carbet\/index.php?rest_route=\/wp\/v2\/pages\/75\/revisions"}],"up":[{"embeddable":true,"href":"https:\/\/site.ac-martinique.fr\/clg-carbet\/index.php?rest_route=\/wp\/v2\/pages\/336"}],"wp:attachment":[{"href":"https:\/\/site.ac-martinique.fr\/clg-carbet\/index.php?rest_route=%2Fwp%2Fv2%2Fmedia&parent=75"}],"curies":[{"name":"wp","href":"https:\/\/api.w.org\/{rel}","templated":true}]}}