{"id":1074,"date":"2020-11-18T12:20:36","date_gmt":"2020-11-18T16:20:36","guid":{"rendered":"https:\/\/site.ac-martinique.fr\/clg-cassiensainteclaire\/?page_id=1074"},"modified":"2023-09-25T12:16:03","modified_gmt":"2023-09-25T16:16:03","slug":"espace-parents-eleves","status":"publish","type":"page","link":"https:\/\/site.ac-martinique.fr\/clg-cassiensainteclaire\/espace-parents-eleves\/","title":{"rendered":"Espace Parents\/\u00c9l\u00e8ves"},"content":{"rendered":"\n<div class=\"wp-block-button\"><a class=\"wp-block-button__link wp-element-button\" href=\"\/clg-cassiensainteclaire\/2021\/01\/27\/educonnect\/\">EDUCONNECT<\/a><\/div>\n\n\n\n<div class=\"wp-block-button\"><a class=\"wp-block-button__link wp-element-button\" href=\"\/clg-cassiensainteclaire\/aides-financieres-aux-familles\/\">AIDES FINANCI\u00c8RES AUX FAMILLES<\/a><\/div>\n\n\n\n<div class=\"wp-block-buttons is-layout-flex wp-block-buttons-is-layout-flex\">\n<div class=\"wp-block-button\"><a class=\"wp-block-button__link wp-element-button\" href=\"https:\/\/site.ac-martinique.fr\/clg-cassiensainteclaire\/2022\/05\/23\/assr-niveau-1-2\/\">ASSR NIVEAU 1 &amp; 2<\/a><\/div>\n<\/div>\n\n\n\n<div class=\"wp-block-buttons is-layout-flex wp-block-buttons-is-layout-flex\">\n<div class=\"wp-block-button\"><a class=\"wp-block-button__link wp-element-button\" href=\"https:\/\/site.ac-martinique.fr\/clg-cassiensainteclaire\/2023\/09\/20\/creer-son-compte-educonnect-pour-acceder-a-pronote-ou-faire-sa-demande-de-bourse-comment-faire\/\">Cr\u00e9er son compte Educonnect pour acc\u00e9der \u00e0 Pronote ou faire sa demande de bourse: Comment faire?<\/a><\/div>\n<\/div>\n\n\n\n<p><\/p>\n\n\n\n<div class=\"wp-block-buttons is-layout-flex wp-block-buttons-is-layout-flex\">\n<div class=\"wp-block-button\"><a class=\"wp-block-button__link wp-element-button\" href=\"https:\/\/site.ac-martinique.fr\/clg-cassiensainteclaire\/2023\/09\/25\/je-veux-me-connecter-sur-pronote-mais-comment-faire\/\">Je veux me connecter sur PRONOTE, mais comment faire ?<\/a><\/div>\n<\/div>\n","protected":false},"excerpt":{"rendered":"","protected":false},"author":214,"featured_media":0,"parent":0,"menu_order":0,"comment_status":"closed","ping_status":"closed","template":"","meta":{"footnotes":""},"class_list":["post-1074","page","type-page","status-publish","hentry"],"_links":{"self":[{"href":"https:\/\/site.ac-martinique.fr\/clg-cassiensainteclaire\/wp-json\/wp\/v2\/pages\/1074","targetHints":{"allow":["GET"]}}],"collection":[{"href":"https:\/\/site.ac-martinique.fr\/clg-cassiensainteclaire\/wp-json\/wp\/v2\/pages"}],"about":[{"href":"https:\/\/site.ac-martinique.fr\/clg-cassiensainteclaire\/wp-json\/wp\/v2\/types\/page"}],"author":[{"embeddable":true,"href":"https:\/\/site.ac-martinique.fr\/clg-cassiensainteclaire\/wp-json\/wp\/v2\/users\/214"}],"replies":[{"embeddable":true,"href":"https:\/\/site.ac-martinique.fr\/clg-cassiensainteclaire\/wp-json\/wp\/v2\/comments?post=1074"}],"version-history":[{"count":16,"href":"https:\/\/site.ac-martinique.fr\/clg-cassiensainteclaire\/wp-json\/wp\/v2\/pages\/1074\/revisions"}],"predecessor-version":[{"id":11505,"href":"https:\/\/site.ac-martinique.fr\/clg-cassiensainteclaire\/wp-json\/wp\/v2\/pages\/1074\/revisions\/11505"}],"wp:attachment":[{"href":"https:\/\/site.ac-martinique.fr\/clg-cassiensainteclaire\/wp-json\/wp\/v2\/media?parent=1074"}],"curies":[{"name":"wp","href":"https:\/\/api.w.org\/{rel}","templated":true}]}}