{"id":1121,"date":"2021-01-29T08:47:59","date_gmt":"2021-01-29T12:47:59","guid":{"rendered":"https:\/\/site.ac-martinique.fr\/clg-cassiensainteclaire\/?page_id=1121"},"modified":"2021-03-04T14:50:35","modified_gmt":"2021-03-04T18:50:35","slug":"accompagnement","status":"publish","type":"page","link":"https:\/\/site.ac-martinique.fr\/clg-cassiensainteclaire\/accompagnement\/","title":{"rendered":"Accompagnement scolaire"},"content":{"rendered":"\n<p><strong>La Psychologue de l&rsquo;\u00e9ducation nationale PSY-EN (ex COP)<\/strong><\/p>\n\n\n\n<p>Sp\u00e9cialit\u00e9 \u00ab\u00a0\u00e9ducation, d\u00e9veloppement et conseil en orientation scolaire et professionnel\u00a0\u00bb<\/p>\n\n\n\n<p>Re\u00e7oit toute l&rsquo;ann\u00e9e sur rendez-vous (<strong>se rapprocher de la vie scolaire<\/strong>) <\/p>\n\n\n\n<p>Les \u00e9l\u00e8ves &amp; les parents<\/p>\n\n\n\n<p><strong>Le Mardi et le Mercredi Matin de 8H00 \u00e0 11H45<\/strong><br><\/p>\n","protected":false},"excerpt":{"rendered":"<p>La Psychologue de l&rsquo;\u00e9ducation nationale PSY-EN (ex COP) Sp\u00e9cialit\u00e9 \u00ab\u00a0\u00e9ducation, d\u00e9veloppement et conseil en orientation scolaire et professionnel\u00a0\u00bb Re\u00e7oit toute &hellip; <\/p>\n<p class=\"link-more\"><a href=\"https:\/\/site.ac-martinique.fr\/clg-cassiensainteclaire\/accompagnement\/\" class=\"more-link\">Lire la suite&#8230;<span class=\"screen-reader-text\"> \u00ab\u00a0Accompagnement scolaire\u00a0\u00bb<\/span><\/a><\/p>\n","protected":false},"author":214,"featured_media":0,"parent":0,"menu_order":0,"comment_status":"closed","ping_status":"closed","template":"","meta":{"footnotes":""},"class_list":["post-1121","page","type-page","status-publish","hentry"],"_links":{"self":[{"href":"https:\/\/site.ac-martinique.fr\/clg-cassiensainteclaire\/wp-json\/wp\/v2\/pages\/1121","targetHints":{"allow":["GET"]}}],"collection":[{"href":"https:\/\/site.ac-martinique.fr\/clg-cassiensainteclaire\/wp-json\/wp\/v2\/pages"}],"about":[{"href":"https:\/\/site.ac-martinique.fr\/clg-cassiensainteclaire\/wp-json\/wp\/v2\/types\/page"}],"author":[{"embeddable":true,"href":"https:\/\/site.ac-martinique.fr\/clg-cassiensainteclaire\/wp-json\/wp\/v2\/users\/214"}],"replies":[{"embeddable":true,"href":"https:\/\/site.ac-martinique.fr\/clg-cassiensainteclaire\/wp-json\/wp\/v2\/comments?post=1121"}],"version-history":[{"count":3,"href":"https:\/\/site.ac-martinique.fr\/clg-cassiensainteclaire\/wp-json\/wp\/v2\/pages\/1121\/revisions"}],"predecessor-version":[{"id":1131,"href":"https:\/\/site.ac-martinique.fr\/clg-cassiensainteclaire\/wp-json\/wp\/v2\/pages\/1121\/revisions\/1131"}],"wp:attachment":[{"href":"https:\/\/site.ac-martinique.fr\/clg-cassiensainteclaire\/wp-json\/wp\/v2\/media?parent=1121"}],"curies":[{"name":"wp","href":"https:\/\/api.w.org\/{rel}","templated":true}]}}