{"id":11570,"date":"2024-03-11T10:32:44","date_gmt":"2024-03-11T14:32:44","guid":{"rendered":"https:\/\/site.ac-martinique.fr\/clg-cassiensainteclaire\/?page_id=11570"},"modified":"2025-02-10T16:40:43","modified_gmt":"2025-02-10T20:40:43","slug":"animations-educatives","status":"publish","type":"page","link":"https:\/\/site.ac-martinique.fr\/clg-cassiensainteclaire\/animations-educatives\/","title":{"rendered":"ANIMATIONS \u00c9DUCATIVES"},"content":{"rendered":"\n<div class=\"wp-block-buttons is-layout-flex wp-block-buttons-is-layout-flex\">\n<div class=\"wp-block-button\"><a class=\"wp-block-button__link wp-element-button\" href=\"https:\/\/site.ac-martinique.fr\/clg-cassiensainteclaire\/2025\/01\/15\/carnaval-au-college-cassien-sainte-claire\/\">Carnaval au coll\u00e8ge Cassien Sainte-Claire &#8211; f\u00e9vrier 2025<\/a><\/div>\n<\/div>\n\n\n\n<div class=\"wp-block-buttons is-layout-flex wp-block-buttons-is-layout-flex\">\n<div class=\"wp-block-button\"><a class=\"wp-block-button__link wp-element-button\" href=\"https:\/\/site.ac-martinique.fr\/clg-cassiensainteclaire\/2024\/12\/12\/fete-de-noel-au-college-cassien-sainte-claire\/\">F\u00eate de No\u00ebl au coll\u00e8ge Cassien Sainte-Claire &#8211; d\u00e9cembre 2024<\/a><\/div>\n<\/div>\n\n\n\n<div class=\"wp-block-buttons is-layout-flex wp-block-buttons-is-layout-flex\">\n<div class=\"wp-block-button\"><a class=\"wp-block-button__link wp-element-button\" href=\"https:\/\/site.ac-martinique.fr\/clg-cassiensainteclaire\/2024\/09\/20\/ateliers-fse-2024-2025\/\">Ateliers FSE 2024-2025<\/a><\/div>\n<\/div>\n\n\n\n<div class=\"wp-block-buttons is-layout-flex wp-block-buttons-is-layout-flex\">\n<div class=\"wp-block-button\"><a class=\"wp-block-button__link wp-element-button\" href=\"https:\/\/site.ac-martinique.fr\/clg-cassiensainteclaire\/2024\/03\/11\/atelier-jeux-de-societe\/\">Atelier jeux de soci\u00e9t\u00e9<\/a><\/div>\n<\/div>\n\n\n\n<p><\/p>\n","protected":false},"excerpt":{"rendered":"","protected":false},"author":214,"featured_media":0,"parent":0,"menu_order":0,"comment_status":"closed","ping_status":"closed","template":"","meta":{"footnotes":""},"class_list":["post-11570","page","type-page","status-publish","hentry"],"_links":{"self":[{"href":"https:\/\/site.ac-martinique.fr\/clg-cassiensainteclaire\/wp-json\/wp\/v2\/pages\/11570","targetHints":{"allow":["GET"]}}],"collection":[{"href":"https:\/\/site.ac-martinique.fr\/clg-cassiensainteclaire\/wp-json\/wp\/v2\/pages"}],"about":[{"href":"https:\/\/site.ac-martinique.fr\/clg-cassiensainteclaire\/wp-json\/wp\/v2\/types\/page"}],"author":[{"embeddable":true,"href":"https:\/\/site.ac-martinique.fr\/clg-cassiensainteclaire\/wp-json\/wp\/v2\/users\/214"}],"replies":[{"embeddable":true,"href":"https:\/\/site.ac-martinique.fr\/clg-cassiensainteclaire\/wp-json\/wp\/v2\/comments?post=11570"}],"version-history":[{"count":10,"href":"https:\/\/site.ac-martinique.fr\/clg-cassiensainteclaire\/wp-json\/wp\/v2\/pages\/11570\/revisions"}],"predecessor-version":[{"id":12002,"href":"https:\/\/site.ac-martinique.fr\/clg-cassiensainteclaire\/wp-json\/wp\/v2\/pages\/11570\/revisions\/12002"}],"wp:attachment":[{"href":"https:\/\/site.ac-martinique.fr\/clg-cassiensainteclaire\/wp-json\/wp\/v2\/media?parent=11570"}],"curies":[{"name":"wp","href":"https:\/\/api.w.org\/{rel}","templated":true}]}}