{"id":11902,"date":"2024-09-20T14:10:33","date_gmt":"2024-09-20T18:10:33","guid":{"rendered":"https:\/\/site.ac-martinique.fr\/clg-cassiensainteclaire\/?page_id=11902"},"modified":"2024-09-20T16:25:36","modified_gmt":"2024-09-20T20:25:36","slug":"parents-deleves","status":"publish","type":"page","link":"https:\/\/site.ac-martinique.fr\/clg-cassiensainteclaire\/parents-deleves\/","title":{"rendered":"Repr\u00e9sentants parents d&rsquo;\u00e9l\u00e8ves"},"content":{"rendered":"\n<div data-wp-interactive=\"core\/file\" class=\"wp-block-file\"><object data-wp-bind--hidden=\"!state.hasPdfPreview\" hidden class=\"wp-block-file__embed\" data=\"https:\/\/site.ac-martinique.fr\/clg-cassiensainteclaire\/wp-content\/uploads\/sites\/82\/2024\/09\/Affiche-permanences-representants-parents-Sept-2024.pdf\" type=\"application\/pdf\" style=\"width:100%;height:600px\" aria-label=\"Contenu embarqu\u00e9 Affiche permanences repr\u00e9sentants parents (Sept 2024).\"><\/object><a id=\"wp-block-file--media-fedad035-4705-4320-b614-0bfe34467cbb\" href=\"https:\/\/site.ac-martinique.fr\/clg-cassiensainteclaire\/wp-content\/uploads\/sites\/82\/2024\/09\/Affiche-permanences-representants-parents-Sept-2024.pdf\">Affiche permanences repr\u00e9sentants parents (Sept 2024)<\/a><a href=\"https:\/\/site.ac-martinique.fr\/clg-cassiensainteclaire\/wp-content\/uploads\/sites\/82\/2024\/09\/Affiche-permanences-representants-parents-Sept-2024.pdf\" class=\"wp-block-file__button wp-element-button\" download aria-describedby=\"wp-block-file--media-fedad035-4705-4320-b614-0bfe34467cbb\">T\u00e9l\u00e9charger<\/a><\/div>\n\n\n\n<div data-wp-interactive=\"core\/file\" class=\"wp-block-file\"><object data-wp-bind--hidden=\"!state.hasPdfPreview\" hidden class=\"wp-block-file__embed\" data=\"https:\/\/site.ac-martinique.fr\/clg-cassiensainteclaire\/wp-content\/uploads\/sites\/82\/2024\/09\/Affiche-college-CCSC-UPEEM-2024.pdf\" type=\"application\/pdf\" style=\"width:100%;height:600px\" aria-label=\"Contenu embarqu\u00e9 Affiche coll\u00e8ge CCSC UPEEM 2024.\"><\/object><a id=\"wp-block-file--media-9c1cdfb4-8478-40ae-9602-f5f065562761\" href=\"https:\/\/site.ac-martinique.fr\/clg-cassiensainteclaire\/wp-content\/uploads\/sites\/82\/2024\/09\/Affiche-college-CCSC-UPEEM-2024.pdf\">Affiche coll\u00e8ge CCSC UPEEM 2024<\/a><a href=\"https:\/\/site.ac-martinique.fr\/clg-cassiensainteclaire\/wp-content\/uploads\/sites\/82\/2024\/09\/Affiche-college-CCSC-UPEEM-2024.pdf\" class=\"wp-block-file__button wp-element-button\" download aria-describedby=\"wp-block-file--media-9c1cdfb4-8478-40ae-9602-f5f065562761\">T\u00e9l\u00e9charger<\/a><\/div>\n\n\n\n<div data-wp-interactive=\"core\/file\" class=\"wp-block-file\"><object data-wp-bind--hidden=\"!state.hasPdfPreview\" hidden class=\"wp-block-file__embed\" data=\"https:\/\/site.ac-martinique.fr\/clg-cassiensainteclaire\/wp-content\/uploads\/sites\/82\/2024\/09\/adhesion-peep.pdf\" type=\"application\/pdf\" style=\"width:100%;height:600px\" aria-label=\"Contenu embarqu\u00e9 adhesion-peep.\"><\/object><a id=\"wp-block-file--media-0d5a1929-7b89-4349-97b2-f0db37cbfafa\" href=\"https:\/\/site.ac-martinique.fr\/clg-cassiensainteclaire\/wp-content\/uploads\/sites\/82\/2024\/09\/adhesion-peep.pdf\">adhesion-peep<\/a><a href=\"https:\/\/site.ac-martinique.fr\/clg-cassiensainteclaire\/wp-content\/uploads\/sites\/82\/2024\/09\/adhesion-peep.pdf\" class=\"wp-block-file__button wp-element-button\" download aria-describedby=\"wp-block-file--media-0d5a1929-7b89-4349-97b2-f0db37cbfafa\">T\u00e9l\u00e9charger<\/a><\/div>\n\n\n\n<div class=\"wp-block-buttons is-layout-flex wp-block-buttons-is-layout-flex\">\n<div class=\"wp-block-button\"><a class=\"wp-block-button__link wp-element-button\" href=\"https:\/\/972.fcpe.asso.fr\/qui-sommes-nous\">FCPE<\/a><\/div>\n<\/div>\n","protected":false},"excerpt":{"rendered":"","protected":false},"author":214,"featured_media":0,"parent":0,"menu_order":0,"comment_status":"closed","ping_status":"closed","template":"","meta":{"footnotes":""},"class_list":["post-11902","page","type-page","status-publish","hentry"],"_links":{"self":[{"href":"https:\/\/site.ac-martinique.fr\/clg-cassiensainteclaire\/wp-json\/wp\/v2\/pages\/11902","targetHints":{"allow":["GET"]}}],"collection":[{"href":"https:\/\/site.ac-martinique.fr\/clg-cassiensainteclaire\/wp-json\/wp\/v2\/pages"}],"about":[{"href":"https:\/\/site.ac-martinique.fr\/clg-cassiensainteclaire\/wp-json\/wp\/v2\/types\/page"}],"author":[{"embeddable":true,"href":"https:\/\/site.ac-martinique.fr\/clg-cassiensainteclaire\/wp-json\/wp\/v2\/users\/214"}],"replies":[{"embeddable":true,"href":"https:\/\/site.ac-martinique.fr\/clg-cassiensainteclaire\/wp-json\/wp\/v2\/comments?post=11902"}],"version-history":[{"count":7,"href":"https:\/\/site.ac-martinique.fr\/clg-cassiensainteclaire\/wp-json\/wp\/v2\/pages\/11902\/revisions"}],"predecessor-version":[{"id":11919,"href":"https:\/\/site.ac-martinique.fr\/clg-cassiensainteclaire\/wp-json\/wp\/v2\/pages\/11902\/revisions\/11919"}],"wp:attachment":[{"href":"https:\/\/site.ac-martinique.fr\/clg-cassiensainteclaire\/wp-json\/wp\/v2\/media?parent=11902"}],"curies":[{"name":"wp","href":"https:\/\/api.w.org\/{rel}","templated":true}]}}