{"id":294,"date":"2016-10-03T08:50:25","date_gmt":"2016-10-03T12:50:25","guid":{"rendered":"https:\/\/site.ac-martinique.fr\/clg-cassiensainteclaire\/?page_id=294"},"modified":"2021-03-04T14:50:35","modified_gmt":"2021-03-04T18:50:35","slug":"les-missions-du-cdi","status":"publish","type":"page","link":"https:\/\/site.ac-martinique.fr\/clg-cassiensainteclaire\/cdi\/les-missions-du-cdi\/","title":{"rendered":"Les missions du CDI"},"content":{"rendered":"<p>Le Centre de Documentation et d&rsquo;Information est un lieu ouvert pour les \u00e9l\u00e8ves, les enseignants de discipline, le personnel non enseignant .<\/p>\n<p>Il fournit la documentation et l&rsquo;information dont vous avez besoin. C\u2019est un lieu de d\u00e9couverte, de travail et de lecture.<\/p>\n<p><strong><span style=\"color: #0000ff;\">ACCUEILLIR<\/span>\u00a0<\/strong><br \/>\nLe CDI accueille les \u00e9l\u00e8ves ayant le d\u00e9sir d\u2019effectuer des travaux de recherche (en groupe ou seul), d\u2019\u00e9largir leur culture g\u00e9n\u00e9rale ou de participer aux activit\u00e9s culturelles propos\u00e9es par le professeur \u2013 documentaliste.<\/p>\n<p><span style=\"color: #0000ff;\"><strong>ANIMER<\/strong><strong><br \/>\n<\/strong><\/span>Le professeur documentaliste organise des s\u00e9ances p\u00e9dagogiques autour de la lecture, de l\u2019actualit\u00e9, des \u00e9v\u00e8nements culturels dans les diff\u00e9rentes mati\u00e8res en collaboration avec les coll\u00e8gues de toutes les disciplines.<br \/>\nIl travaille \u00e9galement en partenariat avec l\u2019\u00e9quipe de direction, la vie scolaire et la conseill\u00e8re d\u2019orientation psychologue.<\/p>\n<p><span style=\"color: #0000ff;\"><strong>INFORMER<\/strong><strong><br \/>\n<\/strong><\/span>Le professeur documentaliste contribue \u00e0 la communication interne et ext\u00e9rieure de l\u2019\u00e9tablissement.<\/p>\n<p><span style=\"color: #0000ff;\"><strong>GERER LE FONDS DOCUMENTAIRE<\/strong><\/span><strong><br \/>\n<\/strong>Le professeur documentaliste g\u00e8re et d\u00e9veloppe le fonds documentaire mis au service des usagers.<\/p>\n<p><span style=\"color: #0000ff;\"><strong>AIDER A CONSTRUIRE LE PROJET PERSONNEL DE L\u2019ELEVE<\/strong><strong><br \/>\n<\/strong><\/span>Le professeur documentaliste aide les \u00e9l\u00e8ves \u00e0 \u00e9laborer leur projet personnel.<\/p>\n<p><span style=\"color: #0000ff;\"><strong>ENSEIGNER<\/strong><strong><br \/>\n<\/strong><\/span>Le professeur documentaliste enseigne les m\u00e9thodes de recherche documentaire et d\u2019exploitation de l\u2019information en vue de d\u00e9velopper l\u2019autonomie de recherche chez l\u2019\u00e9l\u00e8ve.<br \/>\nIl guide les \u00e9l\u00e8ves dans leurs demandes de documentation pour r\u00e9aliser leurs expos\u00e9s et travaux personnels. Il enseigne la mise en forme des travaux documentaires.<\/p>\n","protected":false},"excerpt":{"rendered":"<p>Le Centre de Documentation et d&rsquo;Information est un lieu ouvert pour les \u00e9l\u00e8ves, les enseignants de discipline, le personnel non &hellip; <\/p>\n<p class=\"link-more\"><a href=\"https:\/\/site.ac-martinique.fr\/clg-cassiensainteclaire\/cdi\/les-missions-du-cdi\/\" class=\"more-link\">Lire la suite&#8230;<span class=\"screen-reader-text\"> \u00ab\u00a0Les missions du CDI\u00a0\u00bb<\/span><\/a><\/p>\n","protected":false},"author":214,"featured_media":0,"parent":284,"menu_order":0,"comment_status":"closed","ping_status":"open","template":"","meta":{"footnotes":""},"class_list":["post-294","page","type-page","status-publish","hentry"],"_links":{"self":[{"href":"https:\/\/site.ac-martinique.fr\/clg-cassiensainteclaire\/wp-json\/wp\/v2\/pages\/294","targetHints":{"allow":["GET"]}}],"collection":[{"href":"https:\/\/site.ac-martinique.fr\/clg-cassiensainteclaire\/wp-json\/wp\/v2\/pages"}],"about":[{"href":"https:\/\/site.ac-martinique.fr\/clg-cassiensainteclaire\/wp-json\/wp\/v2\/types\/page"}],"author":[{"embeddable":true,"href":"https:\/\/site.ac-martinique.fr\/clg-cassiensainteclaire\/wp-json\/wp\/v2\/users\/214"}],"replies":[{"embeddable":true,"href":"https:\/\/site.ac-martinique.fr\/clg-cassiensainteclaire\/wp-json\/wp\/v2\/comments?post=294"}],"version-history":[{"count":4,"href":"https:\/\/site.ac-martinique.fr\/clg-cassiensainteclaire\/wp-json\/wp\/v2\/pages\/294\/revisions"}],"predecessor-version":[{"id":309,"href":"https:\/\/site.ac-martinique.fr\/clg-cassiensainteclaire\/wp-json\/wp\/v2\/pages\/294\/revisions\/309"}],"up":[{"embeddable":true,"href":"https:\/\/site.ac-martinique.fr\/clg-cassiensainteclaire\/wp-json\/wp\/v2\/pages\/284"}],"wp:attachment":[{"href":"https:\/\/site.ac-martinique.fr\/clg-cassiensainteclaire\/wp-json\/wp\/v2\/media?parent=294"}],"curies":[{"name":"wp","href":"https:\/\/api.w.org\/{rel}","templated":true}]}}