{"id":296,"date":"2016-10-03T08:58:04","date_gmt":"2016-10-03T12:58:04","guid":{"rendered":"https:\/\/site.ac-martinique.fr\/clg-cassiensainteclaire\/?page_id=296"},"modified":"2021-03-04T14:50:35","modified_gmt":"2021-03-04T18:50:35","slug":"les-regles-de-vie-au-cdi","status":"publish","type":"page","link":"https:\/\/site.ac-martinique.fr\/clg-cassiensainteclaire\/cdi\/les-regles-de-vie-au-cdi\/","title":{"rendered":"Les r\u00e8gles de vie au CDI"},"content":{"rendered":"<p>Le CDI ( <em><strong>Centre de Documentation et d\u2019Information)<\/strong><\/em> est un <strong><span style=\"color: #0000ff;\">lieu de lecture et de travail.<\/span><\/strong> Vous devez <strong><span style=\"color: #ff0000;\">parler \u00e0 voix basse et vous d\u00e9placer en silence<\/span><\/strong> pour ne pas g\u00eaner les autres .<\/p>\n<p>Le nombre de places est limit\u00e9.\u00a0Trois \u00e9l\u00e8ves ou quatre maximum prennent place autour d\u2019une table. Il faut veiller \u00e0 la bonne tenue de ce lieu de travail\u00a0: \u00e0 l\u2019entr\u00e9e,\u00a0ranger son cartable sur l\u2019\u00e9tag\u00e8re,\u00a0puis s\u2019installer.\u00a0Les livres sont \u00e0 la disposition des \u00e9l\u00e8ves, \u00e0 la fin de la lecture, pensez \u00e0 le (ou les) remettre dans le rayon et \u00e0 sa place.\u00a0Le CDI\u00a0met \u00e0 votre disposition une grande vari\u00e9t\u00e9 de documents\u00a0: livres (romans, contes, nouvelles, po\u00e9sies. Dictionnaires, encyclop\u00e9dies, manuels scolaires)\u00a0; magazines, journaux, (p\u00e9riodiques)\u00a0; bandes dessin\u00e9es, mangas etc\u2026<\/p>\n<p><strong><span style=\"color: #0000ff;\">Conditions d&rsquo;acc\u00e8s\u00a0:<\/span><\/strong><\/p>\n<p>&#8211;\u00a0<span style=\"color: #ff0000;\"><b><i>sur le temps de la permanence<\/i><\/b><\/span>: L&rsquo;\u00e9l\u00e8ve se place dans le rang de la permanence et indique au surveillant sa volont\u00e9 de se rendre au CDI. Les \u00e9l\u00e8ves seront conduits, en silence, par un surveillant (ou autre adulte responsable).<br \/>\n&#8211;\u00a0<span style=\"color: #ff0000;\"><b><i>sur le temps du d\u00e9jeuner<\/i><\/b><\/span>\u00a0: Attention\u00a0: les \u00e9l\u00e8ves s\u2019engagent \u00e0 rester jusqu\u2019\u00e0 13h30,\u00a0; ceci afin d\u2019\u00e9viter les circulations dans les couloirs.<\/p>\n","protected":false},"excerpt":{"rendered":"<p>Le CDI ( Centre de Documentation et d\u2019Information) est un lieu de lecture et de travail. Vous devez parler \u00e0 &hellip; <\/p>\n<p class=\"link-more\"><a href=\"https:\/\/site.ac-martinique.fr\/clg-cassiensainteclaire\/cdi\/les-regles-de-vie-au-cdi\/\" class=\"more-link\">Lire la suite&#8230;<span class=\"screen-reader-text\"> \u00ab\u00a0Les r\u00e8gles de vie au CDI\u00a0\u00bb<\/span><\/a><\/p>\n","protected":false},"author":214,"featured_media":0,"parent":284,"menu_order":0,"comment_status":"closed","ping_status":"open","template":"","meta":{"footnotes":""},"class_list":["post-296","page","type-page","status-publish","hentry"],"_links":{"self":[{"href":"https:\/\/site.ac-martinique.fr\/clg-cassiensainteclaire\/wp-json\/wp\/v2\/pages\/296","targetHints":{"allow":["GET"]}}],"collection":[{"href":"https:\/\/site.ac-martinique.fr\/clg-cassiensainteclaire\/wp-json\/wp\/v2\/pages"}],"about":[{"href":"https:\/\/site.ac-martinique.fr\/clg-cassiensainteclaire\/wp-json\/wp\/v2\/types\/page"}],"author":[{"embeddable":true,"href":"https:\/\/site.ac-martinique.fr\/clg-cassiensainteclaire\/wp-json\/wp\/v2\/users\/214"}],"replies":[{"embeddable":true,"href":"https:\/\/site.ac-martinique.fr\/clg-cassiensainteclaire\/wp-json\/wp\/v2\/comments?post=296"}],"version-history":[{"count":4,"href":"https:\/\/site.ac-martinique.fr\/clg-cassiensainteclaire\/wp-json\/wp\/v2\/pages\/296\/revisions"}],"predecessor-version":[{"id":310,"href":"https:\/\/site.ac-martinique.fr\/clg-cassiensainteclaire\/wp-json\/wp\/v2\/pages\/296\/revisions\/310"}],"up":[{"embeddable":true,"href":"https:\/\/site.ac-martinique.fr\/clg-cassiensainteclaire\/wp-json\/wp\/v2\/pages\/284"}],"wp:attachment":[{"href":"https:\/\/site.ac-martinique.fr\/clg-cassiensainteclaire\/wp-json\/wp\/v2\/media?parent=296"}],"curies":[{"name":"wp","href":"https:\/\/api.w.org\/{rel}","templated":true}]}}