{"id":537,"date":"2017-10-03T00:25:44","date_gmt":"2017-10-03T04:25:44","guid":{"rendered":"https:\/\/site.ac-martinique.fr\/clg-cassiensainteclaire\/?page_id=537"},"modified":"2021-03-04T14:50:35","modified_gmt":"2021-03-04T18:50:35","slug":"spectacles","status":"publish","type":"page","link":"https:\/\/site.ac-martinique.fr\/clg-cassiensainteclaire\/spectacles\/","title":{"rendered":"SPECTACLES"},"content":{"rendered":"<h4 style=\"text-align: center\">TH\u00c9\u00c2TRE<\/h4>\n<p>&#8211;<span style=\"font-size: 14pt\"><strong>OVANDO<\/strong><\/span> <em>Cie Pouty i pa t\u00e9at (Martinique)<\/em> <span style=\"color: #993366\">ATRIUM<\/span> <span style=\"font-size: 10pt;color: #3366ff\">jeudi 19 octobre 2017<\/span> 5\u00e8mes<\/p>\n<div class=\"page\" title=\"Page 10\">\n<div class=\"section\">\n<div class=\"layoutArea\">\n<div class=\"column\">\n<p><span style=\"font-size: 10pt\">Pi\u00e8ce de Th\u00e9\u00e2tre de Georges Mauvois par la compagnie POUTY I PA T\u00c9AT<\/span><br \/>\n<span style=\"font-size: 10pt\"> en Coproduction avec TROPIQUES ATRIUM \u00c9criture : Georges Mauvois<\/span><br \/>\n<span style=\"font-size: 10pt\"> Mise en sc\u00e8ne : Yvan Labejof<\/span><\/p>\n<p><!--more--><\/p>\n<\/div>\n<\/div>\n<\/div>\n<\/div>\n<p>&#8211;<span style=\"font-size: 14pt\"><strong>LE MONSTRE<\/strong><\/span> <em>Cie L&rsquo;Autre<\/em> <em>Bord\u00a0(Martinique)<\/em> <span style=\"color: #993366\">ATRIUM<\/span> <span style=\"font-size: 10pt;color: #3366ff\">jeudi 07 d\u00e9cembre 2017<\/span>\u00a06\u00e8mes<\/p>\n<p><span style=\"font-size: 10pt\">Pi\u00e8ce de th\u00e9\u00e2tre de Agota Kristof, Mise en sc\u00e8ne de Guillaume Malasn\u00e9<\/span> <!--more--><\/p>\n","protected":false},"excerpt":{"rendered":"<p>TH\u00c9\u00c2TRE &#8211;OVANDO Cie Pouty i pa t\u00e9at (Martinique) ATRIUM jeudi 19 octobre 2017 5\u00e8mes Pi\u00e8ce de Th\u00e9\u00e2tre de Georges Mauvois &hellip; <\/p>\n<p class=\"link-more\"><a href=\"https:\/\/site.ac-martinique.fr\/clg-cassiensainteclaire\/spectacles\/\" class=\"more-link\">Lire la suite&#8230;<span class=\"screen-reader-text\"> \u00ab\u00a0SPECTACLES\u00a0\u00bb<\/span><\/a><\/p>\n","protected":false},"author":214,"featured_media":0,"parent":0,"menu_order":0,"comment_status":"closed","ping_status":"closed","template":"","meta":{"footnotes":""},"class_list":["post-537","page","type-page","status-publish","hentry"],"_links":{"self":[{"href":"https:\/\/site.ac-martinique.fr\/clg-cassiensainteclaire\/wp-json\/wp\/v2\/pages\/537","targetHints":{"allow":["GET"]}}],"collection":[{"href":"https:\/\/site.ac-martinique.fr\/clg-cassiensainteclaire\/wp-json\/wp\/v2\/pages"}],"about":[{"href":"https:\/\/site.ac-martinique.fr\/clg-cassiensainteclaire\/wp-json\/wp\/v2\/types\/page"}],"author":[{"embeddable":true,"href":"https:\/\/site.ac-martinique.fr\/clg-cassiensainteclaire\/wp-json\/wp\/v2\/users\/214"}],"replies":[{"embeddable":true,"href":"https:\/\/site.ac-martinique.fr\/clg-cassiensainteclaire\/wp-json\/wp\/v2\/comments?post=537"}],"version-history":[{"count":1,"href":"https:\/\/site.ac-martinique.fr\/clg-cassiensainteclaire\/wp-json\/wp\/v2\/pages\/537\/revisions"}],"predecessor-version":[{"id":538,"href":"https:\/\/site.ac-martinique.fr\/clg-cassiensainteclaire\/wp-json\/wp\/v2\/pages\/537\/revisions\/538"}],"wp:attachment":[{"href":"https:\/\/site.ac-martinique.fr\/clg-cassiensainteclaire\/wp-json\/wp\/v2\/media?parent=537"}],"curies":[{"name":"wp","href":"https:\/\/api.w.org\/{rel}","templated":true}]}}