{"id":10,"date":"2011-06-17T19:18:48","date_gmt":"2011-06-17T19:18:48","guid":{"rendered":"http:\/\/www.clg-constantleray.ac-martinique.fr\/?page_id=10"},"modified":"2013-05-27T12:50:31","modified_gmt":"2013-05-27T12:50:31","slug":"accueil","status":"publish","type":"page","link":"\/clg-constantleray\/?page_id=10","title":{"rendered":"Accueil"},"content":{"rendered":"<p>&nbsp;<\/p>\n<p style=\"text-align: center\"><span style=\"text-decoration: underline;color: #808080\"><strong>Bienvenue sur le site du Coll\u00e8ge Constant le Ray<\/strong><\/span><\/p>\n<p style=\"text-align: left\">Vous trouverez ici toutes les informations concernant la vie du coll\u00e8ge, son fonctionnement, les dates importantes&#8230;<br \/>\nN&rsquo;h\u00e9sitez pas \u00e0 le consulter r\u00e9guli\u00e8rement!<\/p>\n<p style=\"text-align: center\"><img loading=\"lazy\" decoding=\"async\" class=\"aligncenter\" src=\"\/clg-constantleray\/wp-content\/uploads\/sites\/51\/2011\/06\/IMG_3283-1024x684.jpg\" alt=\"\" width=\"295\" height=\"197\" \/><\/p>\n<p style=\"text-align: center\"><span style=\"text-decoration: underline\"><strong>Contacts<\/strong><\/span><br \/>\n<strong>Adresse:<\/strong> Vert-Pr\u00e9 97231 Le Robert<br \/>\n<strong>T\u00e9l\u00e9phone:<\/strong> 0596.65.93.96<br \/>\n<strong>Fax:<\/strong> 0596.65.87.36<br \/>\n<strong>Email:<\/strong> ce.9720043p@ac-martinique.fr<\/p>\n","protected":false},"excerpt":{"rendered":"<p>&nbsp; Bienvenue sur le site du Coll\u00e8ge Constant le Ray Vous trouverez ici toutes les informations concernant la vie du coll\u00e8ge, son fonctionnement, les dates importantes&#8230; N&rsquo;h\u00e9sitez pas \u00e0 le consulter r\u00e9guli\u00e8rement! Contacts Adresse: Vert-Pr\u00e9 97231 Le Robert T\u00e9l\u00e9phone: 0596.65.93.96 &hellip; <a href=\"\/clg-constantleray\/?page_id=10\">Continuer la lecture <span class=\"meta-nav\">&rarr;<\/span><\/a><\/p>\n","protected":false},"author":80,"featured_media":0,"parent":0,"menu_order":0,"comment_status":"closed","ping_status":"closed","template":"","meta":{"footnotes":""},"class_list":["post-10","page","type-page","status-publish","hentry"],"_links":{"self":[{"href":"\/clg-constantleray\/index.php?rest_route=\/wp\/v2\/pages\/10","targetHints":{"allow":["GET"]}}],"collection":[{"href":"\/clg-constantleray\/index.php?rest_route=\/wp\/v2\/pages"}],"about":[{"href":"\/clg-constantleray\/index.php?rest_route=\/wp\/v2\/types\/page"}],"author":[{"embeddable":true,"href":"\/clg-constantleray\/index.php?rest_route=\/wp\/v2\/users\/80"}],"replies":[{"embeddable":true,"href":"\/clg-constantleray\/index.php?rest_route=%2Fwp%2Fv2%2Fcomments&post=10"}],"version-history":[{"count":34,"href":"\/clg-constantleray\/index.php?rest_route=\/wp\/v2\/pages\/10\/revisions"}],"predecessor-version":[{"id":2029,"href":"\/clg-constantleray\/index.php?rest_route=\/wp\/v2\/pages\/10\/revisions\/2029"}],"wp:attachment":[{"href":"\/clg-constantleray\/index.php?rest_route=%2Fwp%2Fv2%2Fmedia&parent=10"}],"curies":[{"name":"wp","href":"https:\/\/api.w.org\/{rel}","templated":true}]}}