{"id":159,"date":"2011-06-23T13:29:49","date_gmt":"2011-06-23T13:29:49","guid":{"rendered":"http:\/\/www.clg-constantleray.ac-martinique.fr\/?page_id=159"},"modified":"2012-11-24T13:51:13","modified_gmt":"2012-11-24T13:51:13","slug":"qui-est-constant-le-ray","status":"publish","type":"page","link":"\/clg-constantleray\/?page_id=159","title":{"rendered":"Constant le Ray"},"content":{"rendered":"<p><a href=\"\/clg-constantleray\/wp-content\/uploads\/sites\/51\/2011\/06\/PortraitConstantLeRay1.jpg\"><img loading=\"lazy\" decoding=\"async\" class=\"alignright size-large wp-image-160\" src=\"\/clg-constantleray\/wp-content\/uploads\/sites\/51\/2011\/06\/PortraitConstantLeRay1-748x1024.jpg\" alt=\"\" width=\"384\" height=\"526\" srcset=\"https:\/\/site.ac-martinique.fr\/clg-constantleray\/wp-content\/uploads\/sites\/51\/2011\/06\/PortraitConstantLeRay1-748x1024.jpg 748w, https:\/\/site.ac-martinique.fr\/clg-constantleray\/wp-content\/uploads\/sites\/51\/2011\/06\/PortraitConstantLeRay1-219x300.jpg 219w, https:\/\/site.ac-martinique.fr\/clg-constantleray\/wp-content\/uploads\/sites\/51\/2011\/06\/PortraitConstantLeRay1.jpg 1668w\" sizes=\"auto, (max-width: 384px) 100vw, 384px\" \/><\/a><\/p>\n<p>Constant le Ray est n\u00e9 le le 13 f\u00e9vrier 1878 \u00e0 Muzillac, en Bretagne.<\/p>\n<p>En1911 il est nomm\u00e9 instituteur \u00e0 la Martinique. Il occupe plusieurs postes en divers lieux de l&rsquo;\u00eele avant de s&rsquo;\u00e9tablir en 1920 au Vert-Pr\u00e9. Il y passera le restant de sa vie, transformant profond\u00e9ment ce hameau de la commune du Robert.<\/p>\n<p>A son arriv\u00e9e, le Vert-Pr\u00e9 \u00e9tait un bourg repli\u00e9 sur les hauteurs et particuli\u00e8rement mal fam\u00e9. Les crimes y \u00e9taient fr\u00e9quents, et le taux de scolarisation tr\u00e8s bas. L&rsquo;\u00e9cole comprenaient 105 \u00e9l\u00e8ves r\u00e9partis en deux classes. Les enfants \u00e9taient appel\u00e9s \u00e0 travailler aupr\u00e8s de leurs parents d\u00e8s l&rsquo;\u00e2ge de 10 ans.<\/p>\n<p>A force de persuasion, Constant le Ray convainquit les parents de l&rsquo;importance d&rsquo;instruire leurs enfants. Chaque ann\u00e9e, il r\u00e9ussit \u00e0 faire obtenir le fameux Certificat d&rsquo;\u00e9tudes \u00e0 plusieurs enfants du hameau. Ceci ne fit qu&rsquo;encourager les parents \u00e0 scolariser leurs enfants. Quinze ans plus tard, \u00e0 sa mise en retraite, l&rsquo;\u00e9cole comptait 425 \u00e9l\u00e8ves et 7 classes.<\/p>\n<p>En parall\u00e8le de ses activit\u00e9s d&rsquo;instituteur, Constant le Ray s&rsquo;est beaucoup investi au niveau politique, citoyen et religieux pour le Vert-Pr\u00e9.<\/p>\n<p>Il travailla sans rel\u00e2che au d\u00e9veloppement de ce bourg, organisant qu\u00eates, manifestations publiques et int\u00e9ressant \u00e0 son \u0153uvre maires, conseillers g\u00e9n\u00e9raux, notabilit\u00e9s de passage<a href=\"post.php?post=159&amp;action=edit#sdfootnote1sym\"><sup>1<\/sup><\/a> (dont Franklin Roosevelt en 1946 qui d\u00e9clara: \u00ab\u00a0le paradis terrestre est au Vert-Pr\u00e9\u00a0\u00bb), gouverneurs de l&rsquo;\u00eele etc&#8230;. Il obtient l&rsquo;\u00e9lectrification et l&rsquo;asphaltage des rues, la distribution d&rsquo;eau potable, la construction d&rsquo;un cimeti\u00e8re, l&rsquo;\u00e9tablissement d&rsquo;un dispensaire, la cr\u00e9ation d&rsquo;un bureau d&rsquo;\u00e9tat civil, d&rsquo;une cantine scolaire&#8230; Suite \u00e0 cela, une boulangerie, une boucherie, un magasin de tissu et quelque \u00e9piceries ouvrirent leurs portes dans le bourg. Un bus fit d\u00e9sormais le service des passagers entre le Vert-Pr\u00e9 et Fort de France.<\/p>\n<p>Enfin, avec l&rsquo;aide de ses \u00e9l\u00e8ves et des paroissiens, il \u00e9rigea l&rsquo;\u00e9glise du Vert-Pr\u00e9.<\/p>\n<p>Constant Le Ray souhaitait que le Vert-Pr\u00e9 deviennent une commune \u00e0 part enti\u00e8re. Il ne put aboutir \u00e0 ses fins sur ce projet qui demeura son grand regret.<\/p>\n<p>Constant LE RAY, qui se d\u00e9finissait comme un \u00ab\u00a0breton cr\u00e9olis\u00e9\u00a0\u00bb est mort accidentellement en 1957 dans son jardin.<\/p>\n<p>En 1978, le coll\u00e8ge du Vert-Pr\u00e9 a pris le nom de Constant LE RAY en son honneur.<\/p>\n<p><a href=\"post.php?post=159&amp;action=edit#sdfootnote1anc\">1<\/a>Franklin Roosevelt 1946; Jacques Chirac, 1975; Valery Giscard d&rsquo;Estaing, 1980; Lionel Jospin, 1990<\/p>\n<p>&#8212;&#8212;&#8212;&#8212;&#8212;&#8212;&#8212;&#8212;&#8212;&#8212;&#8212;&#8212;&#8212;&#8212;&#8212;-<\/p>\n<p>Texte r\u00e9alis\u00e9 en f\u00e9vrier 2011 suite \u00e0 un entretien avec Mme SAINTE CROIX par des \u00e9l\u00e8ves de 5\u00e8me:\u00a0 RAVIER Michelle-Ange, LABONNE Lucas, CELAMEN S\u00e9verine, SURIAM Arthur avec Mme JUSTON (documentaliste).<\/p>\n<p>&nbsp;<\/p>\n","protected":false},"excerpt":{"rendered":"<p>Constant le Ray est n\u00e9 le le 13 f\u00e9vrier 1878 \u00e0 Muzillac, en Bretagne. En1911 il est nomm\u00e9 instituteur \u00e0 la Martinique. Il occupe plusieurs postes en divers lieux de l&rsquo;\u00eele avant de s&rsquo;\u00e9tablir en 1920 au Vert-Pr\u00e9. Il y &hellip; <a href=\"\/clg-constantleray\/?page_id=159\">Continuer la lecture <span class=\"meta-nav\">&rarr;<\/span><\/a><\/p>\n","protected":false},"author":80,"featured_media":0,"parent":0,"menu_order":0,"comment_status":"closed","ping_status":"open","template":"","meta":{"footnotes":""},"class_list":["post-159","page","type-page","status-publish","hentry"],"_links":{"self":[{"href":"\/clg-constantleray\/index.php?rest_route=\/wp\/v2\/pages\/159","targetHints":{"allow":["GET"]}}],"collection":[{"href":"\/clg-constantleray\/index.php?rest_route=\/wp\/v2\/pages"}],"about":[{"href":"\/clg-constantleray\/index.php?rest_route=\/wp\/v2\/types\/page"}],"author":[{"embeddable":true,"href":"\/clg-constantleray\/index.php?rest_route=\/wp\/v2\/users\/80"}],"replies":[{"embeddable":true,"href":"\/clg-constantleray\/index.php?rest_route=%2Fwp%2Fv2%2Fcomments&post=159"}],"version-history":[{"count":4,"href":"\/clg-constantleray\/index.php?rest_route=\/wp\/v2\/pages\/159\/revisions"}],"predecessor-version":[{"id":1751,"href":"\/clg-constantleray\/index.php?rest_route=\/wp\/v2\/pages\/159\/revisions\/1751"}],"wp:attachment":[{"href":"\/clg-constantleray\/index.php?rest_route=%2Fwp%2Fv2%2Fmedia&parent=159"}],"curies":[{"name":"wp","href":"https:\/\/api.w.org\/{rel}","templated":true}]}}