{"id":3099,"date":"2017-10-11T21:52:29","date_gmt":"2017-10-11T21:52:29","guid":{"rendered":"\/clg-constantleray\/?page_id=3099"},"modified":"2017-10-11T22:30:57","modified_gmt":"2017-10-11T22:30:57","slug":"horaires-infirmerie","status":"publish","type":"page","link":"\/clg-constantleray\/?page_id=3099","title":{"rendered":"Horaires Infirmerie"},"content":{"rendered":"<p><a href=\"\/clg-constantleray\/wp-content\/uploads\/sites\/51\/2017\/10\/infirmerie.jpg\"><img loading=\"lazy\" decoding=\"async\" class=\"alignleft size-full wp-image-3106\" src=\"\/clg-constantleray\/wp-content\/uploads\/sites\/51\/2017\/10\/infirmerie.jpg\" alt=\"\" width=\"230\" height=\"219\" \/><\/a><\/p>\n<p>&nbsp;<\/p>\n<p>L&rsquo;infirmi\u00e8re veille sur la sant\u00e9 des \u00e9l\u00e8ves.<\/p>\n<p>Ses jours de pr\u00e9sence dans le coll\u00e8ge sont les suivants :<\/p>\n<table>\n<tbody>\n<tr style=\"height: 24px\">\n<td style=\"height: 24px\">Lundi<\/td>\n<td style=\"height: 24px\">Mercredi<\/td>\n<td style=\"height: 24px\">Vendredi<\/td>\n<\/tr>\n<tr style=\"height: 24px\">\n<td style=\"height: 24px\">7h30 &#8211; 15h30<\/td>\n<td style=\"height: 24px\">7h30 &#8211; 12h30<\/td>\n<td style=\"height: 24px\">7h30 &#8211; 12h00<\/td>\n<\/tr>\n<\/tbody>\n<\/table>\n","protected":false},"excerpt":{"rendered":"<p>&nbsp; L&rsquo;infirmi\u00e8re veille sur la sant\u00e9 des \u00e9l\u00e8ves. Ses jours de pr\u00e9sence dans le coll\u00e8ge sont les suivants : Lundi Mercredi Vendredi 7h30 &#8211; 15h30 7h30 &#8211; 12h30 7h30 &#8211; 12h00<\/p>\n","protected":false},"author":120,"featured_media":0,"parent":0,"menu_order":0,"comment_status":"closed","ping_status":"closed","template":"","meta":{"footnotes":""},"class_list":["post-3099","page","type-page","status-publish","hentry"],"_links":{"self":[{"href":"\/clg-constantleray\/index.php?rest_route=\/wp\/v2\/pages\/3099","targetHints":{"allow":["GET"]}}],"collection":[{"href":"\/clg-constantleray\/index.php?rest_route=\/wp\/v2\/pages"}],"about":[{"href":"\/clg-constantleray\/index.php?rest_route=\/wp\/v2\/types\/page"}],"author":[{"embeddable":true,"href":"\/clg-constantleray\/index.php?rest_route=\/wp\/v2\/users\/120"}],"replies":[{"embeddable":true,"href":"\/clg-constantleray\/index.php?rest_route=%2Fwp%2Fv2%2Fcomments&post=3099"}],"version-history":[{"count":3,"href":"\/clg-constantleray\/index.php?rest_route=\/wp\/v2\/pages\/3099\/revisions"}],"predecessor-version":[{"id":3115,"href":"\/clg-constantleray\/index.php?rest_route=\/wp\/v2\/pages\/3099\/revisions\/3115"}],"wp:attachment":[{"href":"\/clg-constantleray\/index.php?rest_route=%2Fwp%2Fv2%2Fmedia&parent=3099"}],"curies":[{"name":"wp","href":"https:\/\/api.w.org\/{rel}","templated":true}]}}