{"id":3116,"date":"2017-10-11T22:35:40","date_gmt":"2017-10-11T22:35:40","guid":{"rendered":"\/clg-constantleray\/?page_id=3116"},"modified":"2017-10-11T22:35:40","modified_gmt":"2017-10-11T22:35:40","slug":"horaires-de-lassistante-sociale","status":"publish","type":"page","link":"\/clg-constantleray\/?page_id=3116","title":{"rendered":"Horaires de l&rsquo;Assistante Sociale"},"content":{"rendered":"<p><a href=\"\/clg-constantleray\/wp-content\/uploads\/sites\/51\/2017\/10\/assist-sociale.jpg\"><img loading=\"lazy\" decoding=\"async\" class=\"alignleft size-full wp-image-3108\" src=\"\/clg-constantleray\/wp-content\/uploads\/sites\/51\/2017\/10\/assist-sociale.jpg\" alt=\"\" width=\"237\" height=\"213\" \/><\/a>L&rsquo;assistante sociale rencontre les \u00e9l\u00e8ves en cas de difficult\u00e9 dans les familles.<\/p>\n<p>Elle est pr\u00e9sente au coll\u00e8ge le<\/p>\n<p>MERCREDI de 8:00 \u00e0 12h30<\/p>\n<p>Bat A &#8211; Salle A10<\/p>\n","protected":false},"excerpt":{"rendered":"<p>L&rsquo;assistante sociale rencontre les \u00e9l\u00e8ves en cas de difficult\u00e9 dans les familles. Elle est pr\u00e9sente au coll\u00e8ge le MERCREDI de 8:00 \u00e0 12h30 Bat A &#8211; Salle A10<\/p>\n","protected":false},"author":120,"featured_media":0,"parent":0,"menu_order":0,"comment_status":"closed","ping_status":"closed","template":"","meta":{"footnotes":""},"class_list":["post-3116","page","type-page","status-publish","hentry"],"_links":{"self":[{"href":"\/clg-constantleray\/index.php?rest_route=\/wp\/v2\/pages\/3116","targetHints":{"allow":["GET"]}}],"collection":[{"href":"\/clg-constantleray\/index.php?rest_route=\/wp\/v2\/pages"}],"about":[{"href":"\/clg-constantleray\/index.php?rest_route=\/wp\/v2\/types\/page"}],"author":[{"embeddable":true,"href":"\/clg-constantleray\/index.php?rest_route=\/wp\/v2\/users\/120"}],"replies":[{"embeddable":true,"href":"\/clg-constantleray\/index.php?rest_route=%2Fwp%2Fv2%2Fcomments&post=3116"}],"version-history":[{"count":1,"href":"\/clg-constantleray\/index.php?rest_route=\/wp\/v2\/pages\/3116\/revisions"}],"predecessor-version":[{"id":3117,"href":"\/clg-constantleray\/index.php?rest_route=\/wp\/v2\/pages\/3116\/revisions\/3117"}],"wp:attachment":[{"href":"\/clg-constantleray\/index.php?rest_route=%2Fwp%2Fv2%2Fmedia&parent=3116"}],"curies":[{"name":"wp","href":"https:\/\/api.w.org\/{rel}","templated":true}]}}