{"id":2143,"date":"2024-04-09T14:39:21","date_gmt":"2024-04-09T18:39:21","guid":{"rendered":"https:\/\/site.ac-martinique.fr\/clg-diamant\/?page_id=2143"},"modified":"2025-11-04T11:00:03","modified_gmt":"2025-11-04T15:00:03","slug":"c-d-i","status":"publish","type":"page","link":"https:\/\/site.ac-martinique.fr\/clg-diamant\/c-d-i\/","title":{"rendered":"Sp\u00e9cial Jeux Olympiques"},"content":{"rendered":"\n<h2 class=\"wp-block-heading has-large-font-size\">    Emission Rectrice<\/h2>\n\n\n\n<div class=\"wp-block-media-text is-stacked-on-mobile\"><figure class=\"wp-block-media-text__media\"><img loading=\"lazy\" decoding=\"async\" width=\"503\" height=\"232\" src=\"https:\/\/site.ac-martinique.fr\/clg-diamant\/wp-content\/uploads\/sites\/52\/2024\/04\/logo-teen-diams-2-1.png\" alt=\"\" class=\"wp-image-2149 size-full\" srcset=\"https:\/\/site.ac-martinique.fr\/clg-diamant\/wp-content\/uploads\/sites\/52\/2024\/04\/logo-teen-diams-2-1.png 503w, https:\/\/site.ac-martinique.fr\/clg-diamant\/wp-content\/uploads\/sites\/52\/2024\/04\/logo-teen-diams-2-1-300x138.png 300w\" sizes=\"auto, (max-width: 503px) 100vw, 503px\" \/><\/figure><div class=\"wp-block-media-text__content\">\n<p>Les \u00e9l\u00e8ves de 4A ont mis en place une web radio afin de partager avec vous, l\u2019actualit\u00e9 du moment. Rejoignez -les sur Teen Diams la radio qui surfe sur l\u2019actualit\u00e9. Pour la 1<sup>\u00e8re<\/sup> \u00e9mission, des infos de premi\u00e8re main sur l\u2019arriv\u00e9e de la flamme olympique dans la ville du Diamant et une interview exclusive de la Rectrice&nbsp;!<\/p>\n<\/div><\/div>\n\n\n\n<figure class=\"wp-block-audio\"><audio controls src=\"https:\/\/site.ac-martinique.fr\/clg-diamant\/wp-content\/uploads\/sites\/52\/2024\/04\/teen-diams-9.04.24-v2.mp3\"><\/audio><\/figure>\n\n\n\n<div class=\"wp-block-group has-global-padding is-layout-constrained wp-block-group-is-layout-constrained\">\n<div class=\"wp-block-group has-global-padding is-layout-constrained wp-block-group-is-layout-constrained\">\n<h2 class=\"wp-block-heading has-large-font-size\"><strong>Arriv\u00e9e de la flamme au Diamant<\/strong><\/h2>\n<\/div>\n\n\n\n<div class=\"wp-block-columns is-layout-flex wp-container-core-columns-is-layout-d0b3c9c8 wp-block-columns-is-layout-flex\">\n<div class=\"wp-block-column is-layout-flow wp-block-column-is-layout-flow\" style=\"--col-width:50%;flex-basis:50%\">\n<figure class=\"wp-block-image size-medium is-resized\"><a href=\"https:\/\/site.ac-martinique.fr\/clg-diamant\/wp-content\/uploads\/sites\/52\/2024\/06\/emission-1.jpg\"><img loading=\"lazy\" decoding=\"async\" width=\"300\" height=\"259\" src=\"https:\/\/site.ac-martinique.fr\/clg-diamant\/wp-content\/uploads\/sites\/52\/2024\/06\/emission-1-300x259.jpg\" alt=\"\" class=\"wp-image-2369\" style=\"width:346px;height:auto\" srcset=\"https:\/\/site.ac-martinique.fr\/clg-diamant\/wp-content\/uploads\/sites\/52\/2024\/06\/emission-1-300x259.jpg 300w, https:\/\/site.ac-martinique.fr\/clg-diamant\/wp-content\/uploads\/sites\/52\/2024\/06\/emission-1.jpg 560w\" sizes=\"auto, (max-width: 300px) 100vw, 300px\" \/><\/a><\/figure>\n<\/div>\n\n\n\n<div class=\"wp-block-column is-layout-flow wp-block-column-is-layout-flow\" style=\"--col-width:100%;flex-basis:100%\">\n<p>Les \u00e9l\u00e8ves de 4A du coll\u00e8ge Jane NARDAL ont couvert l\u2019arriv\u00e9e de la flamme olympique, au CAP 110, Diamant.<br><br>Emission 1\u00a0:<\/p>\n\n\n\n<p>Au programme de cette premi\u00e8re \u00e9mission&nbsp;: des reportages sur l\u2019histoire des JO, du parcours de la flamme, les interviews de la rectrice, de la principale et pour finir, un micro trottoir.<\/p>\n\n\n\n<figure class=\"wp-block-audio\"><audio controls src=\"https:\/\/site.ac-martinique.fr\/clg-diamant\/wp-content\/uploads\/sites\/52\/2024\/06\/emission-1.1.mp3\"><\/audio><\/figure>\n<\/div>\n<\/div>\n<\/div>\n\n\n\n<div class=\"wp-block-columns is-layout-flex wp-container-core-columns-is-layout-d0b3c9c8 wp-block-columns-is-layout-flex\">\n<div class=\"wp-block-column is-layout-flow wp-block-column-is-layout-flow\" style=\"--col-width:50%;flex-basis:50%\">\n<figure class=\"wp-block-image size-large is-resized\"><a href=\"https:\/\/site.ac-martinique.fr\/clg-diamant\/wp-content\/uploads\/sites\/52\/2024\/06\/emission-2-scaled.jpg\"><img loading=\"lazy\" decoding=\"async\" width=\"1024\" height=\"718\" src=\"https:\/\/site.ac-martinique.fr\/clg-diamant\/wp-content\/uploads\/sites\/52\/2024\/06\/emission-2-1024x718.jpg\" alt=\"\" class=\"wp-image-2365\" style=\"width:349px;height:auto\" srcset=\"https:\/\/site.ac-martinique.fr\/clg-diamant\/wp-content\/uploads\/sites\/52\/2024\/06\/emission-2-1024x718.jpg 1024w, https:\/\/site.ac-martinique.fr\/clg-diamant\/wp-content\/uploads\/sites\/52\/2024\/06\/emission-2-300x210.jpg 300w, https:\/\/site.ac-martinique.fr\/clg-diamant\/wp-content\/uploads\/sites\/52\/2024\/06\/emission-2-2000x1403.jpg 2000w\" sizes=\"auto, (max-width: 1024px) 100vw, 1024px\" \/><\/a><\/figure>\n<\/div>\n\n\n\n<div class=\"wp-block-column is-layout-flow wp-block-column-is-layout-flow\" style=\"--col-width:100%;flex-basis:100%\">\n<p>Les \u00e9l\u00e8ves de 4A du coll\u00e8ge Jane NARDAL ont couvert l\u2019arriv\u00e9e de la flamme olympique, au CAP 110, Diamant.<br><br>\u00c9mission 2\u00a0:<\/p>\n\n\n\n<p>Pour cette nouvelle \u00e9mission, les \u00e9l\u00e8ves se sont int\u00e9ress\u00e9s aux sportifs antillais qui participent aux JO. Ils ont interview\u00e9 le double m\u00e9daill\u00e9 Kendrick JEAN-JOSEPH, ont pos\u00e9 des questions aux membres de Zoulou Kids et Zion Biboyz, ambassadeurs du Break dance. &nbsp;Marie Odile NAUD, responsable de l\u2019organisation de la manifestation sur le site a fait le point sur les festivit\u00e9s.<\/p>\n\n\n\n<figure class=\"wp-block-audio\"><audio controls src=\"https:\/\/site.ac-martinique.fr\/clg-diamant\/wp-content\/uploads\/sites\/52\/2024\/06\/emission-2.1.mp3\"><\/audio><\/figure>\n<\/div>\n<\/div>\n\n\n\n<div class=\"wp-block-group has-global-padding is-layout-constrained wp-block-group-is-layout-constrained\">\n<div class=\"wp-block-columns is-layout-flex wp-container-core-columns-is-layout-d0b3c9c8 wp-block-columns-is-layout-flex\">\n<div class=\"wp-block-column is-layout-flow wp-block-column-is-layout-flow\" style=\"--col-width:50%;flex-basis:50%\">\n<figure class=\"wp-block-image size-full\"><a href=\"https:\/\/site.ac-martinique.fr\/clg-diamant\/wp-content\/uploads\/sites\/52\/2024\/06\/emission-3.jpg\"><img loading=\"lazy\" decoding=\"async\" width=\"864\" height=\"694\" src=\"https:\/\/site.ac-martinique.fr\/clg-diamant\/wp-content\/uploads\/sites\/52\/2024\/06\/emission-3.jpg\" alt=\"\" class=\"wp-image-2367\" srcset=\"https:\/\/site.ac-martinique.fr\/clg-diamant\/wp-content\/uploads\/sites\/52\/2024\/06\/emission-3.jpg 864w, https:\/\/site.ac-martinique.fr\/clg-diamant\/wp-content\/uploads\/sites\/52\/2024\/06\/emission-3-300x241.jpg 300w\" sizes=\"auto, (max-width: 864px) 100vw, 864px\" \/><\/a><\/figure>\n<\/div>\n\n\n\n<div class=\"wp-block-column is-layout-flow wp-block-column-is-layout-flow\" style=\"--col-width:100%;flex-basis:100%\">\n<p>Les \u00e9l\u00e8ves de 4A du coll\u00e8ge Jane NARDAL ont couvert l\u2019arriv\u00e9e de la flamme olympique, au CAP 110, Diamant.<br><br>\u00c9mission 3\u00a0:<\/p>\n\n\n\n<p>Cette derni\u00e8re \u00e9mission du volet \u00ab&nbsp;Arriv\u00e9e de la flamme&nbsp;\u00bb a \u00e9t\u00e9 l\u2019occasion de s\u2019entretenir avec les officiels&nbsp;: le sous-pr\u00e9fet, Bastien M\u00c9ROT, le maire de la ville, Hugues TOUSSAY, le porteur de la flamme, Carlo RABATHALY. Et pour ajouter une touche artistique et culturelle, le danseur de b\u00e8l\u00e8 et tambouyer, &nbsp;Christian Vallejo.<\/p>\n\n\n\n<figure class=\"wp-block-audio\"><audio controls src=\"https:\/\/site.ac-martinique.fr\/clg-diamant\/wp-content\/uploads\/sites\/52\/2024\/06\/emission-3.1.mp3\"><\/audio><\/figure>\n<\/div>\n<\/div>\n<\/div>\n\n\n\n<h2 class=\"wp-block-heading\"><\/h2>\n","protected":false},"excerpt":{"rendered":"<p>Emission Rectrice Les \u00e9l\u00e8ves de 4A ont mis en place une web radio afin de partager avec vous, l\u2019actualit\u00e9 du moment. Rejoignez -les sur Teen Diams la radio qui surfe sur l\u2019actualit\u00e9. Pour la 1\u00e8re \u00e9mission, des infos de premi\u00e8re main sur l\u2019arriv\u00e9e de la flamme olympique dans la ville du Diamant et une interview &hellip; <\/p>\n<p class=\"link-more\"><a href=\"https:\/\/site.ac-martinique.fr\/clg-diamant\/c-d-i\/\" class=\"more-link\">Lire la suite de<span class=\"screen-reader-text\">\u00ab\u00a0Sp\u00e9cial Jeux Olympiques\u00a0\u00bb<\/span><\/a><\/p>\n","protected":false},"author":125,"featured_media":0,"parent":0,"menu_order":0,"comment_status":"closed","ping_status":"closed","template":"","meta":{"inspiro_hide_title":false,"footnotes":""},"class_list":["post-2143","page","type-page","status-publish","hentry"],"_links":{"self":[{"href":"https:\/\/site.ac-martinique.fr\/clg-diamant\/wp-json\/wp\/v2\/pages\/2143","targetHints":{"allow":["GET"]}}],"collection":[{"href":"https:\/\/site.ac-martinique.fr\/clg-diamant\/wp-json\/wp\/v2\/pages"}],"about":[{"href":"https:\/\/site.ac-martinique.fr\/clg-diamant\/wp-json\/wp\/v2\/types\/page"}],"author":[{"embeddable":true,"href":"https:\/\/site.ac-martinique.fr\/clg-diamant\/wp-json\/wp\/v2\/users\/125"}],"replies":[{"embeddable":true,"href":"https:\/\/site.ac-martinique.fr\/clg-diamant\/wp-json\/wp\/v2\/comments?post=2143"}],"version-history":[{"count":12,"href":"https:\/\/site.ac-martinique.fr\/clg-diamant\/wp-json\/wp\/v2\/pages\/2143\/revisions"}],"predecessor-version":[{"id":3022,"href":"https:\/\/site.ac-martinique.fr\/clg-diamant\/wp-json\/wp\/v2\/pages\/2143\/revisions\/3022"}],"wp:attachment":[{"href":"https:\/\/site.ac-martinique.fr\/clg-diamant\/wp-json\/wp\/v2\/media?parent=2143"}],"curies":[{"name":"wp","href":"https:\/\/api.w.org\/{rel}","templated":true}]}}