{"id":2399,"date":"2024-06-25T15:50:02","date_gmt":"2024-06-25T19:50:02","guid":{"rendered":"https:\/\/site.ac-martinique.fr\/clg-diamant\/?page_id=2399"},"modified":"2025-11-04T11:04:30","modified_gmt":"2025-11-04T15:04:30","slug":"web-radio-ulis","status":"publish","type":"page","link":"https:\/\/site.ac-martinique.fr\/clg-diamant\/web-radio-ulis\/","title":{"rendered":"Golf, Ann\u00e9e Olympique"},"content":{"rendered":"\n<div class=\"wp-block-media-text is-stacked-on-mobile\" style=\"grid-template-columns:45% auto\"><figure class=\"wp-block-media-text__media\"><img loading=\"lazy\" decoding=\"async\" width=\"1024\" height=\"768\" src=\"https:\/\/site.ac-martinique.fr\/clg-diamant\/wp-content\/uploads\/sites\/52\/2024\/06\/inter-seraline-1024x768.jpg\" alt=\"\" class=\"wp-image-2407 size-full\" srcset=\"https:\/\/site.ac-martinique.fr\/clg-diamant\/wp-content\/uploads\/sites\/52\/2024\/06\/inter-seraline-1024x768.jpg 1024w, https:\/\/site.ac-martinique.fr\/clg-diamant\/wp-content\/uploads\/sites\/52\/2024\/06\/inter-seraline-300x225.jpg 300w, https:\/\/site.ac-martinique.fr\/clg-diamant\/wp-content\/uploads\/sites\/52\/2024\/06\/inter-seraline.jpg 1500w\" sizes=\"auto, (max-width: 1024px) 100vw, 1024px\" \/><\/figure><div class=\"wp-block-media-text__content\">\n<p>\u00ab&nbsp;Mes idoles, Charlie SIFFORD et Tiger WOODS&nbsp;\u00bb<\/p>\n\n\n\n<p>Le 7 juin 2024, dans le cadre du projet \u00ab&nbsp;Golf&nbsp;: ann\u00e9e olympique&nbsp;\u00bb, les \u00e9l\u00e8ves du groupe ULIS ont interview\u00e9 le golfeur, Bertrand S\u00c9RALINE, 7 fois champion de golf.<\/p>\n<\/div><\/div>\n\n\n\n<figure class=\"wp-block-audio\"><audio controls src=\"https:\/\/site.ac-martinique.fr\/clg-diamant\/wp-content\/uploads\/sites\/52\/2024\/06\/Bertrand-Seraline-2.mp3\"><\/audio><\/figure>\n\n\n\n<div class=\"wp-block-media-text is-stacked-on-mobile\" style=\"grid-template-columns:30% auto\"><figure class=\"wp-block-media-text__media\"><img loading=\"lazy\" decoding=\"async\" width=\"768\" height=\"1024\" src=\"https:\/\/site.ac-martinique.fr\/clg-diamant\/wp-content\/uploads\/sites\/52\/2024\/06\/prof-768x1024.jpg\" alt=\"\" class=\"wp-image-2416 size-full\" srcset=\"https:\/\/site.ac-martinique.fr\/clg-diamant\/wp-content\/uploads\/sites\/52\/2024\/06\/prof-768x1024.jpg 768w, https:\/\/site.ac-martinique.fr\/clg-diamant\/wp-content\/uploads\/sites\/52\/2024\/06\/prof-225x300.jpg 225w, https:\/\/site.ac-martinique.fr\/clg-diamant\/wp-content\/uploads\/sites\/52\/2024\/06\/prof.jpg 1125w\" sizes=\"auto, (max-width: 768px) 100vw, 768px\" \/><\/figure><div class=\"wp-block-media-text__content\">\n<p>\u00ab&nbsp;C\u2019est la passion qui m\u2019anime\u2026&nbsp;\u00bb<\/p>\n\n\n\n<p>Le 13 juin 2024, toujours dans le cadre du projet \u00ab&nbsp;Golf, ann\u00e9e olympique&nbsp;\u00bb, les \u00e9l\u00e8ves du Groupe ULIS \u00e9changent avec L\u00e9on Cosmon, leur professeur de Golf. C\u2019\u00e9tait l\u2019occasion d\u2019en savoir plus sur le m\u00e9tier de professeur de Golf et d\u2019\u00e9valuer leur parcours pendant l\u2019ann\u00e9e.<\/p>\n<\/div><\/div>\n\n\n\n<figure class=\"wp-block-audio\"><audio controls src=\"https:\/\/site.ac-martinique.fr\/clg-diamant\/wp-content\/uploads\/sites\/52\/2024\/06\/prof-de-golf-2.mp3\"><\/audio><\/figure>\n","protected":false},"excerpt":{"rendered":"<p>\u00ab&nbsp;Mes idoles, Charlie SIFFORD et Tiger WOODS&nbsp;\u00bb Le 7 juin 2024, dans le cadre du projet \u00ab&nbsp;Golf&nbsp;: ann\u00e9e olympique&nbsp;\u00bb, les \u00e9l\u00e8ves du groupe ULIS ont interview\u00e9 le golfeur, Bertrand S\u00c9RALINE, 7 fois champion de golf. \u00ab&nbsp;C\u2019est la passion qui m\u2019anime\u2026&nbsp;\u00bb Le 13 juin 2024, toujours dans le cadre du projet \u00ab&nbsp;Golf, ann\u00e9e olympique&nbsp;\u00bb, les \u00e9l\u00e8ves &hellip; <\/p>\n<p class=\"link-more\"><a href=\"https:\/\/site.ac-martinique.fr\/clg-diamant\/web-radio-ulis\/\" class=\"more-link\">Lire la suite de<span class=\"screen-reader-text\">\u00ab\u00a0Golf, Ann\u00e9e Olympique\u00a0\u00bb<\/span><\/a><\/p>\n","protected":false},"author":125,"featured_media":0,"parent":0,"menu_order":0,"comment_status":"closed","ping_status":"closed","template":"","meta":{"inspiro_hide_title":false,"footnotes":""},"class_list":["post-2399","page","type-page","status-publish","hentry"],"_links":{"self":[{"href":"https:\/\/site.ac-martinique.fr\/clg-diamant\/wp-json\/wp\/v2\/pages\/2399","targetHints":{"allow":["GET"]}}],"collection":[{"href":"https:\/\/site.ac-martinique.fr\/clg-diamant\/wp-json\/wp\/v2\/pages"}],"about":[{"href":"https:\/\/site.ac-martinique.fr\/clg-diamant\/wp-json\/wp\/v2\/types\/page"}],"author":[{"embeddable":true,"href":"https:\/\/site.ac-martinique.fr\/clg-diamant\/wp-json\/wp\/v2\/users\/125"}],"replies":[{"embeddable":true,"href":"https:\/\/site.ac-martinique.fr\/clg-diamant\/wp-json\/wp\/v2\/comments?post=2399"}],"version-history":[{"count":7,"href":"https:\/\/site.ac-martinique.fr\/clg-diamant\/wp-json\/wp\/v2\/pages\/2399\/revisions"}],"predecessor-version":[{"id":2804,"href":"https:\/\/site.ac-martinique.fr\/clg-diamant\/wp-json\/wp\/v2\/pages\/2399\/revisions\/2804"}],"wp:attachment":[{"href":"https:\/\/site.ac-martinique.fr\/clg-diamant\/wp-json\/wp\/v2\/media?parent=2399"}],"curies":[{"name":"wp","href":"https:\/\/api.w.org\/{rel}","templated":true}]}}