{"id":2508,"date":"2025-03-19T12:51:48","date_gmt":"2025-03-19T16:51:48","guid":{"rendered":"https:\/\/site.ac-martinique.fr\/clg-diamant\/?page_id=2508"},"modified":"2025-03-19T12:51:49","modified_gmt":"2025-03-19T16:51:49","slug":"web-radio-ni-chaine-ni-maitre","status":"publish","type":"page","link":"https:\/\/site.ac-martinique.fr\/clg-diamant\/web-radio-ni-chaine-ni-maitre\/","title":{"rendered":"Web radio: \u00ab\u00a0Ni chaine, ni ma\u00eetre\u00a0\u00bb"},"content":{"rendered":"\n<div class=\"wp-block-media-text is-stacked-on-mobile\"><figure class=\"wp-block-media-text__media\"><img loading=\"lazy\" decoding=\"async\" width=\"503\" height=\"232\" src=\"https:\/\/site.ac-martinique.fr\/clg-diamant\/wp-content\/uploads\/sites\/52\/2024\/04\/logo-teen-diams-2-1.png\" alt=\"\" class=\"wp-image-2149 size-full\" srcset=\"https:\/\/site.ac-martinique.fr\/clg-diamant\/wp-content\/uploads\/sites\/52\/2024\/04\/logo-teen-diams-2-1.png 503w, https:\/\/site.ac-martinique.fr\/clg-diamant\/wp-content\/uploads\/sites\/52\/2024\/04\/logo-teen-diams-2-1-300x138.png 300w\" sizes=\"auto, (max-width: 503px) 100vw, 503px\" \/><\/figure><div class=\"wp-block-media-text__content\">\n<p>Les \u00e9l\u00e8ves de 4C ont mis en place une web radio suite \u00e0 la projection du Film \u00a0\u00bb Ni chaine, ni ma\u00eetre\u00a0\u00bb afin de partager avec vous, leurs commentaires et impressions.<\/p>\n<\/div><\/div>\n\n\n\n<figure class=\"wp-block-audio\"><audio controls src=\"https:\/\/site.ac-martinique.fr\/clg-diamant\/wp-content\/uploads\/sites\/52\/2025\/03\/emission-RDM.wav\"><\/audio><\/figure>\n\n\n\n<p><\/p>\n","protected":false},"excerpt":{"rendered":"<p>Les \u00e9l\u00e8ves de 4C ont mis en place une web radio suite \u00e0 la projection du Film \u00a0\u00bb Ni chaine, ni ma\u00eetre\u00a0\u00bb afin de partager avec vous, leurs commentaires et impressions.<\/p>\n","protected":false},"author":125,"featured_media":0,"parent":0,"menu_order":0,"comment_status":"closed","ping_status":"closed","template":"","meta":{"inspiro_hide_title":false,"footnotes":""},"class_list":["post-2508","page","type-page","status-publish","hentry"],"_links":{"self":[{"href":"https:\/\/site.ac-martinique.fr\/clg-diamant\/wp-json\/wp\/v2\/pages\/2508","targetHints":{"allow":["GET"]}}],"collection":[{"href":"https:\/\/site.ac-martinique.fr\/clg-diamant\/wp-json\/wp\/v2\/pages"}],"about":[{"href":"https:\/\/site.ac-martinique.fr\/clg-diamant\/wp-json\/wp\/v2\/types\/page"}],"author":[{"embeddable":true,"href":"https:\/\/site.ac-martinique.fr\/clg-diamant\/wp-json\/wp\/v2\/users\/125"}],"replies":[{"embeddable":true,"href":"https:\/\/site.ac-martinique.fr\/clg-diamant\/wp-json\/wp\/v2\/comments?post=2508"}],"version-history":[{"count":1,"href":"https:\/\/site.ac-martinique.fr\/clg-diamant\/wp-json\/wp\/v2\/pages\/2508\/revisions"}],"predecessor-version":[{"id":2509,"href":"https:\/\/site.ac-martinique.fr\/clg-diamant\/wp-json\/wp\/v2\/pages\/2508\/revisions\/2509"}],"wp:attachment":[{"href":"https:\/\/site.ac-martinique.fr\/clg-diamant\/wp-json\/wp\/v2\/media?parent=2508"}],"curies":[{"name":"wp","href":"https:\/\/api.w.org\/{rel}","templated":true}]}}