{"id":2830,"date":"2026-01-23T12:32:46","date_gmt":"2026-01-23T16:32:46","guid":{"rendered":"https:\/\/site.ac-martinique.fr\/clg-diamant\/?page_id=2830"},"modified":"2026-01-23T12:40:09","modified_gmt":"2026-01-23T16:40:09","slug":"mission-et-valeurs","status":"publish","type":"page","link":"https:\/\/site.ac-martinique.fr\/clg-diamant\/mission-et-valeurs\/","title":{"rendered":"Mission et valeurs"},"content":{"rendered":"\n<div class=\"wp-block-media-text has-media-on-the-right is-stacked-on-mobile\" style=\"grid-template-columns:auto 44%\"><div class=\"wp-block-media-text__content\">\n<p><strong>Mission :<\/strong><br>Accompagner chaque \u00e9l\u00e8ve dans son d\u00e9veloppement personnel et scolaire en lui offrant une \u00e9ducation de qualit\u00e9. L\u2019objectif est de favoriser son \u00e9panouissement, de soutenir la poursuite de ses apprentissages et de l\u2019encourager \u00e0 devenir un citoyen responsable et engag\u00e9.<\/p>\n\n\n\n<p><strong>Valeurs de la R\u00e9publique :<\/strong><br>Cette \u00e9ducation repose sur les principes fondamentaux de la R\u00e9publique, en particulier la la\u00efcit\u00e9, le respect des droits et devoirs de chacun, et la promotion de l\u2019\u00e9galit\u00e9, de la libert\u00e9 et de la fraternit\u00e9. Elle vise \u00e0 former des individus conscients de leurs responsabilit\u00e9s envers la soci\u00e9t\u00e9 et capables de vivre ensemble dans le respect mutuel.<\/p>\n<\/div><figure class=\"wp-block-media-text__media\"><img loading=\"lazy\" decoding=\"async\" width=\"1024\" height=\"683\" src=\"https:\/\/site.ac-martinique.fr\/clg-diamant\/wp-content\/uploads\/sites\/52\/2026\/01\/4d0e5acf-661d-4cce-801b-a2175355b7aa-1024x683.png\" alt=\"\" class=\"wp-image-2832 size-full\" srcset=\"https:\/\/site.ac-martinique.fr\/clg-diamant\/wp-content\/uploads\/sites\/52\/2026\/01\/4d0e5acf-661d-4cce-801b-a2175355b7aa-1024x683.png 1024w, https:\/\/site.ac-martinique.fr\/clg-diamant\/wp-content\/uploads\/sites\/52\/2026\/01\/4d0e5acf-661d-4cce-801b-a2175355b7aa-300x200.png 300w, https:\/\/site.ac-martinique.fr\/clg-diamant\/wp-content\/uploads\/sites\/52\/2026\/01\/4d0e5acf-661d-4cce-801b-a2175355b7aa.png 1536w\" sizes=\"auto, (max-width: 1024px) 100vw, 1024px\" \/><\/figure><\/div>\n\n\n\n<p><\/p>\n","protected":false},"excerpt":{"rendered":"<p>Mission :Accompagner chaque \u00e9l\u00e8ve dans son d\u00e9veloppement personnel et scolaire en lui offrant une \u00e9ducation de qualit\u00e9. L\u2019objectif est de favoriser son \u00e9panouissement, de soutenir la poursuite de ses apprentissages et de l\u2019encourager \u00e0 devenir un citoyen responsable et engag\u00e9. Valeurs de la R\u00e9publique :Cette \u00e9ducation repose sur les principes fondamentaux de la R\u00e9publique, en &hellip; <\/p>\n<p class=\"link-more\"><a href=\"https:\/\/site.ac-martinique.fr\/clg-diamant\/mission-et-valeurs\/\" class=\"more-link\">Lire la suite de<span class=\"screen-reader-text\">\u00ab\u00a0Mission et valeurs\u00a0\u00bb<\/span><\/a><\/p>\n","protected":false},"author":587,"featured_media":2834,"parent":0,"menu_order":0,"comment_status":"closed","ping_status":"closed","template":"","meta":{"inspiro_hide_title":false,"footnotes":""},"class_list":["post-2830","page","type-page","status-publish","has-post-thumbnail","hentry"],"_links":{"self":[{"href":"https:\/\/site.ac-martinique.fr\/clg-diamant\/wp-json\/wp\/v2\/pages\/2830","targetHints":{"allow":["GET"]}}],"collection":[{"href":"https:\/\/site.ac-martinique.fr\/clg-diamant\/wp-json\/wp\/v2\/pages"}],"about":[{"href":"https:\/\/site.ac-martinique.fr\/clg-diamant\/wp-json\/wp\/v2\/types\/page"}],"author":[{"embeddable":true,"href":"https:\/\/site.ac-martinique.fr\/clg-diamant\/wp-json\/wp\/v2\/users\/587"}],"replies":[{"embeddable":true,"href":"https:\/\/site.ac-martinique.fr\/clg-diamant\/wp-json\/wp\/v2\/comments?post=2830"}],"version-history":[{"count":1,"href":"https:\/\/site.ac-martinique.fr\/clg-diamant\/wp-json\/wp\/v2\/pages\/2830\/revisions"}],"predecessor-version":[{"id":2833,"href":"https:\/\/site.ac-martinique.fr\/clg-diamant\/wp-json\/wp\/v2\/pages\/2830\/revisions\/2833"}],"wp:featuredmedia":[{"embeddable":true,"href":"https:\/\/site.ac-martinique.fr\/clg-diamant\/wp-json\/wp\/v2\/media\/2834"}],"wp:attachment":[{"href":"https:\/\/site.ac-martinique.fr\/clg-diamant\/wp-json\/wp\/v2\/media?parent=2830"}],"curies":[{"name":"wp","href":"https:\/\/api.w.org\/{rel}","templated":true}]}}