{"id":2835,"date":"2026-01-23T14:51:05","date_gmt":"2026-01-23T18:51:05","guid":{"rendered":"https:\/\/site.ac-martinique.fr\/clg-diamant\/?page_id=2835"},"modified":"2026-02-04T13:18:51","modified_gmt":"2026-02-04T17:18:51","slug":"nos-equipes","status":"publish","type":"page","link":"https:\/\/site.ac-martinique.fr\/clg-diamant\/nos-equipes\/","title":{"rendered":"Nos \u00e9quipes"},"content":{"rendered":"\n<div class=\"wp-block-columns is-layout-flex wp-container-core-columns-is-layout-d0b3c9c8 wp-block-columns-is-layout-flex\">\n<div class=\"wp-block-column is-layout-flow wp-block-column-is-layout-flow\">\n<p class=\"has-text-align-left\"><strong><strong><mark style=\"background-color:rgba(0, 0, 0, 0);color:#0064a2\" class=\"has-inline-color\">EQUIPE ADMINISTRATION<\/mark><\/strong><\/strong><br><strong>Mme LARENEY => Principale<\/strong><br>\u2013 Mme THEODOSE => Secr\u00e9taire d\u2019administration<br><br><strong>Mme HENRIETTE => Secr\u00e9taire g\u00e9n\u00e9rale<\/strong><br>\u2013 Mme OZIER LAFONTAINE => Secr\u00e9taire de gestion<br><br><strong><strong><mark style=\"background-color:rgba(0, 0, 0, 0);color:#0064a2\" class=\"has-inline-color\">EQUIPE VIE SCOLAIRE<\/mark><\/strong><\/strong><br><strong>Mme CHALONEC => CPE<\/strong><br>\u2013 10 Surveillants <strong>=>\u00a0<\/strong>Assistant d&rsquo;\u00e9ducation<br>\u2013 AED Tech. de l&rsquo;information et Communication<br><br><strong><mark style=\"background-color:rgba(0, 0, 0, 0);color:#0064a2\" class=\"has-inline-color\">EQUIPE DOCUMENTALISTE<\/mark><\/strong><br><strong>Mme SAINT-AIME => Professeur documentaliste<\/strong><br><br><strong><mark style=\"background-color:rgba(0, 0, 0, 0);color:#0064a2\" class=\"has-inline-color\">EQUIPE ULIS<\/mark><\/strong><br><strong>Mme DISPAGNE => Professeur ULIS<\/strong><br><br><strong><mark style=\"background-color:rgba(0, 0, 0, 0);color:#0064a2\" class=\"has-inline-color\">EQUIPE PSYEN<\/mark><\/strong><br><strong>Mme ELIE => Psychologue de l&rsquo;\u00e9du. nationale<\/strong><\/p>\n\n\n\n<p><strong><mark style=\"background-color:rgba(0, 0, 0, 0);color:#0064a2\" class=\"has-inline-color\">EQUIPE SANTE-SOCIALE<\/mark><\/strong><br><strong>Mme CYPRIENNE =&gt; Infirmi\u00e8re<\/strong><br><strong>Mme FOUMOU =&gt; Assistante sociale<\/strong><br><br><\/p>\n<\/div>\n\n\n\n<div class=\"wp-block-column is-layout-flow wp-block-column-is-layout-flow\">\n<p><strong><mark style=\"background-color:rgba(0, 0, 0, 0);color:#0064a2\" class=\"has-inline-color\">EQUIPE PEDAGOGIQUE PRF. REFERENT<\/mark><\/strong><br><strong>Mme NARAYADOU =&gt;Professeur r\u00e9f\u00e9rent<\/strong><br><br><strong><mark style=\"background-color:rgba(0, 0, 0, 0);color:#0064a2\" class=\"has-inline-color\">EQUIPE PEDAGOGIQUE<\/mark><\/strong><br>=&gt; Professeur ARTS PLASTIQUES<br>=&gt; Professeur E. P. S<br>=&gt; Professeur EDU MUSICALE<br>=&gt; Professeur HIST. GEO.<br>=&gt; Professeur LET. MODERNES<br>=&gt; Professeur LET. CLASSIQUES<br>=&gt; Professeur LV1 ANGLAIS<br>=&gt; Professeur LV2 ESPAGNOL<br>=&gt; Professeur MATHEMATIQUES<br>=&gt; Professeur PHY.CHIMIE<br>=&gt; Professeur S. V. T.<br>=&gt; Professeur TECHNOLOGIE<\/p>\n\n\n\n<p><strong><mark style=\"background-color:rgba(0, 0, 0, 0);color:#0064a2\" class=\"has-inline-color\">EQUIPE AESH<\/mark><\/strong><br>\u2013 10 Accompagnants <strong>=&gt;&nbsp;<\/strong>AESH<br><br><strong><mark style=\"background-color:rgba(0, 0, 0, 0);color:#0064a2\" class=\"has-inline-color\">EQUIPE ATTEE<\/mark><\/strong><br><strong>M. ROSE =&gt; Agent chef<\/strong><br>\u2013 14 Techniciens =&gt; ATTEE<br><\/p>\n<\/div>\n<\/div>\n","protected":false},"excerpt":{"rendered":"<p>EQUIPE ADMINISTRATIONMme LARENEY => Principale\u2013 Mme THEODOSE => Secr\u00e9taire d\u2019administration Mme HENRIETTE => Secr\u00e9taire g\u00e9n\u00e9rale\u2013 Mme OZIER LAFONTAINE => Secr\u00e9taire de gestion EQUIPE VIE SCOLAIREMme CHALONEC => CPE\u2013 10 Surveillants =>\u00a0Assistant d&rsquo;\u00e9ducation\u2013 AED Tech. de l&rsquo;information et Communication EQUIPE DOCUMENTALISTEMme SAINT-AIME => Professeur documentaliste EQUIPE ULISMme DISPAGNE => Professeur ULIS EQUIPE PSYENMme ELIE => Psychologue &hellip; <\/p>\n<p class=\"link-more\"><a href=\"https:\/\/site.ac-martinique.fr\/clg-diamant\/nos-equipes\/\" class=\"more-link\">Lire la suite de<span class=\"screen-reader-text\">\u00ab\u00a0Nos \u00e9quipes\u00a0\u00bb<\/span><\/a><\/p>\n","protected":false},"author":587,"featured_media":2852,"parent":0,"menu_order":0,"comment_status":"closed","ping_status":"closed","template":"","meta":{"inspiro_hide_title":false,"footnotes":""},"class_list":["post-2835","page","type-page","status-publish","has-post-thumbnail","hentry"],"_links":{"self":[{"href":"https:\/\/site.ac-martinique.fr\/clg-diamant\/wp-json\/wp\/v2\/pages\/2835","targetHints":{"allow":["GET"]}}],"collection":[{"href":"https:\/\/site.ac-martinique.fr\/clg-diamant\/wp-json\/wp\/v2\/pages"}],"about":[{"href":"https:\/\/site.ac-martinique.fr\/clg-diamant\/wp-json\/wp\/v2\/types\/page"}],"author":[{"embeddable":true,"href":"https:\/\/site.ac-martinique.fr\/clg-diamant\/wp-json\/wp\/v2\/users\/587"}],"replies":[{"embeddable":true,"href":"https:\/\/site.ac-martinique.fr\/clg-diamant\/wp-json\/wp\/v2\/comments?post=2835"}],"version-history":[{"count":21,"href":"https:\/\/site.ac-martinique.fr\/clg-diamant\/wp-json\/wp\/v2\/pages\/2835\/revisions"}],"predecessor-version":[{"id":2968,"href":"https:\/\/site.ac-martinique.fr\/clg-diamant\/wp-json\/wp\/v2\/pages\/2835\/revisions\/2968"}],"wp:featuredmedia":[{"embeddable":true,"href":"https:\/\/site.ac-martinique.fr\/clg-diamant\/wp-json\/wp\/v2\/media\/2852"}],"wp:attachment":[{"href":"https:\/\/site.ac-martinique.fr\/clg-diamant\/wp-json\/wp\/v2\/media?parent=2835"}],"curies":[{"name":"wp","href":"https:\/\/api.w.org\/{rel}","templated":true}]}}