{"id":2854,"date":"2026-01-26T13:55:34","date_gmt":"2026-01-26T17:55:34","guid":{"rendered":"https:\/\/site.ac-martinique.fr\/clg-diamant\/?page_id=2854"},"modified":"2026-02-06T15:10:47","modified_gmt":"2026-02-06T19:10:47","slug":"notre-histoire","status":"publish","type":"page","link":"https:\/\/site.ac-martinique.fr\/clg-diamant\/notre-histoire\/","title":{"rendered":"Notre histoire"},"content":{"rendered":"\n<div class=\"wp-block-media-text is-stacked-on-mobile is-vertically-aligned-center is-style-default\" style=\"grid-template-columns:38% auto\"><figure class=\"wp-block-media-text__media\"><img loading=\"lazy\" decoding=\"async\" width=\"1024\" height=\"584\" src=\"https:\/\/site.ac-martinique.fr\/clg-diamant\/wp-content\/uploads\/sites\/52\/2026\/01\/ancien-college-e1769446643624-1024x584.jpg\" alt=\"\" class=\"wp-image-2855 size-full\" srcset=\"https:\/\/site.ac-martinique.fr\/clg-diamant\/wp-content\/uploads\/sites\/52\/2026\/01\/ancien-college-e1769446643624-1024x584.jpg 1024w, https:\/\/site.ac-martinique.fr\/clg-diamant\/wp-content\/uploads\/sites\/52\/2026\/01\/ancien-college-e1769446643624-300x171.jpg 300w, https:\/\/site.ac-martinique.fr\/clg-diamant\/wp-content\/uploads\/sites\/52\/2026\/01\/ancien-college-e1769446643624-768x438.jpg 768w, https:\/\/site.ac-martinique.fr\/clg-diamant\/wp-content\/uploads\/sites\/52\/2026\/01\/ancien-college-e1769446643624.jpg 1184w\" sizes=\"auto, (max-width: 1024px) 100vw, 1024px\" \/><\/figure><div class=\"wp-block-media-text__content\">\n<p class=\"has-text-align-left\">Le <strong>Coll\u00e8ge du Diamant<\/strong> a \u00e9t\u00e9 cr\u00e9\u00e9 le <strong>25 novembre 1965<\/strong>. C\u2019est \u00e0 cette date que l\u2019\u00e9tablissement a ouvert ses portes pour accueillir les jeunes de la commune et des alentours dans le cadre de l\u2019enseignement secondaire de premier degr\u00e9 (coll\u00e8ge, de la 6\u1d49 \u00e0 la 3\u1d49).<br><br>Tout au long de son histoire, le coll\u00e8ge a \u00e9t\u00e9 un lieu essentiel d\u2019\u00e9ducation pour des g\u00e9n\u00e9rations de jeunes diamantinois\u00b7es, offrant les cours et programmes du syst\u00e8me \u00e9ducatif (fran\u00e7ais, math\u00e9matiques, langues vivantes, sciences, histoire-g\u00e9ographie\u2026). <\/p>\n<\/div><\/div>\n\n\n\n<div class=\"wp-block-media-text is-stacked-on-mobile\" style=\"grid-template-columns:38% auto\"><figure class=\"wp-block-media-text__media\"><img loading=\"lazy\" decoding=\"async\" width=\"300\" height=\"182\" src=\"https:\/\/site.ac-martinique.fr\/clg-diamant\/wp-content\/uploads\/sites\/52\/2015\/04\/Clg9720035F_1-e1769447640206.jpg\" alt=\"\" class=\"wp-image-322 size-full\"\/><\/figure><div class=\"wp-block-media-text__content\">\n<p><br>Il est aussi un lieu de vie scolaire dynamique : projets p\u00e9dagogiques, sorties \u00e9ducatives, activit\u00e9s artistiques et cultures scolaires rythment les ann\u00e9es d\u2019enseignement sur place.<br>Au fil des d\u00e9cennies, l\u2019\u00e9tablissement s\u2019est structur\u00e9 et modernis\u00e9 pour s\u2019adapter aux \u00e9volutions de l\u2019\u00c9ducation nationale et des besoins des \u00e9l\u00e8ves. <br><br><strong>C&rsquo;est en 2006 que de nouveaux b\u00e2timents ont \u00e9t\u00e9 construit<\/strong> sur les hauteurs du bourg. Il dispose d\u00e9sormais de services tels que la restauration scolaire, des dispositifs p\u00e9dagogiques vari\u00e9s et des projets \u00e9ducatifs int\u00e9gr\u00e9s dans la vie de la communaut\u00e9 scolaire.<\/p>\n<\/div><\/div>\n\n\n\n<div class=\"wp-block-media-text is-stacked-on-mobile\" style=\"grid-template-columns:38% auto\"><figure class=\"wp-block-media-text__media\"><img loading=\"lazy\" decoding=\"async\" width=\"1000\" height=\"736\" src=\"https:\/\/site.ac-martinique.fr\/clg-diamant\/wp-content\/uploads\/sites\/52\/2026\/01\/image-1.jpg\" alt=\"\" class=\"wp-image-2856 size-full\" srcset=\"https:\/\/site.ac-martinique.fr\/clg-diamant\/wp-content\/uploads\/sites\/52\/2026\/01\/image-1.jpg 1000w, https:\/\/site.ac-martinique.fr\/clg-diamant\/wp-content\/uploads\/sites\/52\/2026\/01\/image-1-300x221.jpg 300w\" sizes=\"auto, (max-width: 1000px) 100vw, 1000px\" \/><\/figure><div class=\"wp-block-media-text__content\">\n<p><br>En 2022, la Collectivit\u00e9 Territoriale de Martinique a vot\u00e9, lors d\u2019une s\u00e9ance pl\u00e9ni\u00e8re du 28 juillet 2022, le changement de nom de l\u2019\u00e9tablissement.<br>\u00c0 partir de <strong>mars 2023<\/strong>, le coll\u00e8ge a officiellement pris le nom de <strong>\u00ab Coll\u00e8ge Jane Nardal \u00bb<\/strong> en hommage \u00e0 <strong>Jeanne Esp\u00e9rance Pierre Marguerite <em>Jane<\/em> Nardal<\/strong>, femme de lettres, enseignante, philosophe et pionni\u00e8re du mouvement de la <strong>n\u00e9gritude<\/strong> n\u00e9e en Martinique.<\/p>\n\n\n\n<p>Cet hommage vise \u00e0 mettre en valeur une figure intellectuelle martiniquaise importante, symbole d\u2019affirmation culturelle et de lutte pour la dignit\u00e9 et l\u2019identit\u00e9 noire.<br><br><br><\/p>\n<\/div><\/div>\n\n\n\n<div class=\"wp-block-media-text is-stacked-on-mobile\" style=\"grid-template-columns:38% auto\"><figure class=\"wp-block-media-text__media\"><img loading=\"lazy\" decoding=\"async\" width=\"1024\" height=\"614\" src=\"https:\/\/site.ac-martinique.fr\/clg-diamant\/wp-content\/uploads\/sites\/52\/2024\/06\/cropped-1000040081-scaled-1-1024x614.jpg\" alt=\"\" class=\"wp-image-2341 size-full\" srcset=\"https:\/\/site.ac-martinique.fr\/clg-diamant\/wp-content\/uploads\/sites\/52\/2024\/06\/cropped-1000040081-scaled-1-1024x614.jpg 1024w, https:\/\/site.ac-martinique.fr\/clg-diamant\/wp-content\/uploads\/sites\/52\/2024\/06\/cropped-1000040081-scaled-1-300x180.jpg 300w, https:\/\/site.ac-martinique.fr\/clg-diamant\/wp-content\/uploads\/sites\/52\/2024\/06\/cropped-1000040081-scaled-1.jpg 2000w\" sizes=\"auto, (max-width: 1024px) 100vw, 1024px\" \/><\/figure><div class=\"wp-block-media-text__content\">\n<p><br>Le <strong>Coll\u00e8ge Jane Nardal<\/strong> continue d\u2019accueillir des \u00e9l\u00e8ves de la 6\u1d49 \u00e0 la 3\u1d49 avec un large \u00e9ventail d\u2019activit\u00e9s, de projets p\u00e9dagogiques et d\u2019engagements citoyens.<\/p>\n\n\n\n<p>C\u2019est l\u2019unique coll\u00e8ge public de la commune du Diamant, jouant toujours un r\u00f4le central dans l\u2019\u00e9ducation et la vie de la jeunesse locale.<\/p>\n\n\n\n<p><br><\/p>\n\n\n\n<p><br><\/p>\n<\/div><\/div>\n\n\n\n<figure class=\"wp-block-image size-large is-resized\"><a href=\"https:\/\/site.ac-martinique.fr\/clg-diamant\/wp-content\/uploads\/sites\/52\/2023\/11\/20231018_082233-scaled.jpg\"><img loading=\"lazy\" decoding=\"async\" width=\"1024\" height=\"461\" src=\"https:\/\/site.ac-martinique.fr\/clg-diamant\/wp-content\/uploads\/sites\/52\/2023\/11\/20231018_082233-1024x461.jpg\" alt=\"\" class=\"wp-image-1918\" style=\"aspect-ratio:2.221324872608403;width:1092px;height:auto\" srcset=\"https:\/\/site.ac-martinique.fr\/clg-diamant\/wp-content\/uploads\/sites\/52\/2023\/11\/20231018_082233-1024x461.jpg 1024w, https:\/\/site.ac-martinique.fr\/clg-diamant\/wp-content\/uploads\/sites\/52\/2023\/11\/20231018_082233-300x135.jpg 300w, https:\/\/site.ac-martinique.fr\/clg-diamant\/wp-content\/uploads\/sites\/52\/2023\/11\/20231018_082233-768x346.jpg 768w, https:\/\/site.ac-martinique.fr\/clg-diamant\/wp-content\/uploads\/sites\/52\/2023\/11\/20231018_082233-1536x691.jpg 1536w, https:\/\/site.ac-martinique.fr\/clg-diamant\/wp-content\/uploads\/sites\/52\/2023\/11\/20231018_082233-2048x922.jpg 2048w, https:\/\/site.ac-martinique.fr\/clg-diamant\/wp-content\/uploads\/sites\/52\/2023\/11\/20231018_082233-scaled-2000x900.jpg 2000w\" sizes=\"auto, (max-width: 1024px) 100vw, 1024px\" \/><\/a><\/figure>\n","protected":false},"excerpt":{"rendered":"<p>Le Coll\u00e8ge du Diamant a \u00e9t\u00e9 cr\u00e9\u00e9 le 25 novembre 1965. C\u2019est \u00e0 cette date que l\u2019\u00e9tablissement a ouvert ses portes pour accueillir les jeunes de la commune et des alentours dans le cadre de l\u2019enseignement secondaire de premier degr\u00e9 (coll\u00e8ge, de la 6\u1d49 \u00e0 la 3\u1d49). Tout au long de son histoire, le coll\u00e8ge &hellip; <\/p>\n<p class=\"link-more\"><a href=\"https:\/\/site.ac-martinique.fr\/clg-diamant\/notre-histoire\/\" class=\"more-link\">Lire la suite de<span class=\"screen-reader-text\">\u00ab\u00a0Notre histoire\u00a0\u00bb<\/span><\/a><\/p>\n","protected":false},"author":587,"featured_media":2984,"parent":0,"menu_order":0,"comment_status":"closed","ping_status":"closed","template":"","meta":{"inspiro_hide_title":false,"footnotes":""},"class_list":["post-2854","page","type-page","status-publish","has-post-thumbnail","hentry"],"_links":{"self":[{"href":"https:\/\/site.ac-martinique.fr\/clg-diamant\/wp-json\/wp\/v2\/pages\/2854","targetHints":{"allow":["GET"]}}],"collection":[{"href":"https:\/\/site.ac-martinique.fr\/clg-diamant\/wp-json\/wp\/v2\/pages"}],"about":[{"href":"https:\/\/site.ac-martinique.fr\/clg-diamant\/wp-json\/wp\/v2\/types\/page"}],"author":[{"embeddable":true,"href":"https:\/\/site.ac-martinique.fr\/clg-diamant\/wp-json\/wp\/v2\/users\/587"}],"replies":[{"embeddable":true,"href":"https:\/\/site.ac-martinique.fr\/clg-diamant\/wp-json\/wp\/v2\/comments?post=2854"}],"version-history":[{"count":16,"href":"https:\/\/site.ac-martinique.fr\/clg-diamant\/wp-json\/wp\/v2\/pages\/2854\/revisions"}],"predecessor-version":[{"id":2960,"href":"https:\/\/site.ac-martinique.fr\/clg-diamant\/wp-json\/wp\/v2\/pages\/2854\/revisions\/2960"}],"wp:featuredmedia":[{"embeddable":true,"href":"https:\/\/site.ac-martinique.fr\/clg-diamant\/wp-json\/wp\/v2\/media\/2984"}],"wp:attachment":[{"href":"https:\/\/site.ac-martinique.fr\/clg-diamant\/wp-json\/wp\/v2\/media?parent=2854"}],"curies":[{"name":"wp","href":"https:\/\/api.w.org\/{rel}","templated":true}]}}