{"id":2954,"date":"2026-02-03T17:43:34","date_gmt":"2026-02-03T21:43:34","guid":{"rendered":"https:\/\/site.ac-martinique.fr\/clg-diamant\/?page_id=2954"},"modified":"2026-02-06T15:06:31","modified_gmt":"2026-02-06T19:06:31","slug":"localisation","status":"publish","type":"page","link":"https:\/\/site.ac-martinique.fr\/clg-diamant\/localisation\/","title":{"rendered":"Localisation"},"content":{"rendered":"\n<div class=\"wp-block-media-text is-stacked-on-mobile\" style=\"grid-template-columns:65% auto\"><figure class=\"wp-block-media-text__media\"><img loading=\"lazy\" decoding=\"async\" width=\"1024\" height=\"629\" src=\"https:\/\/site.ac-martinique.fr\/clg-diamant\/wp-content\/uploads\/sites\/52\/2026\/02\/Capture-decran-2026-02-03-173254-1024x629.png\" alt=\"\" class=\"wp-image-2955 size-full\" srcset=\"https:\/\/site.ac-martinique.fr\/clg-diamant\/wp-content\/uploads\/sites\/52\/2026\/02\/Capture-decran-2026-02-03-173254-1024x629.png 1024w, https:\/\/site.ac-martinique.fr\/clg-diamant\/wp-content\/uploads\/sites\/52\/2026\/02\/Capture-decran-2026-02-03-173254-300x184.png 300w, https:\/\/site.ac-martinique.fr\/clg-diamant\/wp-content\/uploads\/sites\/52\/2026\/02\/Capture-decran-2026-02-03-173254.png 1258w\" sizes=\"auto, (max-width: 1024px) 100vw, 1024px\" \/><\/figure><div class=\"wp-block-media-text__content\">\n<p><strong>Coordonn\u00e9es :<\/strong><\/p>\n\n\n\n<p>Quartier Petits L\u00e9zards &#8211; <br>97223 Le Diamant<\/p>\n\n\n\n<p><strong>T\u00e9l. :&nbsp;<\/strong>0596764398<\/p>\n\n\n\n<p><strong>Email :<\/strong>&nbsp;<a href=\"mailto:  ce.9720035f@ac-martinique.fr\">ce.9720035f@ac-martinique.fr<\/a><\/p>\n\n\n\n<p><strong>Site :<\/strong>\u00a0<a href=\"https:\/\/site.ac-martinique.fr\/clg-diamant\" target=\"_blank\" rel=\"noreferrer noopener\">https:\/\/site.ac-martinique.fr\/clg-diamant<\/a><br><br><br><br><br><br><strong><mark style=\"background-color:#0bb4aa\" class=\"has-inline-color has-primary-color\">Horaires accueil du public<\/mark><\/strong><\/p>\n<\/div><\/div>\n\n\n\n<div class=\"wp-block-columns is-layout-flex wp-container-core-columns-is-layout-d0b3c9c8 wp-block-columns-is-layout-flex\">\n<div class=\"wp-block-column is-layout-flow wp-block-column-is-layout-flow\">\n<p class=\"has-text-align-left\"><strong>Horaires des cours: <\/strong><br>Lundi :        7h30 &#8211; 16h00<br>Mardi :        7h30 &#8211; 16h00<br>Mercredi :   7h30 &#8211; 12h40<br>Jeudi :         7h30 &#8211; 16h00<br>Vendredi :   7h30 &#8211; 16h00<\/p>\n<\/div>\n\n\n\n<div class=\"wp-block-column is-layout-flow wp-block-column-is-layout-flow\">\n<p><strong>Horaires Secr\u00e9tariat g\u00e9n\u00e9ral : <\/strong><br>Lundi :        7h45 &#8211; 12h00 \/ 14h00 &#8211; 16h15<br>Mardi :        7h45 &#8211; 12h00 \/ 14h00 &#8211; 16h15<br>Mercredi :   7h45 &#8211; 12h30<br>Jeudi :         7h45 &#8211; 12h00 \/ 14h00 &#8211; 16h30<br>Vendredi :   7h45 &#8211; 12h30<\/p>\n<\/div>\n\n\n\n<div class=\"wp-block-column is-layout-flow wp-block-column-is-layout-flow\">\n<p>       <strong><strong>Horaires Service de gestion :<\/strong><\/strong>  <br>       Lundi :        7h45 &#8211; 13h00 \/ 14h00 &#8211; 16h30<br>       Mardi :        7h45 &#8211; 11h30 \/ Apr\u00e8s midi sur RDV<br>       Mercredi :   7h45 &#8211; 14h00<br>       Jeudi :         7h45 &#8211; 13h00 \/ 14h00 &#8211; 16h30<br>       Vendredi :   7h45 &#8211; 13h00<\/p>\n<\/div>\n<\/div>\n\n\n\n<p><\/p>\n","protected":false},"excerpt":{"rendered":"<p>Coordonn\u00e9es : Quartier Petits L\u00e9zards &#8211; 97223 Le Diamant T\u00e9l. :&nbsp;0596764398 Email :&nbsp;ce.9720035f@ac-martinique.fr Site :\u00a0https:\/\/site.ac-martinique.fr\/clg-diamant Horaires accueil du public Horaires des cours: Lundi : 7h30 &#8211; 16h00Mardi : 7h30 &#8211; 16h00Mercredi : 7h30 &#8211; 12h40Jeudi : 7h30 &#8211; 16h00Vendredi : 7h30 &#8211; 16h00 Horaires Secr\u00e9tariat g\u00e9n\u00e9ral : Lundi : 7h45 &#8211; 12h00 \/ 14h00 &#8211; &hellip; <\/p>\n<p class=\"link-more\"><a href=\"https:\/\/site.ac-martinique.fr\/clg-diamant\/localisation\/\" class=\"more-link\">Lire la suite de<span class=\"screen-reader-text\">\u00ab\u00a0Localisation\u00a0\u00bb<\/span><\/a><\/p>\n","protected":false},"author":587,"featured_media":2338,"parent":0,"menu_order":0,"comment_status":"closed","ping_status":"closed","template":"","meta":{"inspiro_hide_title":false,"footnotes":""},"class_list":["post-2954","page","type-page","status-publish","has-post-thumbnail","hentry"],"_links":{"self":[{"href":"https:\/\/site.ac-martinique.fr\/clg-diamant\/wp-json\/wp\/v2\/pages\/2954","targetHints":{"allow":["GET"]}}],"collection":[{"href":"https:\/\/site.ac-martinique.fr\/clg-diamant\/wp-json\/wp\/v2\/pages"}],"about":[{"href":"https:\/\/site.ac-martinique.fr\/clg-diamant\/wp-json\/wp\/v2\/types\/page"}],"author":[{"embeddable":true,"href":"https:\/\/site.ac-martinique.fr\/clg-diamant\/wp-json\/wp\/v2\/users\/587"}],"replies":[{"embeddable":true,"href":"https:\/\/site.ac-martinique.fr\/clg-diamant\/wp-json\/wp\/v2\/comments?post=2954"}],"version-history":[{"count":5,"href":"https:\/\/site.ac-martinique.fr\/clg-diamant\/wp-json\/wp\/v2\/pages\/2954\/revisions"}],"predecessor-version":[{"id":2967,"href":"https:\/\/site.ac-martinique.fr\/clg-diamant\/wp-json\/wp\/v2\/pages\/2954\/revisions\/2967"}],"wp:featuredmedia":[{"embeddable":true,"href":"https:\/\/site.ac-martinique.fr\/clg-diamant\/wp-json\/wp\/v2\/media\/2338"}],"wp:attachment":[{"href":"https:\/\/site.ac-martinique.fr\/clg-diamant\/wp-json\/wp\/v2\/media?parent=2954"}],"curies":[{"name":"wp","href":"https:\/\/api.w.org\/{rel}","templated":true}]}}