{"id":3015,"date":"2026-03-19T16:49:03","date_gmt":"2026-03-19T20:49:03","guid":{"rendered":"https:\/\/site.ac-martinique.fr\/clg-diamant\/?page_id=3015"},"modified":"2026-03-19T17:30:19","modified_gmt":"2026-03-19T21:30:19","slug":"martinique-la-2e","status":"publish","type":"page","link":"https:\/\/site.ac-martinique.fr\/clg-diamant\/martinique-la-2e\/","title":{"rendered":"Martinique la 2e"},"content":{"rendered":"\n<div class=\"wp-block-media-text is-stacked-on-mobile\" style=\"grid-template-columns:30% auto\"><figure class=\"wp-block-media-text__media\"><img loading=\"lazy\" decoding=\"async\" width=\"1024\" height=\"683\" src=\"https:\/\/site.ac-martinique.fr\/clg-diamant\/wp-content\/uploads\/sites\/52\/2026\/03\/ChatGPT-Image-19-mars-2026-16_46_52-1024x683.png\" alt=\"\" class=\"wp-image-3021 size-full\" srcset=\"https:\/\/site.ac-martinique.fr\/clg-diamant\/wp-content\/uploads\/sites\/52\/2026\/03\/ChatGPT-Image-19-mars-2026-16_46_52-1024x683.png 1024w, https:\/\/site.ac-martinique.fr\/clg-diamant\/wp-content\/uploads\/sites\/52\/2026\/03\/ChatGPT-Image-19-mars-2026-16_46_52-300x200.png 300w, https:\/\/site.ac-martinique.fr\/clg-diamant\/wp-content\/uploads\/sites\/52\/2026\/03\/ChatGPT-Image-19-mars-2026-16_46_52.png 1536w\" sizes=\"auto, (max-width: 1024px) 100vw, 1024px\" \/><\/figure><div class=\"wp-block-media-text__content\">\n<p>Le projet de la classe de 4A, \u00ab Dans la peau d\u2019un journaliste \u00bb, encadr\u00e9 par le professeur de lettres, Mme POLLISSARD, est l\u2019occasion de toucher du doigt les aspects du m\u00e9tier de journaliste via les diff\u00e9rents m\u00e9dias. Premi\u00e8re \u00e9tape : la Web radio. L\u2019occasion d\u2019\u00e9voquer des th\u00e9matiques d\u2019actualit\u00e9 comme le harc\u00e8lement ou la scolarit\u00e9 des coll\u00e9giens.<\/p>\n<\/div><\/div>\n\n\n\n<figure class=\"wp-block-audio\"><audio controls src=\"https:\/\/site.ac-martinique.fr\/clg-diamant\/wp-content\/uploads\/sites\/52\/2026\/03\/emission-Martinique-la-2e.-2.mp3\"><\/audio><\/figure>\n\n\n\n<p><\/p>\n","protected":false},"excerpt":{"rendered":"<p>Le projet de la classe de 4A, \u00ab Dans la peau d\u2019un journaliste \u00bb, encadr\u00e9 par le professeur de lettres, Mme POLLISSARD, est l\u2019occasion de toucher du doigt les aspects du m\u00e9tier de journaliste via les diff\u00e9rents m\u00e9dias. Premi\u00e8re \u00e9tape : la Web radio. L\u2019occasion d\u2019\u00e9voquer des th\u00e9matiques d\u2019actualit\u00e9 comme le harc\u00e8lement ou la scolarit\u00e9 &hellip; <\/p>\n<p class=\"link-more\"><a href=\"https:\/\/site.ac-martinique.fr\/clg-diamant\/martinique-la-2e\/\" class=\"more-link\">Lire la suite de<span class=\"screen-reader-text\">\u00ab\u00a0Martinique la 2e\u00a0\u00bb<\/span><\/a><\/p>\n","protected":false},"author":587,"featured_media":3039,"parent":0,"menu_order":0,"comment_status":"closed","ping_status":"closed","template":"","meta":{"inspiro_hide_title":false,"footnotes":""},"class_list":["post-3015","page","type-page","status-publish","has-post-thumbnail","hentry"],"_links":{"self":[{"href":"https:\/\/site.ac-martinique.fr\/clg-diamant\/wp-json\/wp\/v2\/pages\/3015","targetHints":{"allow":["GET"]}}],"collection":[{"href":"https:\/\/site.ac-martinique.fr\/clg-diamant\/wp-json\/wp\/v2\/pages"}],"about":[{"href":"https:\/\/site.ac-martinique.fr\/clg-diamant\/wp-json\/wp\/v2\/types\/page"}],"author":[{"embeddable":true,"href":"https:\/\/site.ac-martinique.fr\/clg-diamant\/wp-json\/wp\/v2\/users\/587"}],"replies":[{"embeddable":true,"href":"https:\/\/site.ac-martinique.fr\/clg-diamant\/wp-json\/wp\/v2\/comments?post=3015"}],"version-history":[{"count":1,"href":"https:\/\/site.ac-martinique.fr\/clg-diamant\/wp-json\/wp\/v2\/pages\/3015\/revisions"}],"predecessor-version":[{"id":3023,"href":"https:\/\/site.ac-martinique.fr\/clg-diamant\/wp-json\/wp\/v2\/pages\/3015\/revisions\/3023"}],"wp:featuredmedia":[{"embeddable":true,"href":"https:\/\/site.ac-martinique.fr\/clg-diamant\/wp-json\/wp\/v2\/media\/3039"}],"wp:attachment":[{"href":"https:\/\/site.ac-martinique.fr\/clg-diamant\/wp-json\/wp\/v2\/media?parent=3015"}],"curies":[{"name":"wp","href":"https:\/\/api.w.org\/{rel}","templated":true}]}}